{"id":36770,"date":"2026-03-23T11:13:11","date_gmt":"2026-03-23T11:13:11","guid":{"rendered":"https:\/\/petramresort.com\/slice-congress-hall-ballroom\/"},"modified":"2026-03-27T07:53:34","modified_gmt":"2026-03-27T07:53:34","slug":"slice-congress-hall-ballroom","status":"publish","type":"page","link":"https:\/\/petramresort.com\/sr\/slice-congress-hall-ballroom\/","title":{"rendered":"Slice Congress Hall &amp; Ballroom"},"content":{"rendered":"\t\t<div data-elementor-type=\"wp-page\" data-elementor-id=\"36770\" class=\"elementor elementor-36770 elementor-36608\" data-elementor-post-type=\"page\">\n\t\t\t\t<div class=\"elementor-element elementor-element-2a9de85 e-con-full e-flex e-con e-parent\" data-id=\"2a9de85\" data-element_type=\"container\" data-e-type=\"container\" data-settings=\"{&quot;background_background&quot;:&quot;classic&quot;}\">\n\t\t<div class=\"elementor-element elementor-element-3c10f86 e-con-full e-flex e-con e-child\" data-id=\"3c10f86\" data-element_type=\"container\" data-e-type=\"container\">\n\t\t\t\t<div data-parallax=\"true\" data-parallax-options=\"{&quot;ease&quot;:[&quot;linear&quot;],&quot;start&quot;:&quot;center center&quot;,&quot;end&quot;:&quot;bottom+=0px top&quot;}\" data-parallax-from=\"{&quot;y&quot;:&quot;0px&quot;,&quot;transformOrigin&quot;:&quot;50% 50% 0px&quot;}\" data-parallax-to=\"{&quot;y&quot;:&quot;-60px&quot;,&quot;transformOrigin&quot;:&quot;50% 50% 0px&quot;}\" data-custom-animations=\"true\" data-ca-options=\"{&quot;addChildTimelines&quot;:false,&quot;trigger&quot;:&quot;firstChild&quot;,&quot;animationTarget&quot;:&quot;.lqd-split-lines .lqd-lines .split-inner, .lqd-adv-txt-fig&quot;,&quot;duration&quot;:300,&quot;delay&quot;:40,&quot;ease&quot;:[&quot;power4.out&quot;],&quot;initValues&quot;:{&quot;x&quot;:&quot;-20px&quot;,&quot;rotationX&quot;:10,&quot;opacity&quot;:0,&quot;transformOrigin&quot;:&quot;50% 50% 0px&quot;},&quot;animations&quot;:{&quot;x&quot;:&quot;0px&quot;,&quot;rotationX&quot;:0,&quot;opacity&quot;:1,&quot;transformOrigin&quot;:&quot;50% 50% 0px&quot;}}\" class=\"elementor-element elementor-element-454d146 elementor-widget elementor-widget-hub_fancy_heading lqd-el-has-inner-anim\" data-id=\"454d146\" data-element_type=\"widget\" data-e-type=\"widget\" data-settings=\"{&quot;enable_split&quot;:&quot;true&quot;,&quot;split_type&quot;:&quot;lines&quot;}\" data-widget_type=\"hub_fancy_heading.default\">\n\t\t\t\t<div class=\"elementor-widget-container\">\n\t\t\t\t\t\n\t\t<div id=\"ld-fancy-heading-69d101216f5e1\" class=\"ld-fancy-heading pos-rel\">\n\t\t\t<h1 class=\"ld-fh-element d-inline-block pos-rel  elementor-heading-title lqd-highlight-classic lqd-highlight-grow-left lqd-split-lines h1\"  data-split-text=\"true\" data-split-options='{\"type\":\"lines\"}'> Slice Congress Hall &amp; Ballroom <\/h1>\t\t<\/div>\n\n\t\t\t\t\t\t<\/div>\n\t\t\t\t<\/div>\n\t\t\t\t<\/div>\n\t\t\t\t<\/div>\n\t\t<div class=\"elementor-element elementor-element-238a617 intro_el e-flex e-con-boxed e-con e-parent\" data-id=\"238a617\" data-element_type=\"container\" data-e-type=\"container\" data-settings=\"{&quot;background_background&quot;:&quot;classic&quot;}\">\n\t\t\t\t\t<div class=\"e-con-inner\">\n\t\t\t\t<div data-custom-animations=\"true\" data-ca-options=\"{&quot;addChildTimelines&quot;:false,&quot;trigger&quot;:&quot;firstChild&quot;,&quot;animationTarget&quot;:&quot;:scope &gt; .elementor-widget-container&quot;,&quot;duration&quot;:200,&quot;delay&quot;:20,&quot;ease&quot;:&quot;circ.out&quot;,&quot;initValues&quot;:{&quot;x&quot;:&quot;-10px&quot;,&quot;y&quot;:&quot;30px&quot;,&quot;rotationX&quot;:10,&quot;opacity&quot;:0,&quot;transformOrigin&quot;:&quot;50% 50% 0px&quot;},&quot;animations&quot;:{&quot;x&quot;:&quot;0px&quot;,&quot;y&quot;:&quot;0px&quot;,&quot;rotationX&quot;:0,&quot;opacity&quot;:1,&quot;transformOrigin&quot;:&quot;50% 50% 0px&quot;}}\" class=\"elementor-element elementor-element-80a5fa2 elementor-widget__width-inherit elementor-widget-mobile__width-inherit elementor-widget elementor-widget-hub_fancy_heading\" data-id=\"80a5fa2\" data-element_type=\"widget\" data-e-type=\"widget\" data-widget_type=\"hub_fancy_heading.default\">\n\t\t\t\t<div class=\"elementor-widget-container\">\n\t\t\t\t\t\n\t\t<div id=\"ld-fancy-heading-69d101217063d\" class=\"ld-fancy-heading pos-rel\">\n\t\t\t<h2 class=\"ld-fh-element d-inline-block pos-rel  elementor-heading-title lqd-highlight-classic lqd-highlight-grow-left h2\"  > NOVO OD 2026<\/h2>\t\t<\/div>\n\n\t\t\t\t\t\t<\/div>\n\t\t\t\t<\/div>\n\t\t\t\t<div data-custom-animations=\"true\" data-ca-options=\"{&quot;addChildTimelines&quot;:false,&quot;trigger&quot;:&quot;firstChild&quot;,&quot;animationTarget&quot;:&quot;.lqd-split-lines .lqd-lines .split-inner, .lqd-adv-txt-fig&quot;,&quot;ease&quot;:[&quot;power4.out&quot;],&quot;initValues&quot;:{&quot;y&quot;:&quot;30px&quot;,&quot;rotationX&quot;:5,&quot;opacity&quot;:0,&quot;transformOrigin&quot;:&quot;50% 50% 0px&quot;},&quot;animations&quot;:{&quot;y&quot;:&quot;0px&quot;,&quot;rotationX&quot;:0,&quot;opacity&quot;:1,&quot;transformOrigin&quot;:&quot;50% 50% 0px&quot;}}\" class=\"elementor-element elementor-element-1c63cd3 elementor-widget__width-inherit elementor-widget-mobile__width-inherit intro_txt elementor-widget elementor-widget-hub_fancy_heading lqd-el-has-inner-anim\" data-id=\"1c63cd3\" data-element_type=\"widget\" data-e-type=\"widget\" data-settings=\"{&quot;enable_split&quot;:&quot;true&quot;,&quot;split_type&quot;:&quot;lines&quot;}\" data-widget_type=\"hub_fancy_heading.default\">\n\t\t\t\t<div class=\"elementor-widget-container\">\n\t\t\t\t\t\n\t\t<div id=\"ld-fancy-heading-69d10121712b4\" class=\"ld-fancy-heading pos-rel\">\n\t\t\t<p class=\"ld-fh-element d-inline-block pos-rel  lqd-highlight-classic lqd-highlight-grow-left lqd-split-lines p\"  data-split-text=\"true\" data-split-options='{\"type\":\"lines\"}'> Slice Congress Hall &amp; Ballroom nalazi se na prvom spratu Golf kluba u Crvenom Vrhu. Spoj sofisticiranog dizajna i elegantne atmosfere \u010dini ovaj prostor savr\u0161enim za gala ve\u010dere, konferencije, koncerte, ven\u010danja i privatne doga\u0111aje, sa panoramskim 360\u00b0 okru\u017eenjem koje obuhvata golf teren, prirodu i Jadransko more.<\/p>\t\t<\/div>\n\n\t\t\t\t\t\t<\/div>\n\t\t\t\t<\/div>\n\t\t\t\t\t<\/div>\n\t\t\t\t<\/div>\n\t\t<div class=\"elementor-element elementor-element-320f94d e-flex e-con-boxed e-con e-parent\" data-id=\"320f94d\" data-element_type=\"container\" data-e-type=\"container\" data-settings=\"{&quot;background_background&quot;:&quot;classic&quot;}\">\n\t\t\t\t\t<div class=\"e-con-inner\">\n\t\t<div class=\"elementor-element elementor-element-9954603 e-con-full e-flex e-con e-child\" data-id=\"9954603\" data-element_type=\"container\" data-e-type=\"container\">\n\t\t<div class=\"elementor-element elementor-element-6b7ec20 e-flex e-con-boxed e-con e-child\" data-id=\"6b7ec20\" data-element_type=\"container\" data-e-type=\"container\">\n\t\t\t\t\t<div class=\"e-con-inner\">\n\t\t\t\t<div class=\"elementor-element elementor-element-e7acb5f elementor-arrows-position-inside elementor-pagination-position-outside elementor-widget elementor-widget-image-carousel\" data-id=\"e7acb5f\" data-element_type=\"widget\" data-e-type=\"widget\" data-settings=\"{&quot;slides_to_show&quot;:&quot;1&quot;,&quot;navigation&quot;:&quot;both&quot;,&quot;autoplay&quot;:&quot;yes&quot;,&quot;pause_on_hover&quot;:&quot;yes&quot;,&quot;pause_on_interaction&quot;:&quot;yes&quot;,&quot;autoplay_speed&quot;:5000,&quot;infinite&quot;:&quot;yes&quot;,&quot;effect&quot;:&quot;slide&quot;,&quot;speed&quot;:500}\" data-widget_type=\"image-carousel.default\">\n\t\t\t\t<div class=\"elementor-widget-container\">\n\t\t\t\t\t\t\t<div class=\"elementor-image-carousel-wrapper swiper\" role=\"region\" aria-roledescription=\"carousel\" aria-label=\"Image Carousel\" dir=\"ltr\">\n\t\t\t<div class=\"elementor-image-carousel swiper-wrapper\" aria-live=\"off\">\n\t\t\t\t\t\t\t\t<div class=\"swiper-slide\" role=\"group\" aria-roledescription=\"slide\" aria-label=\"1 of 6\"><a data-elementor-open-lightbox=\"yes\" data-elementor-lightbox-slideshow=\"e7acb5f\" data-e-action-hash=\"#elementor-action%3Aaction%3Dlightbox%26settings%3DeyJpZCI6MzY2NDAsInVybCI6Imh0dHBzOlwvXC9wZXRyYW1yZXNvcnQuY29tXC93cC1jb250ZW50XC91cGxvYWRzXC8yMDI2XC8wM1wvU2xpY2Utd2Vic2l0ZS00LTEud2VicCIsInNsaWRlc2hvdyI6ImU3YWNiNWYifQ%3D%3D\" href=\"https:\/\/petramresort.com\/wp-content\/uploads\/2026\/03\/Slice-website-4-1.webp\"><figure class=\"swiper-slide-inner\"><img decoding=\"async\" class=\"swiper-slide-image\" src=\"https:\/\/petramresort.com\/wp-content\/uploads\/2026\/03\/Slice-website-4-1.webp\" alt=\"_Slice website 4\" \/><\/figure><\/a><\/div><div class=\"swiper-slide\" role=\"group\" aria-roledescription=\"slide\" aria-label=\"2 of 6\"><a data-elementor-open-lightbox=\"yes\" data-elementor-lightbox-slideshow=\"e7acb5f\" data-e-action-hash=\"#elementor-action%3Aaction%3Dlightbox%26settings%3DeyJpZCI6MzY2NjAsInVybCI6Imh0dHBzOlwvXC9wZXRyYW1yZXNvcnQuY29tXC93cC1jb250ZW50XC91cGxvYWRzXC8yMDI2XC8wM1wvU2xpY2Utd2Vic2l0ZS0yLndlYnAiLCJzbGlkZXNob3ciOiJlN2FjYjVmIn0%3D\" href=\"https:\/\/petramresort.com\/wp-content\/uploads\/2026\/03\/Slice-website-2.webp\"><figure class=\"swiper-slide-inner\"><img decoding=\"async\" class=\"swiper-slide-image\" src=\"https:\/\/petramresort.com\/wp-content\/uploads\/2026\/03\/Slice-website-2.webp\" alt=\"_Slice website 2\" \/><\/figure><\/a><\/div><div class=\"swiper-slide\" role=\"group\" aria-roledescription=\"slide\" aria-label=\"3 of 6\"><a data-elementor-open-lightbox=\"yes\" data-elementor-lightbox-slideshow=\"e7acb5f\" data-e-action-hash=\"#elementor-action%3Aaction%3Dlightbox%26settings%3DeyJpZCI6MzY2NjUsInVybCI6Imh0dHBzOlwvXC9wZXRyYW1yZXNvcnQuY29tXC93cC1jb250ZW50XC91cGxvYWRzXC8yMDI2XC8wM1wvU2xpY2Utd2Vic2l0ZS0zLndlYnAiLCJzbGlkZXNob3ciOiJlN2FjYjVmIn0%3D\" href=\"https:\/\/petramresort.com\/wp-content\/uploads\/2026\/03\/Slice-website-3.webp\"><figure class=\"swiper-slide-inner\"><img decoding=\"async\" class=\"swiper-slide-image\" src=\"https:\/\/petramresort.com\/wp-content\/uploads\/2026\/03\/Slice-website-3.webp\" alt=\"_Slice website 3\" \/><\/figure><\/a><\/div><div class=\"swiper-slide\" role=\"group\" aria-roledescription=\"slide\" aria-label=\"4 of 6\"><a data-elementor-open-lightbox=\"yes\" data-elementor-lightbox-slideshow=\"e7acb5f\" data-e-action-hash=\"#elementor-action%3Aaction%3Dlightbox%26settings%3DeyJpZCI6MzY2NTUsInVybCI6Imh0dHBzOlwvXC9wZXRyYW1yZXNvcnQuY29tXC93cC1jb250ZW50XC91cGxvYWRzXC8yMDI2XC8wM1wvU2xpY2Utd2Vic2l0ZS0xLndlYnAiLCJzbGlkZXNob3ciOiJlN2FjYjVmIn0%3D\" href=\"https:\/\/petramresort.com\/wp-content\/uploads\/2026\/03\/Slice-website-1.webp\"><figure class=\"swiper-slide-inner\"><img decoding=\"async\" class=\"swiper-slide-image\" src=\"https:\/\/petramresort.com\/wp-content\/uploads\/2026\/03\/Slice-website-1.webp\" alt=\"_Slice website 1\" \/><\/figure><\/a><\/div><div class=\"swiper-slide\" role=\"group\" aria-roledescription=\"slide\" aria-label=\"5 of 6\"><a data-elementor-open-lightbox=\"yes\" data-elementor-lightbox-slideshow=\"e7acb5f\" data-e-action-hash=\"#elementor-action%3Aaction%3Dlightbox%26settings%3DeyJpZCI6MzY2NDUsInVybCI6Imh0dHBzOlwvXC9wZXRyYW1yZXNvcnQuY29tXC93cC1jb250ZW50XC91cGxvYWRzXC8yMDI2XC8wM1wvUmVzdGF1cmFudC1TbGljZS1JLTAwMy53ZWJwIiwic2xpZGVzaG93IjoiZTdhY2I1ZiJ9\" href=\"https:\/\/petramresort.com\/wp-content\/uploads\/2026\/03\/Restaurant-Slice-I-003.webp\"><figure class=\"swiper-slide-inner\"><img decoding=\"async\" class=\"swiper-slide-image\" src=\"https:\/\/petramresort.com\/wp-content\/uploads\/2026\/03\/Restaurant-Slice-I-003.webp\" alt=\"_Restaurant Slice I (003)\" \/><\/figure><\/a><\/div><div class=\"swiper-slide\" role=\"group\" aria-roledescription=\"slide\" aria-label=\"6 of 6\"><a data-elementor-open-lightbox=\"yes\" data-elementor-lightbox-slideshow=\"e7acb5f\" data-e-action-hash=\"#elementor-action%3Aaction%3Dlightbox%26settings%3DeyJpZCI6MzY2NTAsInVybCI6Imh0dHBzOlwvXC9wZXRyYW1yZXNvcnQuY29tXC93cC1jb250ZW50XC91cGxvYWRzXC8yMDI2XC8wM1wvUmVzdGF1cmFudC1TbGljZS1JSS53ZWJwIiwic2xpZGVzaG93IjoiZTdhY2I1ZiJ9\" href=\"https:\/\/petramresort.com\/wp-content\/uploads\/2026\/03\/Restaurant-Slice-II.webp\"><figure class=\"swiper-slide-inner\"><img decoding=\"async\" class=\"swiper-slide-image\" src=\"https:\/\/petramresort.com\/wp-content\/uploads\/2026\/03\/Restaurant-Slice-II.webp\" alt=\"_Restaurant Slice II\" \/><\/figure><\/a><\/div>\t\t\t<\/div>\n\t\t\t\t\t\t\t\t\t\t\t\t<div class=\"elementor-swiper-button elementor-swiper-button-prev\" role=\"button\" tabindex=\"0\">\n\t\t\t\t\t\t<svg aria-hidden=\"true\" class=\"e-font-icon-svg e-eicon-chevron-left\" viewBox=\"0 0 1000 1000\" xmlns=\"http:\/\/www.w3.org\/2000\/svg\"><path d=\"M646 125C629 125 613 133 604 142L308 442C296 454 292 471 292 487 292 504 296 521 308 533L604 854C617 867 629 875 646 875 663 875 679 871 692 858 704 846 713 829 713 812 713 796 708 779 692 767L438 487 692 225C700 217 708 204 708 187 708 171 704 154 692 142 675 129 663 125 646 125Z\"><\/path><\/svg>\t\t\t\t\t<\/div>\n\t\t\t\t\t<div class=\"elementor-swiper-button elementor-swiper-button-next\" role=\"button\" tabindex=\"0\">\n\t\t\t\t\t\t<svg aria-hidden=\"true\" class=\"e-font-icon-svg e-eicon-chevron-right\" viewBox=\"0 0 1000 1000\" xmlns=\"http:\/\/www.w3.org\/2000\/svg\"><path d=\"M696 533C708 521 713 504 713 487 713 471 708 454 696 446L400 146C388 133 375 125 354 125 338 125 325 129 313 142 300 154 292 171 292 187 292 204 296 221 308 233L563 492 304 771C292 783 288 800 288 817 288 833 296 850 308 863 321 871 338 875 354 875 371 875 388 867 400 854L696 533Z\"><\/path><\/svg>\t\t\t\t\t<\/div>\n\t\t\t\t\n\t\t\t\t\t\t\t\t\t<div class=\"swiper-pagination\"><\/div>\n\t\t\t\t\t\t\t\t\t<\/div>\n\t\t\t\t\t\t<\/div>\n\t\t\t\t<\/div>\n\t\t\t\t\t<\/div>\n\t\t\t\t<\/div>\n\t\t<div class=\"elementor-element elementor-element-c3f9e99 e-flex e-con-boxed e-con e-child\" data-id=\"c3f9e99\" data-element_type=\"container\" data-e-type=\"container\">\n\t\t\t\t\t<div class=\"e-con-inner\">\n\t\t\t\t<div class=\"elementor-element elementor-element-78d4bfe elementor-widget elementor-widget-text-editor\" data-id=\"78d4bfe\" data-element_type=\"widget\" data-e-type=\"widget\" data-widget_type=\"text-editor.default\">\n\t\t\t\t<div class=\"elementor-widget-container\">\n\t\t\t\t\t\t\t\t\t<p>Sala mo\u017ee da ugosti od 150 do 250 gostiju i u potpunosti se prilago\u0111ava vrsti doga\u0111aja. Fleksibilna bina i razli\u010diti rasporedi stolova omogu\u0107avaju organizaciju ta\u010dno po va\u0161im \u017eeljama.<\/p><p>Svaki detalj je pa\u017eljivo osmi\u0161ljen kako bi va\u0161 doga\u0111aj bio poseban i profinjen. Obilje prirodnog svetla u kombinaciji sa ambijentalnim osvetljenjem stvara elegantnu atmosferu, dok moderna tehni\u010dka oprema poput mikrofona, projektora, TV ekrana, flip\u010darta i Wi-Fi-ja omogu\u0107ava besprekornu organizaciju. Privatni bar, izlaz na krovnu terasu i pristup liftom dodatno pove\u0107avaju udobnost.<\/p><p>Gastronomska ponuda je prilago\u0111ena va\u0161im potrebama \u2013 od rasko\u0161nih ru\u010dkova i ve\u010dera do pa\u017eljivo osmi\u0161ljenih pauza za kafu, \u010dine\u0107i svaki trenutak u Sliceu nezaboravnim.<br \/><br \/><\/p>\t\t\t\t\t\t\t\t<\/div>\n\t\t\t\t<\/div>\n\t\t\t\t<div class=\"elementor-element elementor-element-dfe87de elementor-align-left elementor-widget__width-initial elementor-mobile-align-center elementor-tablet-align-center elementor-widget-mobile__width-inherit elementor-widget elementor-widget-ld_button\" data-id=\"dfe87de\" data-element_type=\"widget\" data-e-type=\"widget\" data-widget_type=\"ld_button.default\">\n\t\t\t\t<div class=\"elementor-widget-container\">\n\t\t\t\t\t\n\t\t\t<a\n\t\t\t\tclass=\"elementor-button btn btn-solid btn-hover-txt-liquid-x btn-custom-size btn-icon-shaped btn-has-label\" data-lqd-lity=\"#modal-20750\" href=\"#modal-20750\"\t\t\t>\n\t\t\t\t\t\t\t\t\t<span data-text=\"Po\u0161aljite upit\" class=\"btn-txt\" data-transition-delay=\"true\" data-delay-options=\"{&quot;elements&quot;: &quot;.lqd-chars&quot;, &quot;delayType&quot;: &quot;animation&quot;, &quot;startDelay&quot;: 0, &quot;delayBetween&quot;: 32.5}\" data-split-text=\"true\" data-split-options=\"{&quot;type&quot;: &quot;chars, words&quot;}\">\n\t\t\t\t\t\tPo\u0161aljite upit\t\t\t\t\t<\/span>\n\t\t\t\t\t\t\t\t\t\t\t<\/a>\n\t\t\t\t\t\t\t<\/div>\n\t\t\t\t<\/div>\n\t\t\t\t\t<\/div>\n\t\t\t\t<\/div>\n\t\t\t\t<\/div>\n\t\t\t\t\t<\/div>\n\t\t\t\t<\/div>\n\t\t\t\t<\/div>\n\t\t","protected":false},"excerpt":{"rendered":"<p>Slice Congress Hall &amp; Ballroom NOVO OD 2026 Slice Congress Hall &amp; Ballroom nalazi se na prvom spratu Golf kluba u Crvenom Vrhu. Spoj sofisticiranog dizajna i elegantne atmosfere \u010dini ovaj prostor savr\u0161enim za gala ve\u010dere, konferencije, koncerte, ven\u010danja i privatne doga\u0111aje, sa panoramskim 360\u00b0 okru\u017eenjem koje obuhvata golf teren, prirodu i Jadransko more. Sala [&hellip;]<\/p>\n","protected":false},"author":1,"featured_media":0,"parent":0,"menu_order":0,"comment_status":"closed","ping_status":"closed","template":"elementor_header_footer","meta":{"_acf_changed":false,"footnotes":""},"class_list":["post-36770","page","type-page","status-publish","hentry"],"acf":[],"yoast_head":"<!-- This site is optimized with the Yoast SEO plugin v27.0 - https:\/\/yoast.com\/product\/yoast-seo-wordpress\/ -->\n<title>Slice Congress Hall &amp; Ballroom - Petram Resort &amp; Residences<\/title>\n<meta name=\"robots\" content=\"index, follow, max-snippet:-1, max-image-preview:large, max-video-preview:-1\" \/>\n<link rel=\"canonical\" href=\"https:\/\/petramresort.com\/slice-congress-hall-ballroom\/\" \/>\n<meta property=\"og:locale\" content=\"sr_RS\" \/>\n<meta property=\"og:type\" content=\"article\" \/>\n<meta property=\"og:title\" content=\"Slice Congress Hall &amp; Ballroom - Petram Resort &amp; Residences\" \/>\n<meta property=\"og:description\" content=\"Slice Congress Hall &amp; Ballroom NOVO OD 2026 Slice Congress Hall &amp; Ballroom nalazi se na prvom spratu Golf kluba u Crvenom Vrhu. Spoj sofisticiranog dizajna i elegantne atmosfere \u010dini ovaj prostor savr\u0161enim za gala ve\u010dere, konferencije, koncerte, ven\u010danja i privatne doga\u0111aje, sa panoramskim 360\u00b0 okru\u017eenjem koje obuhvata golf teren, prirodu i Jadransko more. Sala [&hellip;]\" \/>\n<meta property=\"og:url\" content=\"https:\/\/petramresort.com\/slice-congress-hall-ballroom\/\" \/>\n<meta property=\"og:site_name\" content=\"Petram Resort &amp; Residences\" \/>\n<meta property=\"article:modified_time\" content=\"2026-03-27T07:53:34+00:00\" \/>\n<meta property=\"og:image\" content=\"https:\/\/petramresort.com\/wp-content\/uploads\/2026\/03\/Slice-website-4-1.webp\" \/>\n<meta name=\"twitter:card\" content=\"summary_large_image\" \/>\n<meta name=\"twitter:label1\" content=\"\u041f\u0440\u043e\u0446\u0435\u045a\u0435\u043d\u043e \u0432\u0440\u0435\u043c\u0435 \u0447\u0438\u0442\u0430\u045a\u0430\" \/>\n\t<meta name=\"twitter:data1\" content=\"3 \u043c\u0438\u043d\u0443\u0442\u0430\" \/>\n<script type=\"application\/ld+json\" class=\"yoast-schema-graph\">{\"@context\":\"https:\/\/schema.org\",\"@graph\":[{\"@type\":\"WebPage\",\"@id\":\"https:\/\/petramresort.com\/slice-congress-hall-ballroom\/\",\"url\":\"https:\/\/petramresort.com\/slice-congress-hall-ballroom\/\",\"name\":\"Slice Congress Hall &amp; Ballroom - Petram Resort &amp; Residences\",\"isPartOf\":{\"@id\":\"https:\/\/petramresort.com\/#website\"},\"primaryImageOfPage\":{\"@id\":\"https:\/\/petramresort.com\/slice-congress-hall-ballroom\/#primaryimage\"},\"image\":{\"@id\":\"https:\/\/petramresort.com\/slice-congress-hall-ballroom\/#primaryimage\"},\"thumbnailUrl\":\"https:\/\/petramresort.com\/wp-content\/uploads\/2026\/03\/Slice-website-4-1.webp\",\"datePublished\":\"2026-03-23T11:13:11+00:00\",\"dateModified\":\"2026-03-27T07:53:34+00:00\",\"breadcrumb\":{\"@id\":\"https:\/\/petramresort.com\/slice-congress-hall-ballroom\/#breadcrumb\"},\"inLanguage\":\"sr-RS\",\"potentialAction\":[{\"@type\":\"ReadAction\",\"target\":[\"https:\/\/petramresort.com\/slice-congress-hall-ballroom\/\"]}]},{\"@type\":\"ImageObject\",\"inLanguage\":\"sr-RS\",\"@id\":\"https:\/\/petramresort.com\/slice-congress-hall-ballroom\/#primaryimage\",\"url\":\"https:\/\/petramresort.com\/wp-content\/uploads\/2026\/03\/Slice-website-4-1.webp\",\"contentUrl\":\"https:\/\/petramresort.com\/wp-content\/uploads\/2026\/03\/Slice-website-4-1.webp\"},{\"@type\":\"BreadcrumbList\",\"@id\":\"https:\/\/petramresort.com\/slice-congress-hall-ballroom\/#breadcrumb\",\"itemListElement\":[{\"@type\":\"ListItem\",\"position\":1,\"name\":\"Home\",\"item\":\"https:\/\/petramresort.com\/hr\/\"},{\"@type\":\"ListItem\",\"position\":2,\"name\":\"Slice Congress Hall &amp; Ballroom\"}]},{\"@type\":\"WebSite\",\"@id\":\"https:\/\/petramresort.com\/#website\",\"url\":\"https:\/\/petramresort.com\/\",\"name\":\"Petram Resort &amp; Residences\",\"description\":\"\",\"potentialAction\":[{\"@type\":\"SearchAction\",\"target\":{\"@type\":\"EntryPoint\",\"urlTemplate\":\"https:\/\/petramresort.com\/?s={search_term_string}\"},\"query-input\":{\"@type\":\"PropertyValueSpecification\",\"valueRequired\":true,\"valueName\":\"search_term_string\"}}],\"inLanguage\":\"sr-RS\"}]}<\/script>\n<!-- \/ Yoast SEO plugin. -->","yoast_head_json":{"title":"Slice Congress Hall &amp; Ballroom - Petram Resort &amp; Residences","robots":{"index":"index","follow":"follow","max-snippet":"max-snippet:-1","max-image-preview":"max-image-preview:large","max-video-preview":"max-video-preview:-1"},"canonical":"https:\/\/petramresort.com\/slice-congress-hall-ballroom\/","og_locale":"sr_RS","og_type":"article","og_title":"Slice Congress Hall &amp; Ballroom - Petram Resort &amp; Residences","og_description":"Slice Congress Hall &amp; Ballroom NOVO OD 2026 Slice Congress Hall &amp; Ballroom nalazi se na prvom spratu Golf kluba u Crvenom Vrhu. Spoj sofisticiranog dizajna i elegantne atmosfere \u010dini ovaj prostor savr\u0161enim za gala ve\u010dere, konferencije, koncerte, ven\u010danja i privatne doga\u0111aje, sa panoramskim 360\u00b0 okru\u017eenjem koje obuhvata golf teren, prirodu i Jadransko more. Sala [&hellip;]","og_url":"https:\/\/petramresort.com\/slice-congress-hall-ballroom\/","og_site_name":"Petram Resort &amp; Residences","article_modified_time":"2026-03-27T07:53:34+00:00","og_image":[{"url":"https:\/\/petramresort.com\/wp-content\/uploads\/2026\/03\/Slice-website-4-1.webp","type":"","width":"","height":""}],"twitter_card":"summary_large_image","twitter_misc":{"\u041f\u0440\u043e\u0446\u0435\u045a\u0435\u043d\u043e \u0432\u0440\u0435\u043c\u0435 \u0447\u0438\u0442\u0430\u045a\u0430":"3 \u043c\u0438\u043d\u0443\u0442\u0430"},"schema":{"@context":"https:\/\/schema.org","@graph":[{"@type":"WebPage","@id":"https:\/\/petramresort.com\/slice-congress-hall-ballroom\/","url":"https:\/\/petramresort.com\/slice-congress-hall-ballroom\/","name":"Slice Congress Hall &amp; Ballroom - Petram Resort &amp; Residences","isPartOf":{"@id":"https:\/\/petramresort.com\/#website"},"primaryImageOfPage":{"@id":"https:\/\/petramresort.com\/slice-congress-hall-ballroom\/#primaryimage"},"image":{"@id":"https:\/\/petramresort.com\/slice-congress-hall-ballroom\/#primaryimage"},"thumbnailUrl":"https:\/\/petramresort.com\/wp-content\/uploads\/2026\/03\/Slice-website-4-1.webp","datePublished":"2026-03-23T11:13:11+00:00","dateModified":"2026-03-27T07:53:34+00:00","breadcrumb":{"@id":"https:\/\/petramresort.com\/slice-congress-hall-ballroom\/#breadcrumb"},"inLanguage":"sr-RS","potentialAction":[{"@type":"ReadAction","target":["https:\/\/petramresort.com\/slice-congress-hall-ballroom\/"]}]},{"@type":"ImageObject","inLanguage":"sr-RS","@id":"https:\/\/petramresort.com\/slice-congress-hall-ballroom\/#primaryimage","url":"https:\/\/petramresort.com\/wp-content\/uploads\/2026\/03\/Slice-website-4-1.webp","contentUrl":"https:\/\/petramresort.com\/wp-content\/uploads\/2026\/03\/Slice-website-4-1.webp"},{"@type":"BreadcrumbList","@id":"https:\/\/petramresort.com\/slice-congress-hall-ballroom\/#breadcrumb","itemListElement":[{"@type":"ListItem","position":1,"name":"Home","item":"https:\/\/petramresort.com\/hr\/"},{"@type":"ListItem","position":2,"name":"Slice Congress Hall &amp; Ballroom"}]},{"@type":"WebSite","@id":"https:\/\/petramresort.com\/#website","url":"https:\/\/petramresort.com\/","name":"Petram Resort &amp; Residences","description":"","potentialAction":[{"@type":"SearchAction","target":{"@type":"EntryPoint","urlTemplate":"https:\/\/petramresort.com\/?s={search_term_string}"},"query-input":{"@type":"PropertyValueSpecification","valueRequired":true,"valueName":"search_term_string"}}],"inLanguage":"sr-RS"}]}},"_links":{"self":[{"href":"https:\/\/petramresort.com\/sr\/wp-json\/wp\/v2\/pages\/36770","targetHints":{"allow":["GET"]}}],"collection":[{"href":"https:\/\/petramresort.com\/sr\/wp-json\/wp\/v2\/pages"}],"about":[{"href":"https:\/\/petramresort.com\/sr\/wp-json\/wp\/v2\/types\/page"}],"author":[{"embeddable":true,"href":"https:\/\/petramresort.com\/sr\/wp-json\/wp\/v2\/users\/1"}],"replies":[{"embeddable":true,"href":"https:\/\/petramresort.com\/sr\/wp-json\/wp\/v2\/comments?post=36770"}],"version-history":[{"count":9,"href":"https:\/\/petramresort.com\/sr\/wp-json\/wp\/v2\/pages\/36770\/revisions"}],"predecessor-version":[{"id":36929,"href":"https:\/\/petramresort.com\/sr\/wp-json\/wp\/v2\/pages\/36770\/revisions\/36929"}],"wp:attachment":[{"href":"https:\/\/petramresort.com\/sr\/wp-json\/wp\/v2\/media?parent=36770"}],"curies":[{"name":"wp","href":"https:\/\/api.w.org\/{rel}","templated":true}]}}