{"id":19470,"date":"2023-12-12T11:18:43","date_gmt":"2023-12-12T11:18:43","guid":{"rendered":"https:\/\/petramresort.com\/eco-mobility\/"},"modified":"2025-01-23T17:16:23","modified_gmt":"2025-01-23T17:16:23","slug":"eco-mobility","status":"publish","type":"page","link":"https:\/\/petramresort.com\/sr\/eco-mobility\/","title":{"rendered":"Eko mobilnost"},"content":{"rendered":"\t\t<div data-elementor-type=\"wp-page\" data-elementor-id=\"19470\" class=\"elementor elementor-19470 elementor-5917\" data-elementor-post-type=\"page\">\n\t\t\t\t<div class=\"elementor-element elementor-element-7d1c9f6a e-con-full header_fullwidth e-flex e-con e-parent\" data-id=\"7d1c9f6a\" data-element_type=\"container\" data-e-type=\"container\" data-settings=\"{&quot;background_background&quot;:&quot;classic&quot;}\">\n\t\t<div class=\"elementor-element elementor-element-3f14e93a e-con-full e-flex e-con e-child\" data-id=\"3f14e93a\" data-element_type=\"container\" data-e-type=\"container\">\n\t\t\t\t<div data-parallax=\"true\" data-parallax-options=\"{&quot;ease&quot;:[&quot;linear&quot;],&quot;start&quot;:&quot;center center&quot;,&quot;end&quot;:&quot;bottom+=0px top&quot;}\" data-parallax-from=\"{&quot;y&quot;:&quot;0px&quot;,&quot;transformOrigin&quot;:&quot;50% 50% 0px&quot;}\" data-parallax-to=\"{&quot;y&quot;:&quot;-60px&quot;,&quot;transformOrigin&quot;:&quot;50% 50% 0px&quot;}\" data-custom-animations=\"true\" data-ca-options=\"{&quot;addChildTimelines&quot;:false,&quot;trigger&quot;:&quot;firstChild&quot;,&quot;animationTarget&quot;:&quot;.lqd-split-lines .lqd-lines .split-inner, .lqd-adv-txt-fig&quot;,&quot;duration&quot;:300,&quot;delay&quot;:40,&quot;ease&quot;:[&quot;power4.out&quot;],&quot;initValues&quot;:{&quot;x&quot;:&quot;-20px&quot;,&quot;rotationX&quot;:10,&quot;opacity&quot;:0,&quot;transformOrigin&quot;:&quot;50% 50% 0px&quot;},&quot;animations&quot;:{&quot;x&quot;:&quot;0px&quot;,&quot;rotationX&quot;:0,&quot;opacity&quot;:1,&quot;transformOrigin&quot;:&quot;50% 50% 0px&quot;}}\" class=\"elementor-element elementor-element-391ecf2 elementor-widget elementor-widget-hub_fancy_heading lqd-el-has-inner-anim\" data-id=\"391ecf2\" data-element_type=\"widget\" data-e-type=\"widget\" data-settings=\"{&quot;enable_split&quot;:&quot;true&quot;,&quot;split_type&quot;:&quot;lines&quot;}\" data-widget_type=\"hub_fancy_heading.default\">\n\t\t\t\t<div class=\"elementor-widget-container\">\n\t\t\t\t\t\n\t\t<div id=\"ld-fancy-heading-69e49df757846\" class=\"ld-fancy-heading pos-rel\">\n\t\t\t<h2 class=\"ld-fh-element d-inline-block pos-rel  elementor-heading-title lqd-highlight-classic lqd-highlight-grow-left lqd-split-lines h2\"  data-split-text=\"true\" data-split-options='{\"type\":\"lines\"}'> Eco mobility<\/h2>\t\t<\/div>\n\n\t\t\t\t\t\t<\/div>\n\t\t\t\t<\/div>\n\t\t\t\t<\/div>\n\t\t\t\t<\/div>\n\t\t<div class=\"elementor-element elementor-element-332290fd e-flex e-con-boxed e-con e-parent\" data-id=\"332290fd\" data-element_type=\"container\" data-e-type=\"container\" id=\"about\" data-settings=\"{&quot;background_background&quot;:&quot;classic&quot;}\">\n\t\t\t\t\t<div class=\"e-con-inner\">\n\t\t\t\t<div class=\"elementor-element elementor-element-02ba6f2 elementor-widget elementor-widget-heading\" data-id=\"02ba6f2\" data-element_type=\"widget\" data-e-type=\"widget\" data-widget_type=\"heading.default\">\n\t\t\t\t<div class=\"elementor-widget-container\">\n\t\t\t\t\t<h2 class=\"elementor-heading-title elementor-size-default\">U Petramu di\u0161ete punim plu\u0107ima<\/h2>\t\t\t\t<\/div>\n\t\t\t\t<\/div>\n\t\t\t\t<div class=\"elementor-element elementor-element-937d233 elementor-widget elementor-widget-text-editor\" data-id=\"937d233\" data-element_type=\"widget\" data-e-type=\"widget\" data-widget_type=\"text-editor.default\">\n\t\t\t\t<div class=\"elementor-widget-container\">\n\t\t\t\t\t\t\t\t\tPrilikom projektovanja Petram Resort &#038; Residences, fokusirali smo se na budu\u0107nost i na\u010dine na koje mo\u017eemo da je u\u010dinimo boljom. \u017delimo da uradimo sve kako bismo ostavili \u0161to manji trag ugljen-dioksida. Zbog toga svi na\u0161i buggiji (radna i gostinska vozila) voze na elektri\u010dni pogon, a za goste su na parkingu dostupni i punja\u010di za elektri\u010dne automobile.\t\t\t\t\t\t\t\t<\/div>\n\t\t\t\t<\/div>\n\t\t<div class=\"elementor-element elementor-element-b3d747d e-flex e-con-boxed e-con e-child\" data-id=\"b3d747d\" data-element_type=\"container\" data-e-type=\"container\">\n\t\t\t\t\t<div class=\"e-con-inner\">\n\t\t\t\t<div data-parallax=\"true\" data-parallax-options=\"{&quot;ease&quot;:[&quot;linear&quot;],&quot;start&quot;:&quot;top bottom&quot;,&quot;end&quot;:&quot;bottom+=0px top&quot;}\" data-parallax-from=\"{&quot;x&quot;:&quot;30px&quot;,&quot;y&quot;:&quot;100px&quot;,&quot;transformOrigin&quot;:&quot;50% 50% 0px&quot;}\" data-parallax-to=\"{&quot;x&quot;:&quot;0px&quot;,&quot;y&quot;:&quot;-100px&quot;,&quot;transformOrigin&quot;:&quot;50% 50% 0px&quot;}\" class=\"elementor-element elementor-element-6170ac36 elementor-widget__width-initial elementor-widget-mobile__width-initial elementor-widget elementor-widget-ld_fancy_image\" data-id=\"6170ac36\" data-element_type=\"widget\" data-e-type=\"widget\" data-widget_type=\"ld_fancy_image.default\">\n\t\t\t\t<div class=\"elementor-widget-container\">\n\t\t\t\t\t\n\t\t<div class=\"lqd-imggrp-single d-block pos-rel \" data-shadow-style=\"1\" data-inview=\"true\" data-animate-shadow=\"true\">\n\t\t\t<div class=\"lqd-imggrp-img-container d-inline-flex pos-rel align-items-center justify-content-center \">\n\t\t\t\t\t\t\t\t<figure class=\"w-100 pos-rel\">\n\t\t\t\t\t<img fetchpriority=\"high\" decoding=\"async\" width=\"800\" height=\"1199\" src=\"https:\/\/petramresort.com\/wp-content\/uploads\/2024\/01\/p1.jpg\" class=\"attachment-full size-full wp-image-7539\" alt=\"Petram Resort &amp; Residences\" srcset=\"https:\/\/petramresort.com\/wp-content\/uploads\/2024\/01\/p1.jpg 800w, https:\/\/petramresort.com\/wp-content\/uploads\/2024\/01\/p1-200x300.jpg 200w, https:\/\/petramresort.com\/wp-content\/uploads\/2024\/01\/p1-683x1024.jpg 683w\" sizes=\"(max-width: 800px) 100vw, 800px\" itemprop=\"image\" \/>\t\t\t\t\t\t\t\t\t\t\t\t\t\t\t\t\t\t\t\t\t\t\t\t\t\t\t\t\t<\/figure>\n\t\t\t<\/div>\n\t\t<\/div>\n\n\t\t\t\t\t<\/div>\n\t\t\t\t<\/div>\n\t\t\t\t<div data-parallax=\"true\" data-parallax-options=\"{&quot;ease&quot;:[&quot;linear&quot;],&quot;start&quot;:&quot;top bottom&quot;,&quot;end&quot;:&quot;bottom+=0px top&quot;}\" data-parallax-from=\"{&quot;x&quot;:&quot;-30px&quot;,&quot;y&quot;:&quot;-40px&quot;,&quot;transformOrigin&quot;:&quot;50% 50% 0px&quot;}\" data-parallax-to=\"{&quot;x&quot;:&quot;0px&quot;,&quot;y&quot;:&quot;80px&quot;,&quot;transformOrigin&quot;:&quot;50% 50% 0px&quot;}\" class=\"elementor-element elementor-element-509a4e5e elementor-widget__width-initial elementor-widget elementor-widget-ld_fancy_image\" data-id=\"509a4e5e\" data-element_type=\"widget\" data-e-type=\"widget\" data-widget_type=\"ld_fancy_image.default\">\n\t\t\t\t<div class=\"elementor-widget-container\">\n\t\t\t\t\t\n\t\t<div class=\"lqd-imggrp-single d-block pos-rel \" data-shadow-style=\"2\" data-inview=\"true\" data-animate-shadow=\"true\">\n\t\t\t<div class=\"lqd-imggrp-img-container d-inline-flex pos-rel align-items-center justify-content-center \">\n\t\t\t\t\t\t\t\t<figure class=\"w-100 pos-rel\">\n\t\t\t\t\t<img decoding=\"async\" width=\"800\" height=\"534\" src=\"data:image\/svg+xml;charset=utf-8,%3Csvg xmlns%3D&#039;http%3A%2F%2Fwww.w3.org%2F2000%2Fsvg&#039; viewBox%3D&#039;0 0 800 534&#039;%2F%3E\" class=\"attachment-full size-full wp-image-7541 ld-lazyload\" alt=\"Petram Resort &amp; Residences\" itemprop=\"image\" data-src=\"https:\/\/petramresort.com\/wp-content\/uploads\/2024\/01\/p2-1.jpg\" data-srcset=\"https:\/\/petramresort.com\/wp-content\/uploads\/2024\/01\/p2-1.jpg 800w, https:\/\/petramresort.com\/wp-content\/uploads\/2024\/01\/p2-1-300x200.jpg 300w, https:\/\/petramresort.com\/wp-content\/uploads\/2024\/01\/p2-1-720x480.jpg 720w\" data-sizes=\"(max-width: 800px) 100vw, 800px\" data-aspect=\"1.498127340824\" \/>\t\t\t\t\t\t\t\t\t\t\t\t\t\t\t\t\t\t\t\t\t\t\t\t\t\t\t\t\t<\/figure>\n\t\t\t<\/div>\n\t\t<\/div>\n\n\t\t\t\t\t<\/div>\n\t\t\t\t<\/div>\n\t\t\t\t\t<\/div>\n\t\t\t\t<\/div>\n\t\t\t\t\t<\/div>\n\t\t\t\t<\/div>\n\t\t\t\t<\/div>\n\t\t","protected":false},"excerpt":{"rendered":"<p>Eco mobility U Petramu di\u0161ete punim plu\u0107ima Prilikom projektovanja Petram Resort &#038; Residences, fokusirali smo se na budu\u0107nost i na\u010dine na koje mo\u017eemo da je u\u010dinimo boljom. \u017delimo da uradimo sve kako bismo ostavili \u0161to manji trag ugljen-dioksida. Zbog toga svi na\u0161i buggiji (radna i gostinska vozila) voze na elektri\u010dni pogon, a za goste su [&hellip;]<\/p>\n","protected":false},"author":1,"featured_media":0,"parent":0,"menu_order":0,"comment_status":"closed","ping_status":"closed","template":"","meta":{"_acf_changed":false,"footnotes":""},"class_list":["post-19470","page","type-page","status-publish","hentry"],"acf":[],"yoast_head":"<!-- This site is optimized with the Yoast SEO plugin v27.0 - https:\/\/yoast.com\/product\/yoast-seo-wordpress\/ -->\n<title>Eko mobilnost - Petram Resort &amp; Residences<\/title>\n<meta name=\"description\" content=\"Pri projektiranju Petram Resorta &amp; Residences bili smo okrenuti budu\u0107nosti i na\u010dinima na koju ju mo\u017eemo u\u010diniti boljom. To nam je i uspjelo, ali i dalje \u010dinimo sve kako bismo ostavili \u0161to je mogu\u0107e manji uglji\u010dni otisak.\" \/>\n<meta name=\"robots\" content=\"index, follow, max-snippet:-1, max-image-preview:large, max-video-preview:-1\" \/>\n<link rel=\"canonical\" href=\"https:\/\/petramresort.com\/sr\/eco-mobility\/\" \/>\n<meta property=\"og:locale\" content=\"sr_RS\" \/>\n<meta property=\"og:type\" content=\"article\" \/>\n<meta property=\"og:title\" content=\"Eko mobilnost - Petram Resort &amp; Residences\" \/>\n<meta property=\"og:description\" content=\"Pri projektiranju Petram Resorta &amp; Residences bili smo okrenuti budu\u0107nosti i na\u010dinima na koju ju mo\u017eemo u\u010diniti boljom. To nam je i uspjelo, ali i dalje \u010dinimo sve kako bismo ostavili \u0161to je mogu\u0107e manji uglji\u010dni otisak.\" \/>\n<meta property=\"og:url\" content=\"https:\/\/petramresort.com\/sr\/eco-mobility\/\" \/>\n<meta property=\"og:site_name\" content=\"Petram Resort &amp; Residences\" \/>\n<meta property=\"article:modified_time\" content=\"2025-01-23T17:16:23+00:00\" \/>\n<meta property=\"og:image\" content=\"https:\/\/petramresort.com\/wp-content\/uploads\/2024\/01\/p1.jpg\" \/>\n\t<meta property=\"og:image:width\" content=\"800\" \/>\n\t<meta property=\"og:image:height\" content=\"1199\" \/>\n\t<meta property=\"og:image:type\" content=\"image\/jpeg\" \/>\n<meta name=\"twitter:card\" content=\"summary_large_image\" \/>\n<meta name=\"twitter:label1\" content=\"\u041f\u0440\u043e\u0446\u0435\u045a\u0435\u043d\u043e \u0432\u0440\u0435\u043c\u0435 \u0447\u0438\u0442\u0430\u045a\u0430\" \/>\n\t<meta name=\"twitter:data1\" content=\"1 \u043c\u0438\u043d\u0443\u0442\" \/>\n<script type=\"application\/ld+json\" class=\"yoast-schema-graph\">{\"@context\":\"https:\/\/schema.org\",\"@graph\":[{\"@type\":\"WebPage\",\"@id\":\"https:\/\/petramresort.com\/sr\/eco-mobility\/\",\"url\":\"https:\/\/petramresort.com\/sr\/eco-mobility\/\",\"name\":\"Eko mobilnost - Petram Resort &amp; Residences\",\"isPartOf\":{\"@id\":\"https:\/\/petramresort.com\/#website\"},\"primaryImageOfPage\":{\"@id\":\"https:\/\/petramresort.com\/sr\/eco-mobility\/#primaryimage\"},\"image\":{\"@id\":\"https:\/\/petramresort.com\/sr\/eco-mobility\/#primaryimage\"},\"thumbnailUrl\":\"https:\/\/petramresort.com\/wp-content\/uploads\/2024\/01\/p1.jpg\",\"datePublished\":\"2023-12-12T11:18:43+00:00\",\"dateModified\":\"2025-01-23T17:16:23+00:00\",\"description\":\"Pri projektiranju Petram Resorta & Residences bili smo okrenuti budu\u0107nosti i na\u010dinima na koju ju mo\u017eemo u\u010diniti boljom. To nam je i uspjelo, ali i dalje \u010dinimo sve kako bismo ostavili \u0161to je mogu\u0107e manji uglji\u010dni otisak.\",\"breadcrumb\":{\"@id\":\"https:\/\/petramresort.com\/sr\/eco-mobility\/#breadcrumb\"},\"inLanguage\":\"sr-RS\",\"potentialAction\":[{\"@type\":\"ReadAction\",\"target\":[\"https:\/\/petramresort.com\/sr\/eco-mobility\/\"]}]},{\"@type\":\"ImageObject\",\"inLanguage\":\"sr-RS\",\"@id\":\"https:\/\/petramresort.com\/sr\/eco-mobility\/#primaryimage\",\"url\":\"https:\/\/petramresort.com\/wp-content\/uploads\/2024\/01\/p1.jpg\",\"contentUrl\":\"https:\/\/petramresort.com\/wp-content\/uploads\/2024\/01\/p1.jpg\"},{\"@type\":\"BreadcrumbList\",\"@id\":\"https:\/\/petramresort.com\/sr\/eco-mobility\/#breadcrumb\",\"itemListElement\":[{\"@type\":\"ListItem\",\"position\":1,\"name\":\"Home\",\"item\":\"https:\/\/petramresort.com\/\"},{\"@type\":\"ListItem\",\"position\":2,\"name\":\"Eko mobilnost\"}]},{\"@type\":\"WebSite\",\"@id\":\"https:\/\/petramresort.com\/#website\",\"url\":\"https:\/\/petramresort.com\/\",\"name\":\"Petram Resort &amp; Residences\",\"description\":\"\",\"potentialAction\":[{\"@type\":\"SearchAction\",\"target\":{\"@type\":\"EntryPoint\",\"urlTemplate\":\"https:\/\/petramresort.com\/?s={search_term_string}\"},\"query-input\":{\"@type\":\"PropertyValueSpecification\",\"valueRequired\":true,\"valueName\":\"search_term_string\"}}],\"inLanguage\":\"sr-RS\"}]}<\/script>\n<!-- \/ Yoast SEO plugin. -->","yoast_head_json":{"title":"Eko mobilnost - Petram Resort &amp; Residences","description":"Pri projektiranju Petram Resorta & Residences bili smo okrenuti budu\u0107nosti i na\u010dinima na koju ju mo\u017eemo u\u010diniti boljom. To nam je i uspjelo, ali i dalje \u010dinimo sve kako bismo ostavili \u0161to je mogu\u0107e manji uglji\u010dni otisak.","robots":{"index":"index","follow":"follow","max-snippet":"max-snippet:-1","max-image-preview":"max-image-preview:large","max-video-preview":"max-video-preview:-1"},"canonical":"https:\/\/petramresort.com\/sr\/eco-mobility\/","og_locale":"sr_RS","og_type":"article","og_title":"Eko mobilnost - Petram Resort &amp; Residences","og_description":"Pri projektiranju Petram Resorta & Residences bili smo okrenuti budu\u0107nosti i na\u010dinima na koju ju mo\u017eemo u\u010diniti boljom. To nam je i uspjelo, ali i dalje \u010dinimo sve kako bismo ostavili \u0161to je mogu\u0107e manji uglji\u010dni otisak.","og_url":"https:\/\/petramresort.com\/sr\/eco-mobility\/","og_site_name":"Petram Resort &amp; Residences","article_modified_time":"2025-01-23T17:16:23+00:00","og_image":[{"width":800,"height":1199,"url":"https:\/\/petramresort.com\/wp-content\/uploads\/2024\/01\/p1.jpg","type":"image\/jpeg"}],"twitter_card":"summary_large_image","twitter_misc":{"\u041f\u0440\u043e\u0446\u0435\u045a\u0435\u043d\u043e \u0432\u0440\u0435\u043c\u0435 \u0447\u0438\u0442\u0430\u045a\u0430":"1 \u043c\u0438\u043d\u0443\u0442"},"schema":{"@context":"https:\/\/schema.org","@graph":[{"@type":"WebPage","@id":"https:\/\/petramresort.com\/sr\/eco-mobility\/","url":"https:\/\/petramresort.com\/sr\/eco-mobility\/","name":"Eko mobilnost - Petram Resort &amp; Residences","isPartOf":{"@id":"https:\/\/petramresort.com\/#website"},"primaryImageOfPage":{"@id":"https:\/\/petramresort.com\/sr\/eco-mobility\/#primaryimage"},"image":{"@id":"https:\/\/petramresort.com\/sr\/eco-mobility\/#primaryimage"},"thumbnailUrl":"https:\/\/petramresort.com\/wp-content\/uploads\/2024\/01\/p1.jpg","datePublished":"2023-12-12T11:18:43+00:00","dateModified":"2025-01-23T17:16:23+00:00","description":"Pri projektiranju Petram Resorta & Residences bili smo okrenuti budu\u0107nosti i na\u010dinima na koju ju mo\u017eemo u\u010diniti boljom. To nam je i uspjelo, ali i dalje \u010dinimo sve kako bismo ostavili \u0161to je mogu\u0107e manji uglji\u010dni otisak.","breadcrumb":{"@id":"https:\/\/petramresort.com\/sr\/eco-mobility\/#breadcrumb"},"inLanguage":"sr-RS","potentialAction":[{"@type":"ReadAction","target":["https:\/\/petramresort.com\/sr\/eco-mobility\/"]}]},{"@type":"ImageObject","inLanguage":"sr-RS","@id":"https:\/\/petramresort.com\/sr\/eco-mobility\/#primaryimage","url":"https:\/\/petramresort.com\/wp-content\/uploads\/2024\/01\/p1.jpg","contentUrl":"https:\/\/petramresort.com\/wp-content\/uploads\/2024\/01\/p1.jpg"},{"@type":"BreadcrumbList","@id":"https:\/\/petramresort.com\/sr\/eco-mobility\/#breadcrumb","itemListElement":[{"@type":"ListItem","position":1,"name":"Home","item":"https:\/\/petramresort.com\/"},{"@type":"ListItem","position":2,"name":"Eko mobilnost"}]},{"@type":"WebSite","@id":"https:\/\/petramresort.com\/#website","url":"https:\/\/petramresort.com\/","name":"Petram Resort &amp; Residences","description":"","potentialAction":[{"@type":"SearchAction","target":{"@type":"EntryPoint","urlTemplate":"https:\/\/petramresort.com\/?s={search_term_string}"},"query-input":{"@type":"PropertyValueSpecification","valueRequired":true,"valueName":"search_term_string"}}],"inLanguage":"sr-RS"}]}},"_links":{"self":[{"href":"https:\/\/petramresort.com\/sr\/wp-json\/wp\/v2\/pages\/19470","targetHints":{"allow":["GET"]}}],"collection":[{"href":"https:\/\/petramresort.com\/sr\/wp-json\/wp\/v2\/pages"}],"about":[{"href":"https:\/\/petramresort.com\/sr\/wp-json\/wp\/v2\/types\/page"}],"author":[{"embeddable":true,"href":"https:\/\/petramresort.com\/sr\/wp-json\/wp\/v2\/users\/1"}],"replies":[{"embeddable":true,"href":"https:\/\/petramresort.com\/sr\/wp-json\/wp\/v2\/comments?post=19470"}],"version-history":[{"count":3,"href":"https:\/\/petramresort.com\/sr\/wp-json\/wp\/v2\/pages\/19470\/revisions"}],"predecessor-version":[{"id":26100,"href":"https:\/\/petramresort.com\/sr\/wp-json\/wp\/v2\/pages\/19470\/revisions\/26100"}],"wp:attachment":[{"href":"https:\/\/petramresort.com\/sr\/wp-json\/wp\/v2\/media?parent=19470"}],"curies":[{"name":"wp","href":"https:\/\/api.w.org\/{rel}","templated":true}]}}