{"id":36721,"date":"2026-03-23T11:57:26","date_gmt":"2026-03-23T11:57:26","guid":{"rendered":"https:\/\/petramresort.com\/congress-hall-new\/"},"modified":"2026-03-24T08:21:26","modified_gmt":"2026-03-24T08:21:26","slug":"kongresna-dvorana","status":"publish","type":"page","link":"https:\/\/petramresort.com\/sl\/kongresna-dvorana\/","title":{"rendered":"Kongresna dvorana"},"content":{"rendered":"\t\t<div data-elementor-type=\"wp-page\" data-elementor-id=\"36721\" class=\"elementor elementor-36721 elementor-36674\" data-elementor-post-type=\"page\">\n\t\t\t\t<div class=\"elementor-element elementor-element-3b321632 e-con-full e-flex e-con e-parent\" data-id=\"3b321632\" data-element_type=\"container\" data-e-type=\"container\" data-settings=\"{&quot;background_background&quot;:&quot;classic&quot;}\">\n\t\t<div class=\"elementor-element elementor-element-2b71c3a6 e-con-full e-flex e-con e-child\" data-id=\"2b71c3a6\" data-element_type=\"container\" data-e-type=\"container\">\n\t\t\t\t<div data-parallax=\"true\" data-parallax-options=\"{&quot;ease&quot;:[&quot;linear&quot;],&quot;start&quot;:&quot;center center&quot;,&quot;end&quot;:&quot;bottom+=0px top&quot;}\" data-parallax-from=\"{&quot;y&quot;:&quot;0px&quot;,&quot;transformOrigin&quot;:&quot;50% 50% 0px&quot;}\" data-parallax-to=\"{&quot;y&quot;:&quot;-60px&quot;,&quot;transformOrigin&quot;:&quot;50% 50% 0px&quot;}\" data-custom-animations=\"true\" data-ca-options=\"{&quot;addChildTimelines&quot;:false,&quot;trigger&quot;:&quot;firstChild&quot;,&quot;animationTarget&quot;:&quot;.lqd-split-lines .lqd-lines .split-inner, .lqd-adv-txt-fig&quot;,&quot;duration&quot;:300,&quot;delay&quot;:40,&quot;ease&quot;:[&quot;power4.out&quot;],&quot;initValues&quot;:{&quot;x&quot;:&quot;-20px&quot;,&quot;rotationX&quot;:10,&quot;opacity&quot;:0,&quot;transformOrigin&quot;:&quot;50% 50% 0px&quot;},&quot;animations&quot;:{&quot;x&quot;:&quot;0px&quot;,&quot;rotationX&quot;:0,&quot;opacity&quot;:1,&quot;transformOrigin&quot;:&quot;50% 50% 0px&quot;}}\" class=\"elementor-element elementor-element-f588a92 elementor-widget elementor-widget-hub_fancy_heading lqd-el-has-inner-anim\" data-id=\"f588a92\" data-element_type=\"widget\" data-e-type=\"widget\" data-settings=\"{&quot;enable_split&quot;:&quot;true&quot;,&quot;split_type&quot;:&quot;lines&quot;}\" data-widget_type=\"hub_fancy_heading.default\">\n\t\t\t\t<div class=\"elementor-widget-container\">\n\t\t\t\t\t\n\t\t<div id=\"ld-fancy-heading-69e74f40acb07\" class=\"ld-fancy-heading pos-rel\">\n\t\t\t<h2 class=\"ld-fh-element d-inline-block pos-rel  elementor-heading-title lqd-highlight-classic lqd-highlight-grow-left lqd-split-lines h2\"  data-split-text=\"true\" data-split-options='{\"type\":\"lines\"}'> Kongresna dvorana<\/h2>\t\t<\/div>\n\n\t\t\t\t\t\t<\/div>\n\t\t\t\t<\/div>\n\t\t\t\t<\/div>\n\t\t\t\t<\/div>\n\t\t<div class=\"elementor-element elementor-element-28a37792 intro_el e-flex e-con-boxed e-con e-parent\" data-id=\"28a37792\" data-element_type=\"container\" data-e-type=\"container\" id=\"about\" data-settings=\"{&quot;background_background&quot;:&quot;classic&quot;}\">\n\t\t\t\t\t<div class=\"e-con-inner\">\n\t\t\t\t<div data-custom-animations=\"true\" data-ca-options=\"{&quot;addChildTimelines&quot;:false,&quot;trigger&quot;:&quot;firstChild&quot;,&quot;animationTarget&quot;:&quot;:scope &gt; .elementor-widget-container&quot;,&quot;duration&quot;:200,&quot;delay&quot;:20,&quot;ease&quot;:&quot;circ.out&quot;,&quot;initValues&quot;:{&quot;x&quot;:&quot;-10px&quot;,&quot;y&quot;:&quot;30px&quot;,&quot;rotationX&quot;:10,&quot;opacity&quot;:0,&quot;transformOrigin&quot;:&quot;50% 50% 0px&quot;},&quot;animations&quot;:{&quot;x&quot;:&quot;0px&quot;,&quot;y&quot;:&quot;0px&quot;,&quot;rotationX&quot;:0,&quot;opacity&quot;:1,&quot;transformOrigin&quot;:&quot;50% 50% 0px&quot;}}\" class=\"elementor-element elementor-element-22b1fa20 elementor-widget__width-inherit elementor-widget-mobile__width-inherit elementor-hidden-desktop elementor-hidden-tablet elementor-hidden-mobile elementor-widget elementor-widget-hub_fancy_heading\" data-id=\"22b1fa20\" data-element_type=\"widget\" data-e-type=\"widget\" data-widget_type=\"hub_fancy_heading.default\">\n\t\t\t\t<div class=\"elementor-widget-container\">\n\t\t\t\t\t\n\t\t<div id=\"ld-fancy-heading-69e74f40ad79f\" class=\"ld-fancy-heading pos-rel\">\n\t\t\t<h2 class=\"ld-fh-element d-inline-block pos-rel  elementor-heading-title lqd-highlight-classic lqd-highlight-grow-left h2\"  > Business events organization<\/h2>\t\t<\/div>\n\n\t\t\t\t\t\t<\/div>\n\t\t\t\t<\/div>\n\t\t\t\t<div data-custom-animations=\"true\" data-ca-options=\"{&quot;addChildTimelines&quot;:false,&quot;trigger&quot;:&quot;firstChild&quot;,&quot;animationTarget&quot;:&quot;.lqd-split-lines .lqd-lines .split-inner, .lqd-adv-txt-fig&quot;,&quot;ease&quot;:[&quot;power4.out&quot;],&quot;initValues&quot;:{&quot;y&quot;:&quot;30px&quot;,&quot;rotationX&quot;:5,&quot;opacity&quot;:0,&quot;transformOrigin&quot;:&quot;50% 50% 0px&quot;},&quot;animations&quot;:{&quot;y&quot;:&quot;0px&quot;,&quot;rotationX&quot;:0,&quot;opacity&quot;:1,&quot;transformOrigin&quot;:&quot;50% 50% 0px&quot;}}\" class=\"elementor-element elementor-element-1c226497 elementor-widget-mobile__width-inherit intro_txt elementor-widget elementor-widget-hub_fancy_heading lqd-el-has-inner-anim\" data-id=\"1c226497\" data-element_type=\"widget\" data-e-type=\"widget\" data-settings=\"{&quot;enable_split&quot;:&quot;true&quot;,&quot;split_type&quot;:&quot;lines&quot;}\" data-widget_type=\"hub_fancy_heading.default\">\n\t\t\t\t<div class=\"elementor-widget-container\">\n\t\t\t\t\t\n\t\t<div id=\"ld-fancy-heading-69e74f40ae195\" class=\"ld-fancy-heading pos-rel\">\n\t\t\t<p class=\"ld-fh-element d-inline-block pos-rel  lqd-highlight-classic lqd-highlight-grow-left lqd-split-lines p\"  data-split-text=\"true\" data-split-options='{\"type\":\"lines\"}'> Petram Resort &amp; Residences je idealen kraj za organizacijo poslovnih dogodkov, seminarjev in konferenc. Sodobna kongresna dvorana s kapaciteto do 80 oseb (theatre setup) je popolnoma prilagodljiva razli\u010dnim tipom dogodkov \u2013 mize in stoli se lahko razporedijo po razli\u010dnih postavitvah, glede na va\u0161e potrebe.<\/p>\t\t<\/div>\n\n\t\t\t\t\t\t<\/div>\n\t\t\t\t<\/div>\n\t\t\t\t\t<\/div>\n\t\t\t\t<\/div>\n\t\t<div class=\"elementor-element elementor-element-270dde3 e-flex e-con-boxed e-con e-parent\" data-id=\"270dde3\" data-element_type=\"container\" data-e-type=\"container\" data-settings=\"{&quot;background_background&quot;:&quot;classic&quot;}\">\n\t\t\t\t\t<div class=\"e-con-inner\">\n\t\t<div class=\"elementor-element elementor-element-9797001 e-con-full e-flex e-con e-child\" data-id=\"9797001\" data-element_type=\"container\" data-e-type=\"container\">\n\t\t<div class=\"elementor-element elementor-element-2b4da81 e-flex e-con-boxed e-con e-child\" data-id=\"2b4da81\" data-element_type=\"container\" data-e-type=\"container\">\n\t\t\t\t\t<div class=\"e-con-inner\">\n\t\t\t\t<div class=\"elementor-element elementor-element-01e9fc2 elementor-arrows-position-inside elementor-pagination-position-outside elementor-widget elementor-widget-image-carousel\" data-id=\"01e9fc2\" data-element_type=\"widget\" data-e-type=\"widget\" data-settings=\"{&quot;slides_to_show&quot;:&quot;1&quot;,&quot;navigation&quot;:&quot;both&quot;,&quot;autoplay&quot;:&quot;yes&quot;,&quot;pause_on_hover&quot;:&quot;yes&quot;,&quot;pause_on_interaction&quot;:&quot;yes&quot;,&quot;autoplay_speed&quot;:5000,&quot;infinite&quot;:&quot;yes&quot;,&quot;effect&quot;:&quot;slide&quot;,&quot;speed&quot;:500}\" data-widget_type=\"image-carousel.default\">\n\t\t\t\t<div class=\"elementor-widget-container\">\n\t\t\t\t\t\t\t<div class=\"elementor-image-carousel-wrapper swiper\" role=\"region\" aria-roledescription=\"carousel\" aria-label=\"Image Carousel\" dir=\"ltr\">\n\t\t\t<div class=\"elementor-image-carousel swiper-wrapper\" aria-live=\"off\">\n\t\t\t\t\t\t\t\t<div class=\"swiper-slide\" role=\"group\" aria-roledescription=\"slide\" aria-label=\"1 of 4\"><a data-elementor-open-lightbox=\"yes\" data-elementor-lightbox-slideshow=\"01e9fc2\" data-e-action-hash=\"#elementor-action%3Aaction%3Dlightbox%26settings%3DeyJpZCI6MjE3MjksInVybCI6Imh0dHBzOlwvXC9wZXRyYW1yZXNvcnQuY29tXC93cC1jb250ZW50XC91cGxvYWRzXC8yMDI0XC8wMVwvS09ORkVSRU5DSUpTS0EtMDUuanBnIiwic2xpZGVzaG93IjoiMDFlOWZjMiJ9\" href=\"https:\/\/petramresort.com\/wp-content\/uploads\/2024\/01\/KONFERENCIJSKA-05.jpg\"><figure class=\"swiper-slide-inner\"><img decoding=\"async\" class=\"swiper-slide-image\" src=\"https:\/\/petramresort.com\/wp-content\/uploads\/2024\/01\/KONFERENCIJSKA-05.jpg\" alt=\"KONFERENCIJSKA-05\" \/><\/figure><\/a><\/div><div class=\"swiper-slide\" role=\"group\" aria-roledescription=\"slide\" aria-label=\"2 of 4\"><a data-elementor-open-lightbox=\"yes\" data-elementor-lightbox-slideshow=\"01e9fc2\" data-e-action-hash=\"#elementor-action%3Aaction%3Dlightbox%26settings%3DeyJpZCI6MjE3MjgsInVybCI6Imh0dHBzOlwvXC9wZXRyYW1yZXNvcnQuY29tXC93cC1jb250ZW50XC91cGxvYWRzXC8yMDI0XC8wMVwvS09ORkVSRU5DSUpTS0EtMDMuanBnIiwic2xpZGVzaG93IjoiMDFlOWZjMiJ9\" href=\"https:\/\/petramresort.com\/wp-content\/uploads\/2024\/01\/KONFERENCIJSKA-03.jpg\"><figure class=\"swiper-slide-inner\"><img decoding=\"async\" class=\"swiper-slide-image\" src=\"https:\/\/petramresort.com\/wp-content\/uploads\/2024\/01\/KONFERENCIJSKA-03.jpg\" alt=\"KONFERENCIJSKA-03\" \/><\/figure><\/a><\/div><div class=\"swiper-slide\" role=\"group\" aria-roledescription=\"slide\" aria-label=\"3 of 4\"><a data-elementor-open-lightbox=\"yes\" data-elementor-lightbox-slideshow=\"01e9fc2\" data-e-action-hash=\"#elementor-action%3Aaction%3Dlightbox%26settings%3DeyJpZCI6MjE3MjcsInVybCI6Imh0dHBzOlwvXC9wZXRyYW1yZXNvcnQuY29tXC93cC1jb250ZW50XC91cGxvYWRzXC8yMDI0XC8wMVwvS09ORkVSRU5DSUpTS0EtMDIuanBnIiwic2xpZGVzaG93IjoiMDFlOWZjMiJ9\" href=\"https:\/\/petramresort.com\/wp-content\/uploads\/2024\/01\/KONFERENCIJSKA-02.jpg\"><figure class=\"swiper-slide-inner\"><img decoding=\"async\" class=\"swiper-slide-image\" src=\"https:\/\/petramresort.com\/wp-content\/uploads\/2024\/01\/KONFERENCIJSKA-02.jpg\" alt=\"KONFERENCIJSKA-02\" \/><\/figure><\/a><\/div><div class=\"swiper-slide\" role=\"group\" aria-roledescription=\"slide\" aria-label=\"4 of 4\"><a data-elementor-open-lightbox=\"yes\" data-elementor-lightbox-slideshow=\"01e9fc2\" data-e-action-hash=\"#elementor-action%3Aaction%3Dlightbox%26settings%3DeyJpZCI6MjE3MjYsInVybCI6Imh0dHBzOlwvXC9wZXRyYW1yZXNvcnQuY29tXC93cC1jb250ZW50XC91cGxvYWRzXC8yMDI0XC8wMVwvS09ORkVSRU5DSUpTS0EtMDEuanBnIiwic2xpZGVzaG93IjoiMDFlOWZjMiJ9\" href=\"https:\/\/petramresort.com\/wp-content\/uploads\/2024\/01\/KONFERENCIJSKA-01.jpg\"><figure class=\"swiper-slide-inner\"><img decoding=\"async\" class=\"swiper-slide-image\" src=\"https:\/\/petramresort.com\/wp-content\/uploads\/2024\/01\/KONFERENCIJSKA-01.jpg\" alt=\"KONFERENCIJSKA-01\" \/><\/figure><\/a><\/div>\t\t\t<\/div>\n\t\t\t\t\t\t\t\t\t\t\t\t<div class=\"elementor-swiper-button elementor-swiper-button-prev\" role=\"button\" tabindex=\"0\">\n\t\t\t\t\t\t<svg aria-hidden=\"true\" class=\"e-font-icon-svg e-eicon-chevron-left\" viewBox=\"0 0 1000 1000\" xmlns=\"http:\/\/www.w3.org\/2000\/svg\"><path d=\"M646 125C629 125 613 133 604 142L308 442C296 454 292 471 292 487 292 504 296 521 308 533L604 854C617 867 629 875 646 875 663 875 679 871 692 858 704 846 713 829 713 812 713 796 708 779 692 767L438 487 692 225C700 217 708 204 708 187 708 171 704 154 692 142 675 129 663 125 646 125Z\"><\/path><\/svg>\t\t\t\t\t<\/div>\n\t\t\t\t\t<div class=\"elementor-swiper-button elementor-swiper-button-next\" role=\"button\" tabindex=\"0\">\n\t\t\t\t\t\t<svg aria-hidden=\"true\" class=\"e-font-icon-svg e-eicon-chevron-right\" viewBox=\"0 0 1000 1000\" xmlns=\"http:\/\/www.w3.org\/2000\/svg\"><path d=\"M696 533C708 521 713 504 713 487 713 471 708 454 696 446L400 146C388 133 375 125 354 125 338 125 325 129 313 142 300 154 292 171 292 187 292 204 296 221 308 233L563 492 304 771C292 783 288 800 288 817 288 833 296 850 308 863 321 871 338 875 354 875 371 875 388 867 400 854L696 533Z\"><\/path><\/svg>\t\t\t\t\t<\/div>\n\t\t\t\t\n\t\t\t\t\t\t\t\t\t<div class=\"swiper-pagination\"><\/div>\n\t\t\t\t\t\t\t\t\t<\/div>\n\t\t\t\t\t\t<\/div>\n\t\t\t\t<\/div>\n\t\t\t\t\t<\/div>\n\t\t\t\t<\/div>\n\t\t<div class=\"elementor-element elementor-element-b73bda8 e-flex e-con-boxed e-con e-child\" data-id=\"b73bda8\" data-element_type=\"container\" data-e-type=\"container\">\n\t\t\t\t\t<div class=\"e-con-inner\">\n\t\t\t\t<div class=\"elementor-element elementor-element-33296ff elementor-widget elementor-widget-text-editor\" data-id=\"33296ff\" data-element_type=\"widget\" data-e-type=\"widget\" data-widget_type=\"text-editor.default\">\n\t\t\t\t<div class=\"elementor-widget-container\">\n\t\t\t\t\t\t\t\t\t<p>Prostor je opremljen s celotno konferen\u010dno opremo \u2013 mikrofon, projektor, platno, TV, video oprema, flipchart, prilagodljiva razsvetljava in ozvo\u010denje \u2013 zagotavlja vse potrebno za profesionalno izvedbo dogodka.<\/p><p>Poleg tehni\u010dne podpore na\u0161 strokovni tim nudi personalizirano organizacijo od na\u010drtovanja do izvedbe, s \u010dimer zagotavlja nemoten potek vsakega dogodka.<\/p><p>Resort, ki se nahaja v Savudriji, ponuja navdihujo\u010de okolje z razgledom na morje, vrhunsko gastronomijo in mo\u017enosti sprostitve po uradnem delu v ekskluzivni rooftop restavraciji. Najem dvorane in spremljajo\u010dih vsebin je mo\u017een skozi vse leto, kar Petram Resort &amp; Residences naredi idealno izbiro za poslovne dogodke in teambuilding.<\/p>\t\t\t\t\t\t\t\t<\/div>\n\t\t\t\t<\/div>\n\t\t<div class=\"elementor-element elementor-element-0ec6a5c e-con-full e-grid e-con e-child\" data-id=\"0ec6a5c\" data-element_type=\"container\" data-e-type=\"container\">\n\t\t\t\t<div class=\"elementor-element elementor-element-b6ea4e4 elementor-align-left elementor-widget__width-initial elementor-mobile-align-center elementor-tablet-align-center elementor-widget-mobile__width-inherit elementor-widget elementor-widget-ld_button\" data-id=\"b6ea4e4\" data-element_type=\"widget\" data-e-type=\"widget\" data-widget_type=\"ld_button.default\">\n\t\t\t\t<div class=\"elementor-widget-container\">\n\t\t\t\t\t\n\t\t\t<a\n\t\t\t\tclass=\"elementor-button btn btn-solid btn-hover-txt-liquid-x btn-custom-size btn-icon-shaped btn-has-label\" data-lqd-lity=\"#modal-20751\" href=\"#modal-20751\"\t\t\t>\n\t\t\t\t\t\t\t\t\t<span data-text=\"Po\u0161ljite povpra\u0161evanje\" class=\"btn-txt\" data-transition-delay=\"true\" data-delay-options=\"{&quot;elements&quot;: &quot;.lqd-chars&quot;, &quot;delayType&quot;: &quot;animation&quot;, &quot;startDelay&quot;: 0, &quot;delayBetween&quot;: 32.5}\" data-split-text=\"true\" data-split-options=\"{&quot;type&quot;: &quot;chars, words&quot;}\">\n\t\t\t\t\t\tPo\u0161ljite povpra\u0161evanje\t\t\t\t\t<\/span>\n\t\t\t\t\t\t\t\t\t\t\t<\/a>\n\t\t\t\t\t\t\t<\/div>\n\t\t\t\t<\/div>\n\t\t\t\t<\/div>\n\t\t\t\t\t<\/div>\n\t\t\t\t<\/div>\n\t\t\t\t<\/div>\n\t\t<div class=\"elementor-element elementor-element-a249a82 e-con-full e-flex e-con e-child\" data-id=\"a249a82\" data-element_type=\"container\" data-e-type=\"container\">\n\t\t\t\t<div class=\"elementor-element elementor-element-f06d7f2 table_holder elementor-hidden-mobile elementor-widget elementor-widget-html\" data-id=\"f06d7f2\" data-element_type=\"widget\" data-e-type=\"widget\" data-widget_type=\"html.default\">\n\t\t\t\t<div class=\"elementor-widget-container\">\n\t\t\t\t\t<table class=\"table\">\n    <tr>\n        <td>Broj mjesta<\/td>\n        <td>Pozornica<\/td>\n        <td>Razglas<\/td>\n        <td>Rasvjeta<\/td>\n        <td>Projektor<\/td>\n        <td>Platno<\/td>\n        <td>TV<\/td>\n        <td>Video oprema<\/td>\n    <\/tr>\n    <tr>\n        <td>80<\/td>\n        <td>Da<\/td>\n        <td>Da<\/td>\n        <td>Da<\/td>\n        <td>Da<\/td>\n        <td>Da<\/td>\n        <td>Da<\/td>\n        <td>Da<\/td>\n    <\/tr>\n<\/table>\t\t\t\t<\/div>\n\t\t\t\t<\/div>\n\t\t\t\t<\/div>\n\t\t\t\t\t<\/div>\n\t\t\t\t<\/div>\n\t\t<div class=\"elementor-element elementor-element-fa69dbf e-flex e-con-boxed e-con e-parent\" data-id=\"fa69dbf\" data-element_type=\"container\" data-e-type=\"container\" data-settings=\"{&quot;position&quot;:&quot;absolute&quot;}\">\n\t\t\t\t\t<div class=\"e-con-inner\">\n\t\t\t\t<div class=\"elementor-element elementor-element-3d370a9 elementor-widget elementor-widget-ld_modal_window\" data-id=\"3d370a9\" data-element_type=\"widget\" data-e-type=\"widget\" data-settings=\"{&quot;content_type&quot;:&quot;el_template&quot;}\" data-widget_type=\"ld_modal_window.default\">\n\t\t\t\t<div class=\"elementor-widget-container\">\n\t\t\t\t\t\n\t\t\n\t\t\n\t\t\t<div id=\"modal-20751\" class=\"lqd-modal lqd-lity-hide\" data-modal-type=\"default\">\n\n\t\t\t\t\n\t\t\t\t<div class=\"lqd-modal-inner\">\n\n\t\t\t\t\t\t\t\t\t\t<div class=\"lqd-modal-content\">\n\t\t\t\t\t\t\t\t<div data-elementor-type=\"container\" data-elementor-id=\"20751\" class=\"elementor elementor-20751 elementor-7461\" data-elementor-post-type=\"elementor_library\">\n\t\t\t\t<div class=\"elementor-element elementor-element-655b8865 e-flex e-con-boxed e-con e-parent\" data-id=\"655b8865\" data-element_type=\"container\" data-e-type=\"container\" data-settings=\"{&quot;background_background&quot;:&quot;classic&quot;}\">\n\t\t\t\t\t<div class=\"e-con-inner\">\n\t\t<div class=\"elementor-element elementor-element-4a065716 e-flex e-con-boxed e-con e-child\" data-id=\"4a065716\" data-element_type=\"container\" data-e-type=\"container\">\n\t\t\t\t\t<div class=\"e-con-inner\">\n\t\t\t\t<div class=\"elementor-element elementor-element-71106291 elementor-widget elementor-widget-heading\" data-id=\"71106291\" data-element_type=\"widget\" data-e-type=\"widget\" data-widget_type=\"heading.default\">\n\t\t\t\t<div class=\"elementor-widget-container\">\n\t\t\t\t\t<h3 class=\"elementor-heading-title elementor-size-default\">Po\u0161alji upit<\/h3>\t\t\t\t<\/div>\n\t\t\t\t<\/div>\n\t\t\t\t<div class=\"elementor-element elementor-element-789c7818 elementor-widget elementor-widget-html\" data-id=\"789c7818\" data-element_type=\"widget\" data-e-type=\"widget\" data-widget_type=\"html.default\">\n\t\t\t\t<div class=\"elementor-widget-container\">\n\t\t\t\t\t<script>\r\n  hbspt.forms.create({\r\n    region: \"eu1\",\r\n    portalId: \"27152555\",\r\n    formId: \"089cb4e6-4179-412e-adbe-3534d99fbab9\"\r\n  });\r\n<\/script>\r\n\r\n\r\n\t\t\t\t<\/div>\n\t\t\t\t<\/div>\n\t\t\t\t\t<\/div>\n\t\t\t\t<\/div>\n\t\t\t\t\t<\/div>\n\t\t\t\t<\/div>\n\t\t\t\t<\/div>\n\t\t\t\t\t\t\t<\/div>\n\n\t\t\t\t\t<div class=\"lqd-modal-foot\"><\/div>\n\n\t\t\t\t<\/div>\n\t\t\t<\/div>\n\n\t\t\n\t\t\t\t\t\t<\/div>\n\t\t\t\t<\/div>\n\t\t\t\t\t<\/div>\n\t\t\t\t<\/div>\n\t\t\t\t<\/div>\n\t\t","protected":false},"excerpt":{"rendered":"<p>Kongresna dvorana Business events organization Petram Resort &amp; Residences je idealen kraj za organizacijo poslovnih dogodkov, seminarjev in konferenc. Sodobna kongresna dvorana s kapaciteto do 80 oseb (theatre setup) je popolnoma prilagodljiva razli\u010dnim tipom dogodkov \u2013 mize in stoli se lahko razporedijo po razli\u010dnih postavitvah, glede na va\u0161e potrebe. Prostor je opremljen s celotno konferen\u010dno [&hellip;]<\/p>\n","protected":false},"author":1,"featured_media":0,"parent":0,"menu_order":0,"comment_status":"closed","ping_status":"closed","template":"elementor_header_footer","meta":{"_acf_changed":false,"footnotes":""},"class_list":["post-36721","page","type-page","status-publish","hentry"],"acf":[],"yoast_head":"<!-- This site is optimized with the Yoast SEO plugin v27.0 - https:\/\/yoast.com\/product\/yoast-seo-wordpress\/ -->\n<title>Kongresna dvorana - Petram Resort &amp; Residences<\/title>\n<meta name=\"description\" content=\"When you are organizing a business event, you want to have everything undercontrol. Allow us to help you with that.\" \/>\n<meta name=\"robots\" content=\"index, follow, max-snippet:-1, max-image-preview:large, max-video-preview:-1\" \/>\n<link rel=\"canonical\" href=\"https:\/\/petramresort.com\/sl\/kongresna-dvorana\/\" \/>\n<meta property=\"og:locale\" content=\"sl_SI\" \/>\n<meta property=\"og:type\" content=\"article\" \/>\n<meta property=\"og:title\" content=\"Kongresna dvorana - Petram Resort &amp; Residences\" \/>\n<meta property=\"og:description\" content=\"When you are organizing a business event, you want to have everything undercontrol. Allow us to help you with that.\" \/>\n<meta property=\"og:url\" content=\"https:\/\/petramresort.com\/sl\/kongresna-dvorana\/\" \/>\n<meta property=\"og:site_name\" content=\"Petram Resort &amp; Residences\" \/>\n<meta property=\"article:modified_time\" content=\"2026-03-24T08:21:26+00:00\" \/>\n<meta property=\"og:image\" content=\"https:\/\/petramresort.com\/wp-content\/uploads\/2024\/01\/KONFERENCIJSKA-05.jpg\" \/>\n<meta name=\"twitter:card\" content=\"summary_large_image\" \/>\n<meta name=\"twitter:label1\" content=\"Est. reading time\" \/>\n\t<meta name=\"twitter:data1\" content=\"3 minute\" \/>\n<script type=\"application\/ld+json\" class=\"yoast-schema-graph\">{\"@context\":\"https:\/\/schema.org\",\"@graph\":[{\"@type\":\"WebPage\",\"@id\":\"https:\/\/petramresort.com\/sl\/kongresna-dvorana\/\",\"url\":\"https:\/\/petramresort.com\/sl\/kongresna-dvorana\/\",\"name\":\"Kongresna dvorana - Petram Resort &amp; Residences\",\"isPartOf\":{\"@id\":\"https:\/\/petramresort.com\/#website\"},\"primaryImageOfPage\":{\"@id\":\"https:\/\/petramresort.com\/sl\/kongresna-dvorana\/#primaryimage\"},\"image\":{\"@id\":\"https:\/\/petramresort.com\/sl\/kongresna-dvorana\/#primaryimage\"},\"thumbnailUrl\":\"https:\/\/petramresort.com\/wp-content\/uploads\/2024\/01\/KONFERENCIJSKA-05.jpg\",\"datePublished\":\"2026-03-23T11:57:26+00:00\",\"dateModified\":\"2026-03-24T08:21:26+00:00\",\"description\":\"When you are organizing a business event, you want to have everything undercontrol. Allow us to help you with that.\",\"breadcrumb\":{\"@id\":\"https:\/\/petramresort.com\/sl\/kongresna-dvorana\/#breadcrumb\"},\"inLanguage\":\"sl-SI\",\"potentialAction\":[{\"@type\":\"ReadAction\",\"target\":[\"https:\/\/petramresort.com\/sl\/kongresna-dvorana\/\"]}]},{\"@type\":\"ImageObject\",\"inLanguage\":\"sl-SI\",\"@id\":\"https:\/\/petramresort.com\/sl\/kongresna-dvorana\/#primaryimage\",\"url\":\"https:\/\/petramresort.com\/wp-content\/uploads\/2024\/01\/KONFERENCIJSKA-05.jpg\",\"contentUrl\":\"https:\/\/petramresort.com\/wp-content\/uploads\/2024\/01\/KONFERENCIJSKA-05.jpg\"},{\"@type\":\"BreadcrumbList\",\"@id\":\"https:\/\/petramresort.com\/sl\/kongresna-dvorana\/#breadcrumb\",\"itemListElement\":[{\"@type\":\"ListItem\",\"position\":1,\"name\":\"Home\",\"item\":\"https:\/\/petramresort.com\/\"},{\"@type\":\"ListItem\",\"position\":2,\"name\":\"Kongresna dvorana\"}]},{\"@type\":\"WebSite\",\"@id\":\"https:\/\/petramresort.com\/#website\",\"url\":\"https:\/\/petramresort.com\/\",\"name\":\"Petram Resort &amp; Residences\",\"description\":\"\",\"potentialAction\":[{\"@type\":\"SearchAction\",\"target\":{\"@type\":\"EntryPoint\",\"urlTemplate\":\"https:\/\/petramresort.com\/?s={search_term_string}\"},\"query-input\":{\"@type\":\"PropertyValueSpecification\",\"valueRequired\":true,\"valueName\":\"search_term_string\"}}],\"inLanguage\":\"sl-SI\"}]}<\/script>\n<!-- \/ Yoast SEO plugin. -->","yoast_head_json":{"title":"Kongresna dvorana - Petram Resort &amp; Residences","description":"When you are organizing a business event, you want to have everything undercontrol. Allow us to help you with that.","robots":{"index":"index","follow":"follow","max-snippet":"max-snippet:-1","max-image-preview":"max-image-preview:large","max-video-preview":"max-video-preview:-1"},"canonical":"https:\/\/petramresort.com\/sl\/kongresna-dvorana\/","og_locale":"sl_SI","og_type":"article","og_title":"Kongresna dvorana - Petram Resort &amp; Residences","og_description":"When you are organizing a business event, you want to have everything undercontrol. Allow us to help you with that.","og_url":"https:\/\/petramresort.com\/sl\/kongresna-dvorana\/","og_site_name":"Petram Resort &amp; Residences","article_modified_time":"2026-03-24T08:21:26+00:00","og_image":[{"url":"https:\/\/petramresort.com\/wp-content\/uploads\/2024\/01\/KONFERENCIJSKA-05.jpg","type":"","width":"","height":""}],"twitter_card":"summary_large_image","twitter_misc":{"Est. reading time":"3 minute"},"schema":{"@context":"https:\/\/schema.org","@graph":[{"@type":"WebPage","@id":"https:\/\/petramresort.com\/sl\/kongresna-dvorana\/","url":"https:\/\/petramresort.com\/sl\/kongresna-dvorana\/","name":"Kongresna dvorana - Petram Resort &amp; Residences","isPartOf":{"@id":"https:\/\/petramresort.com\/#website"},"primaryImageOfPage":{"@id":"https:\/\/petramresort.com\/sl\/kongresna-dvorana\/#primaryimage"},"image":{"@id":"https:\/\/petramresort.com\/sl\/kongresna-dvorana\/#primaryimage"},"thumbnailUrl":"https:\/\/petramresort.com\/wp-content\/uploads\/2024\/01\/KONFERENCIJSKA-05.jpg","datePublished":"2026-03-23T11:57:26+00:00","dateModified":"2026-03-24T08:21:26+00:00","description":"When you are organizing a business event, you want to have everything undercontrol. Allow us to help you with that.","breadcrumb":{"@id":"https:\/\/petramresort.com\/sl\/kongresna-dvorana\/#breadcrumb"},"inLanguage":"sl-SI","potentialAction":[{"@type":"ReadAction","target":["https:\/\/petramresort.com\/sl\/kongresna-dvorana\/"]}]},{"@type":"ImageObject","inLanguage":"sl-SI","@id":"https:\/\/petramresort.com\/sl\/kongresna-dvorana\/#primaryimage","url":"https:\/\/petramresort.com\/wp-content\/uploads\/2024\/01\/KONFERENCIJSKA-05.jpg","contentUrl":"https:\/\/petramresort.com\/wp-content\/uploads\/2024\/01\/KONFERENCIJSKA-05.jpg"},{"@type":"BreadcrumbList","@id":"https:\/\/petramresort.com\/sl\/kongresna-dvorana\/#breadcrumb","itemListElement":[{"@type":"ListItem","position":1,"name":"Home","item":"https:\/\/petramresort.com\/"},{"@type":"ListItem","position":2,"name":"Kongresna dvorana"}]},{"@type":"WebSite","@id":"https:\/\/petramresort.com\/#website","url":"https:\/\/petramresort.com\/","name":"Petram Resort &amp; Residences","description":"","potentialAction":[{"@type":"SearchAction","target":{"@type":"EntryPoint","urlTemplate":"https:\/\/petramresort.com\/?s={search_term_string}"},"query-input":{"@type":"PropertyValueSpecification","valueRequired":true,"valueName":"search_term_string"}}],"inLanguage":"sl-SI"}]}},"_links":{"self":[{"href":"https:\/\/petramresort.com\/sl\/wp-json\/wp\/v2\/pages\/36721","targetHints":{"allow":["GET"]}}],"collection":[{"href":"https:\/\/petramresort.com\/sl\/wp-json\/wp\/v2\/pages"}],"about":[{"href":"https:\/\/petramresort.com\/sl\/wp-json\/wp\/v2\/types\/page"}],"author":[{"embeddable":true,"href":"https:\/\/petramresort.com\/sl\/wp-json\/wp\/v2\/users\/1"}],"replies":[{"embeddable":true,"href":"https:\/\/petramresort.com\/sl\/wp-json\/wp\/v2\/comments?post=36721"}],"version-history":[{"count":7,"href":"https:\/\/petramresort.com\/sl\/wp-json\/wp\/v2\/pages\/36721\/revisions"}],"predecessor-version":[{"id":36762,"href":"https:\/\/petramresort.com\/sl\/wp-json\/wp\/v2\/pages\/36721\/revisions\/36762"}],"wp:attachment":[{"href":"https:\/\/petramresort.com\/sl\/wp-json\/wp\/v2\/media?parent=36721"}],"curies":[{"name":"wp","href":"https:\/\/api.w.org\/{rel}","templated":true}]}}