{"id":15614,"date":"2024-10-28T19:54:30","date_gmt":"2024-10-28T19:54:30","guid":{"rendered":"https:\/\/petramresort.com\/?page_id=15614"},"modified":"2026-03-04T12:08:08","modified_gmt":"2026-03-04T12:08:08","slug":"o-nama","status":"publish","type":"page","link":"https:\/\/petramresort.com\/sl\/o-nama\/","title":{"rendered":"O NAMA"},"content":{"rendered":"\t\t<div data-elementor-type=\"wp-page\" data-elementor-id=\"15614\" class=\"elementor elementor-15614 elementor-15119\" data-elementor-post-type=\"page\">\n\t\t\t\t<div class=\"elementor-element elementor-element-798de9a e-con-full e-grid e-con e-parent\" data-id=\"798de9a\" data-element_type=\"container\" data-e-type=\"container\">\n\t\t\t\t<div class=\"elementor-element elementor-element-fd12bcb elementor-widget__width-inherit elementor-widget elementor-widget-html\" data-id=\"fd12bcb\" data-element_type=\"widget\" data-e-type=\"widget\" data-widget_type=\"html.default\">\n\t\t\t\t<div class=\"elementor-widget-container\">\n\t\t\t\t\t<div class=\"main-iframe-video-container\">\n    <iframe\n      id=\"vimeo-player-fullscreen\"\n      frameborder=\"0\"\n      allow=\"autoplay; fullscreen; picture-in-picture;\"\n      title=\"Petram Resort Residences official video II.\"\n      data-ready=\"true\"\n      allowfullscreen\n    >\n    <\/iframe>\n<\/div>\t\t\t\t<\/div>\n\t\t\t\t<\/div>\n\t\t\t\t<\/div>\n\t\t<div class=\"elementor-element elementor-element-b348bf8 e-flex e-con-boxed e-con e-parent\" data-id=\"b348bf8\" data-element_type=\"container\" data-e-type=\"container\" data-settings=\"{&quot;background_background&quot;:&quot;classic&quot;}\">\n\t\t\t\t\t<div class=\"e-con-inner\">\n\t\t\t\t<div data-custom-animations=\"true\" data-ca-options=\"{&quot;addChildTimelines&quot;:false,&quot;trigger&quot;:&quot;firstChild&quot;,&quot;animationTarget&quot;:&quot;:scope &gt; .elementor-widget-container&quot;,&quot;duration&quot;:200,&quot;delay&quot;:20,&quot;ease&quot;:&quot;circ.out&quot;,&quot;initValues&quot;:{&quot;x&quot;:&quot;-10px&quot;,&quot;y&quot;:&quot;30px&quot;,&quot;rotationX&quot;:10,&quot;opacity&quot;:0,&quot;transformOrigin&quot;:&quot;50% 50% 0px&quot;},&quot;animations&quot;:{&quot;x&quot;:&quot;0px&quot;,&quot;y&quot;:&quot;0px&quot;,&quot;rotationX&quot;:0,&quot;opacity&quot;:1,&quot;transformOrigin&quot;:&quot;50% 50% 0px&quot;}}\" class=\"elementor-element elementor-element-30d0c91 elementor-widget__width-initial elementor-widget-mobile__width-inherit elementor-widget elementor-widget-hub_fancy_heading\" data-id=\"30d0c91\" data-element_type=\"widget\" data-e-type=\"widget\" data-widget_type=\"hub_fancy_heading.default\">\n\t\t\t\t<div class=\"elementor-widget-container\">\n\t\t\t\t\t\n\t\t<div id=\"ld-fancy-heading-69e5ee775c581\" class=\"ld-fancy-heading pos-rel\">\n\t\t\t<h2 class=\"ld-fh-element d-inline-block pos-rel  elementor-heading-title lqd-highlight-classic lqd-highlight-grow-left h2\"  > O kompleksu\n<\/h2>\t\t<\/div>\n\n\t\t\t\t\t\t<\/div>\n\t\t\t\t<\/div>\n\t\t\t\t<div data-custom-animations=\"true\" data-ca-options=\"{&quot;addChildTimelines&quot;:false,&quot;trigger&quot;:&quot;firstChild&quot;,&quot;animationTarget&quot;:&quot;:scope &gt; .elementor-widget-container&quot;,&quot;duration&quot;:200,&quot;delay&quot;:20,&quot;ease&quot;:&quot;circ.out&quot;,&quot;initValues&quot;:{&quot;x&quot;:&quot;-10px&quot;,&quot;y&quot;:&quot;30px&quot;,&quot;rotationX&quot;:10,&quot;opacity&quot;:0,&quot;transformOrigin&quot;:&quot;50% 50% 0px&quot;},&quot;animations&quot;:{&quot;x&quot;:&quot;0px&quot;,&quot;y&quot;:&quot;0px&quot;,&quot;rotationX&quot;:0,&quot;opacity&quot;:1,&quot;transformOrigin&quot;:&quot;50% 50% 0px&quot;}}\" class=\"elementor-element elementor-element-60b144f elementor-widget__width-initial elementor-widget-mobile__width-inherit elementor-widget elementor-widget-hub_fancy_heading\" data-id=\"60b144f\" data-element_type=\"widget\" data-e-type=\"widget\" data-widget_type=\"hub_fancy_heading.default\">\n\t\t\t\t<div class=\"elementor-widget-container\">\n\t\t\t\t\t\n\t\t<div id=\"ld-fancy-heading-69e5ee775e228\" class=\"ld-fancy-heading pos-rel\">\n\t\t\t<h2 class=\"ld-fh-element d-inline-block pos-rel  elementor-heading-title lqd-highlight-classic lqd-highlight-grow-left h2\"  > Petram Resort &amp; Residences v Savudriji je luksuzni turisti\u010dni kompleks, name\u0161\u010den na severozahodu Istre, blizu slovenske meje. Odprt je bil leta 2023, zasnovan pa je tako, da gostom ponudi vrhunsko udobje in zasebnost. Resort vklju\u010duje prostorne vile, apartmaje in stanovanja, od katerih mnogi nudijo spektakularen pogled na Jadransko morje.\n\nVsebine vklju\u010dujejo infinity bazen, spa center, restavracije z vrhunsko kulinariko, \u0161portne in rekreacijske povr\u0161ine ter ekskluzivne pla\u017ene prostore. Resort je idealen za tiste, ki i\u0161\u010dejo mir, luksuz in zasebnost v sofisticiranem okolju, njegova bli\u017eina igri\u0161\u010du za golf in presti\u017enim turisti\u010dnim atrakcijam Istre pa je dodatna prednost za obiskovalce.<\/h2>\t\t<\/div>\n\n\t\t\t\t\t\t<\/div>\n\t\t\t\t<\/div>\n\t\t\t\t\t<\/div>\n\t\t\t\t<\/div>\n\t\t<div class=\"elementor-element elementor-element-a1dd4fa e-flex e-con-boxed e-con e-parent\" data-id=\"a1dd4fa\" data-element_type=\"container\" data-e-type=\"container\" data-settings=\"{&quot;background_background&quot;:&quot;classic&quot;}\">\n\t\t\t\t\t<div class=\"e-con-inner\">\n\t\t<div data-custom-animations=\"true\" data-ca-options=\"{&quot;addChildTimelines&quot;:false,&quot;trigger&quot;:&quot;firstChild&quot;,&quot;animationTarget&quot;:&quot;:scope .e-con-inner &gt; .elementor-element:not(.lqd-exclude-parent-ca) &gt; .elementor-widget-container, :scope .e-con-inner &gt; .elementor-widget-hub_fancy_heading .lqd-split-lines .lqd-lines .split-inner, :scope .e-con-inner &gt; .elementor-widget-hub_fancy_heading .lqd-split-words .lqd-words .split-inner, :scope .e-con-inner &gt; .elementor-widget-hub_fancy_heading .lqd-split-chars .lqd-chars .split-inner, :scope .e-con-inner &gt; .elementor-widget-hub_fancy_heading .lqd-adv-txt-fig, :scope .e-con-inner &gt; .elementor-widget-ld_custom_menu .lqd-fancy-menu &gt; ul &gt; li, :scope .e-con:not([data-parallax]) .elementor-element &gt; .elementor-widget-container, :scope .e-con:not([data-parallax]) .elementor-widget-hub_fancy_heading .lqd-split-lines .lqd-lines .split-inner, :scope .e-con:not([data-parallax]) .elementor-widget-hub_fancy_heading .lqd-split-words .lqd-words .split-inner, :scope .e-con:not([data-parallax]) .elementor-widget-hub_fancy_heading .lqd-split-chars .lqd-chars .split-inner, :scope .e-con:not([data-parallax]) .elementor-widget-ld_custom_menu .lqd-fancy-menu &gt; ul &gt; li&quot;,&quot;duration&quot;:1000,&quot;ease&quot;:[&quot;power4.out&quot;],&quot;initValues&quot;:{&quot;y&quot;:&quot;10px&quot;,&quot;rotationX&quot;:10,&quot;opacity&quot;:0,&quot;transformOrigin&quot;:&quot;50% 50% 0px&quot;},&quot;animations&quot;:{&quot;y&quot;:&quot;0px&quot;,&quot;rotationX&quot;:0,&quot;opacity&quot;:1,&quot;transformOrigin&quot;:&quot;50% 50% 0px&quot;}}\" class=\"elementor-element elementor-element-48111cd e-flex e-con-boxed e-con e-child\" data-id=\"48111cd\" data-element_type=\"container\" data-e-type=\"container\">\n\t\t\t\t\t<div class=\"e-con-inner\">\n\t\t\t\t<div class=\"elementor-element elementor-element-dc50a49 elementor-widget elementor-widget-hub_fancy_heading\" data-id=\"dc50a49\" data-element_type=\"widget\" data-e-type=\"widget\" data-widget_type=\"hub_fancy_heading.default\">\n\t\t\t\t<div class=\"elementor-widget-container\">\n\t\t\t\t\t\n\t\t<div id=\"ld-fancy-heading-69e5ee775fdbe\" class=\"ld-fancy-heading pos-rel\">\n\t\t\t<h2 class=\"ld-fh-element d-inline-block pos-rel  elementor-heading-title lqd-highlight-classic lqd-highlight-grow-left h2\"  > MK Group\n<\/h2>\t\t<\/div>\n\n\t\t\t\t\t\t<\/div>\n\t\t\t\t<\/div>\n\t\t\t\t<div class=\"elementor-element elementor-element-44333e8 elementor-widget elementor-widget-hub_fancy_heading\" data-id=\"44333e8\" data-element_type=\"widget\" data-e-type=\"widget\" data-widget_type=\"hub_fancy_heading.default\">\n\t\t\t\t<div class=\"elementor-widget-container\">\n\t\t\t\t\t\n\t\t<div id=\"ld-fancy-heading-69e5ee776178d\" class=\"ld-fancy-heading pos-rel\">\n\t\t\t<p class=\"ld-fh-element d-inline-block pos-rel  lqd-highlight-classic lqd-highlight-grow-left p\"  > MK Group je dinami\u010dno podjetje, ki se izstopa v sektorju turizma in nepremi\u010dnin. Kot vodja v razvoju luksuznih destinacij so osredoto\u010deni na ustvarjanje edinstvenih in nepozabnih izku\u0161enj za svoje goste prek visokokakovostnih hotelov, letovi\u0161\u010d in turisti\u010dnih kompleksov. Njihova strokovnost na podro\u010dju nepremi\u010dnin zajema razvoj modernih in trajnostnih projektov, ki zadostujejo sodobnim potrebam trga. S strastnim timom, ki se posve\u010da inovacijam in kakovosti, je MK Group va\u0161 partner za investiranje in u\u017eivanje v vrhunskih turisti\u010dnih destinacijah.<\/p>\t\t<\/div>\n\n\t\t\t\t\t\t<\/div>\n\t\t\t\t<\/div>\n\t\t\t\t\t<\/div>\n\t\t\t\t<\/div>\n\t\t\t\t<div class=\"elementor-element elementor-element-8339c29 elementor-widget__width-initial elementor-widget elementor-widget-ld_fancy_image\" data-id=\"8339c29\" data-element_type=\"widget\" data-e-type=\"widget\" data-widget_type=\"ld_fancy_image.default\">\n\t\t\t\t<div class=\"elementor-widget-container\">\n\t\t\t\t\t\n\t\t<div class=\"lqd-imggrp-single d-block pos-rel \" data-shadow-style=\"3\" data-inview=\"true\" data-animate-shadow=\"true\">\n\t\t\t<div class=\"lqd-imggrp-img-container d-inline-flex pos-rel align-items-center justify-content-center \">\n\t\t\t\t\t\t\t\t<figure class=\"w-100 pos-rel\">\n\t\t\t\t\t<img fetchpriority=\"high\" decoding=\"async\" width=\"678\" height=\"455\" src=\"https:\/\/petramresort.com\/wp-content\/uploads\/2024\/12\/mk_group_logo.png\" class=\"attachment-full size-full wp-image-17545\" alt=\"Petram Resort\" srcset=\"https:\/\/petramresort.com\/wp-content\/uploads\/2024\/12\/mk_group_logo.png 678w, https:\/\/petramresort.com\/wp-content\/uploads\/2024\/12\/mk_group_logo-300x201.png 300w\" sizes=\"(max-width: 678px) 100vw, 678px\" itemprop=\"image\" \/>\t\t\t\t\t\t\t\t\t\t\t\t\t\t\t\t\t\t\t\t\t\t\t\t\t\t\t\t\t<\/figure>\n\t\t\t<\/div>\n\t\t<\/div>\n\n\t\t\t\t\t<\/div>\n\t\t\t\t<\/div>\n\t\t\t\t\t<\/div>\n\t\t\t\t<\/div>\n\t\t<div class=\"elementor-element elementor-element-38d2d6d e-flex e-con-boxed e-con e-parent\" data-id=\"38d2d6d\" data-element_type=\"container\" data-e-type=\"container\" data-settings=\"{&quot;background_background&quot;:&quot;classic&quot;}\">\n\t\t\t\t\t<div class=\"e-con-inner\">\n\t\t<div data-custom-animations=\"true\" data-ca-options=\"{&quot;addChildTimelines&quot;:false,&quot;trigger&quot;:&quot;firstChild&quot;,&quot;animationTarget&quot;:&quot;:scope .e-con-inner &gt; .elementor-element:not(.lqd-exclude-parent-ca) &gt; .elementor-widget-container, :scope .e-con-inner &gt; .elementor-widget-hub_fancy_heading .lqd-split-lines .lqd-lines .split-inner, :scope .e-con-inner &gt; .elementor-widget-hub_fancy_heading .lqd-split-words .lqd-words .split-inner, :scope .e-con-inner &gt; .elementor-widget-hub_fancy_heading .lqd-split-chars .lqd-chars .split-inner, :scope .e-con-inner &gt; .elementor-widget-hub_fancy_heading .lqd-adv-txt-fig, :scope .e-con-inner &gt; .elementor-widget-ld_custom_menu .lqd-fancy-menu &gt; ul &gt; li, :scope .e-con:not([data-parallax]) .elementor-element &gt; .elementor-widget-container, :scope .e-con:not([data-parallax]) .elementor-widget-hub_fancy_heading .lqd-split-lines .lqd-lines .split-inner, :scope .e-con:not([data-parallax]) .elementor-widget-hub_fancy_heading .lqd-split-words .lqd-words .split-inner, :scope .e-con:not([data-parallax]) .elementor-widget-hub_fancy_heading .lqd-split-chars .lqd-chars .split-inner, :scope .e-con:not([data-parallax]) .elementor-widget-ld_custom_menu .lqd-fancy-menu &gt; ul &gt; li&quot;,&quot;duration&quot;:1000,&quot;ease&quot;:[&quot;power4.out&quot;],&quot;initValues&quot;:{&quot;y&quot;:&quot;10px&quot;,&quot;rotationX&quot;:10,&quot;opacity&quot;:0,&quot;transformOrigin&quot;:&quot;50% 50% 0px&quot;},&quot;animations&quot;:{&quot;y&quot;:&quot;0px&quot;,&quot;rotationX&quot;:0,&quot;opacity&quot;:1,&quot;transformOrigin&quot;:&quot;50% 50% 0px&quot;}}\" class=\"elementor-element elementor-element-d8bf03a e-flex e-con-boxed e-con e-child\" data-id=\"d8bf03a\" data-element_type=\"container\" data-e-type=\"container\">\n\t\t\t\t\t<div class=\"e-con-inner\">\n\t\t\t\t<div class=\"elementor-element elementor-element-6950d51 elementor-widget elementor-widget-hub_fancy_heading\" data-id=\"6950d51\" data-element_type=\"widget\" data-e-type=\"widget\" data-widget_type=\"hub_fancy_heading.default\">\n\t\t\t\t<div class=\"elementor-widget-container\">\n\t\t\t\t\t\n\t\t<div id=\"ld-fancy-heading-69e5ee776513f\" class=\"ld-fancy-heading pos-rel\">\n\t\t\t<h2 class=\"ld-fh-element d-inline-block pos-rel  elementor-heading-title lqd-highlight-classic lqd-highlight-grow-left h2\"  > Aleksandar Group\n<\/h2>\t\t<\/div>\n\n\t\t\t\t\t\t<\/div>\n\t\t\t\t<\/div>\n\t\t\t\t<div class=\"elementor-element elementor-element-cd5abaf elementor-widget elementor-widget-hub_fancy_heading\" data-id=\"cd5abaf\" data-element_type=\"widget\" data-e-type=\"widget\" data-widget_type=\"hub_fancy_heading.default\">\n\t\t\t\t<div class=\"elementor-widget-container\">\n\t\t\t\t\t\n\t\t<div id=\"ld-fancy-heading-69e5ee7766afb\" class=\"ld-fancy-heading pos-rel\">\n\t\t\t<p class=\"ld-fh-element d-inline-block pos-rel  lqd-highlight-classic lqd-highlight-grow-left p\"  > Aleksandar Group je ugledno podjetje, specializirano za razvoj nepremi\u010dnin in zagotavljanje celovitih storitev na podro\u010dju gradbeni\u0161tva. Z dolgoletnimi izku\u0161njami na trgu so osredoto\u010deni na gradnjo kakovostnih in trajnostnih objektov, ki izpolnjujejo visoke standarde in potrebe sodobnih uporabnikov. Njihova ponudba zajema stanovanjske, komercialne in industrijske projekte, njihov tim strokovnjakov pa se posve\u010da inovacijam in u\u010dinkovitosti v vseh vidikih poslovanja. S strastjo do kakovosti in profesionalnostjo je Aleksandar Group zanesljiv partner pri uresni\u010devanju va\u0161ih poslovnih in investicijskih ciljev.\n<\/p>\t\t<\/div>\n\n\t\t\t\t\t\t<\/div>\n\t\t\t\t<\/div>\n\t\t\t\t\t<\/div>\n\t\t\t\t<\/div>\n\t\t\t\t<div class=\"elementor-element elementor-element-2f7bd91 elementor-widget__width-initial elementor-widget elementor-widget-ld_fancy_image\" data-id=\"2f7bd91\" data-element_type=\"widget\" data-e-type=\"widget\" data-widget_type=\"ld_fancy_image.default\">\n\t\t\t\t<div class=\"elementor-widget-container\">\n\t\t\t\t\t\n\t\t<div class=\"lqd-imggrp-single d-block pos-rel \" data-shadow-style=\"3\" data-inview=\"true\" data-animate-shadow=\"true\">\n\t\t\t<div class=\"lqd-imggrp-img-container d-inline-flex pos-rel align-items-center justify-content-center \">\n\t\t\t\t\t\t\t\t<figure class=\"w-100 pos-rel\">\n\t\t\t\t\t<img decoding=\"async\" width=\"680\" height=\"454\" src=\"data:image\/svg+xml;charset=utf-8,%3Csvg xmlns%3D&#039;http%3A%2F%2Fwww.w3.org%2F2000%2Fsvg&#039; viewBox%3D&#039;0 0 680 454&#039;%2F%3E\" class=\"attachment-full size-full wp-image-17541 ld-lazyload\" alt=\"Petram Resort\" itemprop=\"image\" data-src=\"https:\/\/petramresort.com\/wp-content\/uploads\/2024\/12\/LOGO-ALEKSANDAR-GROUP.png\" data-srcset=\"https:\/\/petramresort.com\/wp-content\/uploads\/2024\/12\/LOGO-ALEKSANDAR-GROUP.png 680w, https:\/\/petramresort.com\/wp-content\/uploads\/2024\/12\/LOGO-ALEKSANDAR-GROUP-300x200.png 300w\" data-sizes=\"(max-width: 680px) 100vw, 680px\" data-aspect=\"1.4977973568282\" \/>\t\t\t\t\t\t\t\t\t\t\t\t\t\t\t\t\t\t\t\t\t\t\t\t\t\t\t\t\t<\/figure>\n\t\t\t<\/div>\n\t\t<\/div>\n\n\t\t\t\t\t<\/div>\n\t\t\t\t<\/div>\n\t\t\t\t\t<\/div>\n\t\t\t\t<\/div>\n\t\t\t\t<\/div>\n\t\t","protected":false},"excerpt":{"rendered":"<p>O kompleksu Petram Resort &amp; Residences v Savudriji je luksuzni turisti\u010dni kompleks, name\u0161\u010den na severozahodu Istre, blizu slovenske meje. Odprt je bil leta 2023, zasnovan pa je tako, da gostom ponudi vrhunsko udobje in zasebnost. Resort vklju\u010duje prostorne vile, apartmaje in stanovanja, od katerih mnogi nudijo spektakularen pogled na Jadransko morje. Vsebine vklju\u010dujejo infinity bazen, [&hellip;]<\/p>\n","protected":false},"author":8,"featured_media":0,"parent":0,"menu_order":0,"comment_status":"closed","ping_status":"closed","template":"","meta":{"_acf_changed":false,"footnotes":""},"class_list":["post-15614","page","type-page","status-publish","hentry"],"acf":[],"yoast_head":"<!-- This site is optimized with the Yoast SEO plugin v27.0 - https:\/\/yoast.com\/product\/yoast-seo-wordpress\/ -->\n<title>O NAMA - Petram Resort &amp; Residences<\/title>\n<meta name=\"description\" content=\"Savudrija, a quiet fishing village in the very north of Croatian Istria, is a carefully guarded secret of the Mediterranean.\" \/>\n<meta name=\"robots\" content=\"index, follow, max-snippet:-1, max-image-preview:large, max-video-preview:-1\" \/>\n<link rel=\"canonical\" href=\"https:\/\/petramresort.com\/about-us\/\" \/>\n<meta property=\"og:locale\" content=\"sl_SI\" \/>\n<meta property=\"og:type\" content=\"article\" \/>\n<meta property=\"og:title\" content=\"O NAMA - Petram Resort &amp; Residences\" \/>\n<meta property=\"og:description\" content=\"Savudrija, a quiet fishing village in the very north of Croatian Istria, is a carefully guarded secret of the Mediterranean.\" \/>\n<meta property=\"og:url\" content=\"https:\/\/petramresort.com\/about-us\/\" \/>\n<meta property=\"og:site_name\" content=\"Petram Resort &amp; Residences\" \/>\n<meta property=\"article:modified_time\" content=\"2026-03-04T12:08:08+00:00\" \/>\n<meta property=\"og:image\" content=\"https:\/\/petramresort.com\/wp-content\/uploads\/2024\/12\/mk_group_logo.png\" \/>\n\t<meta property=\"og:image:width\" content=\"678\" \/>\n\t<meta property=\"og:image:height\" content=\"455\" \/>\n\t<meta property=\"og:image:type\" content=\"image\/png\" \/>\n<meta name=\"twitter:card\" content=\"summary_large_image\" \/>\n<meta name=\"twitter:label1\" content=\"Est. reading time\" \/>\n\t<meta name=\"twitter:data1\" content=\"2 minuti\" \/>\n<script type=\"application\/ld+json\" class=\"yoast-schema-graph\">{\"@context\":\"https:\/\/schema.org\",\"@graph\":[{\"@type\":\"WebPage\",\"@id\":\"https:\/\/petramresort.com\/about-us\/\",\"url\":\"https:\/\/petramresort.com\/about-us\/\",\"name\":\"O NAMA - Petram Resort &amp; Residences\",\"isPartOf\":{\"@id\":\"https:\/\/petramresort.com\/#website\"},\"primaryImageOfPage\":{\"@id\":\"https:\/\/petramresort.com\/about-us\/#primaryimage\"},\"image\":{\"@id\":\"https:\/\/petramresort.com\/about-us\/#primaryimage\"},\"thumbnailUrl\":\"https:\/\/petramresort.com\/wp-content\/uploads\/2024\/12\/mk_group_logo.png\",\"datePublished\":\"2024-10-28T19:54:30+00:00\",\"dateModified\":\"2026-03-04T12:08:08+00:00\",\"description\":\"Savudrija, a quiet fishing village in the very north of Croatian Istria, is a carefully guarded secret of the Mediterranean.\",\"breadcrumb\":{\"@id\":\"https:\/\/petramresort.com\/about-us\/#breadcrumb\"},\"inLanguage\":\"sl-SI\",\"potentialAction\":[{\"@type\":\"ReadAction\",\"target\":[\"https:\/\/petramresort.com\/about-us\/\"]}]},{\"@type\":\"ImageObject\",\"inLanguage\":\"sl-SI\",\"@id\":\"https:\/\/petramresort.com\/about-us\/#primaryimage\",\"url\":\"https:\/\/petramresort.com\/wp-content\/uploads\/2024\/12\/mk_group_logo.png\",\"contentUrl\":\"https:\/\/petramresort.com\/wp-content\/uploads\/2024\/12\/mk_group_logo.png\"},{\"@type\":\"BreadcrumbList\",\"@id\":\"https:\/\/petramresort.com\/about-us\/#breadcrumb\",\"itemListElement\":[{\"@type\":\"ListItem\",\"position\":1,\"name\":\"Home\",\"item\":\"https:\/\/petramresort.com\/\"},{\"@type\":\"ListItem\",\"position\":2,\"name\":\"O NAMA\"}]},{\"@type\":\"WebSite\",\"@id\":\"https:\/\/petramresort.com\/#website\",\"url\":\"https:\/\/petramresort.com\/\",\"name\":\"Petram Resort &amp; Residences\",\"description\":\"\",\"potentialAction\":[{\"@type\":\"SearchAction\",\"target\":{\"@type\":\"EntryPoint\",\"urlTemplate\":\"https:\/\/petramresort.com\/?s={search_term_string}\"},\"query-input\":{\"@type\":\"PropertyValueSpecification\",\"valueRequired\":true,\"valueName\":\"search_term_string\"}}],\"inLanguage\":\"sl-SI\"}]}<\/script>\n<!-- \/ Yoast SEO plugin. -->","yoast_head_json":{"title":"O NAMA - Petram Resort &amp; Residences","description":"Savudrija, a quiet fishing village in the very north of Croatian Istria, is a carefully guarded secret of the Mediterranean.","robots":{"index":"index","follow":"follow","max-snippet":"max-snippet:-1","max-image-preview":"max-image-preview:large","max-video-preview":"max-video-preview:-1"},"canonical":"https:\/\/petramresort.com\/about-us\/","og_locale":"sl_SI","og_type":"article","og_title":"O NAMA - Petram Resort &amp; Residences","og_description":"Savudrija, a quiet fishing village in the very north of Croatian Istria, is a carefully guarded secret of the Mediterranean.","og_url":"https:\/\/petramresort.com\/about-us\/","og_site_name":"Petram Resort &amp; Residences","article_modified_time":"2026-03-04T12:08:08+00:00","og_image":[{"width":678,"height":455,"url":"https:\/\/petramresort.com\/wp-content\/uploads\/2024\/12\/mk_group_logo.png","type":"image\/png"}],"twitter_card":"summary_large_image","twitter_misc":{"Est. reading time":"2 minuti"},"schema":{"@context":"https:\/\/schema.org","@graph":[{"@type":"WebPage","@id":"https:\/\/petramresort.com\/about-us\/","url":"https:\/\/petramresort.com\/about-us\/","name":"O NAMA - Petram Resort &amp; Residences","isPartOf":{"@id":"https:\/\/petramresort.com\/#website"},"primaryImageOfPage":{"@id":"https:\/\/petramresort.com\/about-us\/#primaryimage"},"image":{"@id":"https:\/\/petramresort.com\/about-us\/#primaryimage"},"thumbnailUrl":"https:\/\/petramresort.com\/wp-content\/uploads\/2024\/12\/mk_group_logo.png","datePublished":"2024-10-28T19:54:30+00:00","dateModified":"2026-03-04T12:08:08+00:00","description":"Savudrija, a quiet fishing village in the very north of Croatian Istria, is a carefully guarded secret of the Mediterranean.","breadcrumb":{"@id":"https:\/\/petramresort.com\/about-us\/#breadcrumb"},"inLanguage":"sl-SI","potentialAction":[{"@type":"ReadAction","target":["https:\/\/petramresort.com\/about-us\/"]}]},{"@type":"ImageObject","inLanguage":"sl-SI","@id":"https:\/\/petramresort.com\/about-us\/#primaryimage","url":"https:\/\/petramresort.com\/wp-content\/uploads\/2024\/12\/mk_group_logo.png","contentUrl":"https:\/\/petramresort.com\/wp-content\/uploads\/2024\/12\/mk_group_logo.png"},{"@type":"BreadcrumbList","@id":"https:\/\/petramresort.com\/about-us\/#breadcrumb","itemListElement":[{"@type":"ListItem","position":1,"name":"Home","item":"https:\/\/petramresort.com\/"},{"@type":"ListItem","position":2,"name":"O NAMA"}]},{"@type":"WebSite","@id":"https:\/\/petramresort.com\/#website","url":"https:\/\/petramresort.com\/","name":"Petram Resort &amp; Residences","description":"","potentialAction":[{"@type":"SearchAction","target":{"@type":"EntryPoint","urlTemplate":"https:\/\/petramresort.com\/?s={search_term_string}"},"query-input":{"@type":"PropertyValueSpecification","valueRequired":true,"valueName":"search_term_string"}}],"inLanguage":"sl-SI"}]}},"_links":{"self":[{"href":"https:\/\/petramresort.com\/sl\/wp-json\/wp\/v2\/pages\/15614","targetHints":{"allow":["GET"]}}],"collection":[{"href":"https:\/\/petramresort.com\/sl\/wp-json\/wp\/v2\/pages"}],"about":[{"href":"https:\/\/petramresort.com\/sl\/wp-json\/wp\/v2\/types\/page"}],"author":[{"embeddable":true,"href":"https:\/\/petramresort.com\/sl\/wp-json\/wp\/v2\/users\/8"}],"replies":[{"embeddable":true,"href":"https:\/\/petramresort.com\/sl\/wp-json\/wp\/v2\/comments?post=15614"}],"version-history":[{"count":6,"href":"https:\/\/petramresort.com\/sl\/wp-json\/wp\/v2\/pages\/15614\/revisions"}],"predecessor-version":[{"id":35893,"href":"https:\/\/petramresort.com\/sl\/wp-json\/wp\/v2\/pages\/15614\/revisions\/35893"}],"wp:attachment":[{"href":"https:\/\/petramresort.com\/sl\/wp-json\/wp\/v2\/media?parent=15614"}],"curies":[{"name":"wp","href":"https:\/\/api.w.org\/{rel}","templated":true}]}}