{"id":26210,"date":"2024-01-18T14:17:16","date_gmt":"2024-01-18T14:17:16","guid":{"rendered":"https:\/\/petramresort.com\/?page_id=26210"},"modified":"2025-01-24T13:52:20","modified_gmt":"2025-01-24T13:52:20","slug":"barrierefreiheit","status":"publish","type":"page","link":"https:\/\/petramresort.com\/de\/barrierefreiheit\/","title":{"rendered":"Barrierefreiheit"},"content":{"rendered":"\t\t<div data-elementor-type=\"wp-page\" data-elementor-id=\"26210\" class=\"elementor elementor-26210 elementor-7381\" data-elementor-post-type=\"page\">\n\t\t\t\t<div class=\"elementor-element elementor-element-5447207f e-con-full header_fullwidth e-flex e-con e-parent\" data-id=\"5447207f\" data-element_type=\"container\" data-e-type=\"container\" data-settings=\"{&quot;background_background&quot;:&quot;classic&quot;}\">\n\t\t<div class=\"elementor-element elementor-element-6efdef11 e-con-full e-flex e-con e-child\" data-id=\"6efdef11\" data-element_type=\"container\" data-e-type=\"container\">\n\t\t\t\t<div data-parallax=\"true\" data-parallax-options=\"{&quot;ease&quot;:[&quot;linear&quot;],&quot;start&quot;:&quot;center center&quot;,&quot;end&quot;:&quot;bottom+=0px top&quot;}\" data-parallax-from=\"{&quot;y&quot;:&quot;0px&quot;,&quot;transformOrigin&quot;:&quot;50% 50% 0px&quot;}\" data-parallax-to=\"{&quot;y&quot;:&quot;-60px&quot;,&quot;transformOrigin&quot;:&quot;50% 50% 0px&quot;}\" data-custom-animations=\"true\" data-ca-options=\"{&quot;addChildTimelines&quot;:false,&quot;trigger&quot;:&quot;firstChild&quot;,&quot;animationTarget&quot;:&quot;.lqd-split-lines .lqd-lines .split-inner, .lqd-adv-txt-fig&quot;,&quot;duration&quot;:300,&quot;delay&quot;:40,&quot;ease&quot;:[&quot;power4.out&quot;],&quot;initValues&quot;:{&quot;x&quot;:&quot;-20px&quot;,&quot;rotationX&quot;:10,&quot;opacity&quot;:0,&quot;transformOrigin&quot;:&quot;50% 50% 0px&quot;},&quot;animations&quot;:{&quot;x&quot;:&quot;0px&quot;,&quot;rotationX&quot;:0,&quot;opacity&quot;:1,&quot;transformOrigin&quot;:&quot;50% 50% 0px&quot;}}\" class=\"elementor-element elementor-element-1f986172 elementor-widget elementor-widget-hub_fancy_heading lqd-el-has-inner-anim\" data-id=\"1f986172\" data-element_type=\"widget\" data-e-type=\"widget\" data-settings=\"{&quot;enable_split&quot;:&quot;true&quot;,&quot;split_type&quot;:&quot;lines&quot;}\" data-widget_type=\"hub_fancy_heading.default\">\n\t\t\t\t<div class=\"elementor-widget-container\">\n\t\t\t\t\t\n\t\t<div id=\"ld-fancy-heading-69e49dbf30e96\" class=\"ld-fancy-heading pos-rel\">\n\t\t\t<h1 class=\"ld-fh-element d-inline-block pos-rel  elementor-heading-title lqd-highlight-classic lqd-highlight-grow-left lqd-split-lines h1\"  data-split-text=\"true\" data-split-options='{\"type\":\"lines\"}'> Barrierefreiheit<\/h1>\t\t<\/div>\n\n\t\t\t\t\t\t<\/div>\n\t\t\t\t<\/div>\n\t\t\t\t<\/div>\n\t\t\t\t<\/div>\n\t\t<div class=\"elementor-element elementor-element-4eaa5d37 intro_el e-flex e-con-boxed e-con e-parent\" data-id=\"4eaa5d37\" data-element_type=\"container\" data-e-type=\"container\" id=\"about\" data-settings=\"{&quot;background_background&quot;:&quot;classic&quot;}\">\n\t\t\t\t\t<div class=\"e-con-inner\">\n\t\t\t\t<div data-custom-animations=\"true\" data-ca-options=\"{&quot;addChildTimelines&quot;:false,&quot;trigger&quot;:&quot;firstChild&quot;,&quot;animationTarget&quot;:&quot;.lqd-split-chars .lqd-chars .split-inner, .lqd-adv-txt-fig&quot;,&quot;duration&quot;:200,&quot;delay&quot;:20,&quot;ease&quot;:&quot;circ.out&quot;,&quot;initValues&quot;:{&quot;x&quot;:&quot;-10px&quot;,&quot;y&quot;:&quot;30px&quot;,&quot;rotationX&quot;:10,&quot;opacity&quot;:0,&quot;transformOrigin&quot;:&quot;50% 50% 0px&quot;},&quot;animations&quot;:{&quot;x&quot;:&quot;0px&quot;,&quot;y&quot;:&quot;0px&quot;,&quot;rotationX&quot;:0,&quot;opacity&quot;:1,&quot;transformOrigin&quot;:&quot;50% 50% 0px&quot;}}\" class=\"elementor-element elementor-element-63d09a78 elementor-widget__width-inherit elementor-widget-mobile__width-inherit elementor-widget elementor-widget-hub_fancy_heading lqd-el-has-inner-anim\" data-id=\"63d09a78\" data-element_type=\"widget\" data-e-type=\"widget\" data-settings=\"{&quot;enable_split&quot;:&quot;true&quot;,&quot;split_type&quot;:&quot;chars, words&quot;}\" data-widget_type=\"hub_fancy_heading.default\">\n\t\t\t\t<div class=\"elementor-widget-container\">\n\t\t\t\t\t\n\t\t<div id=\"ld-fancy-heading-69e49dbf32028\" class=\"ld-fancy-heading pos-rel\">\n\t\t\t<h2 class=\"ld-fh-element d-inline-block pos-rel  elementor-heading-title lqd-highlight-classic lqd-highlight-grow-left lqd-split-chars h2\"  data-split-text=\"true\" data-split-options='{\"type\":\"chars, words\"}'> Luxuri\u00f6se Apartments f\u00fcr Menschen mit eingeschr\u00e4nkter Mobilit\u00e4t\n<\/h2>\t\t<\/div>\n\n\t\t\t\t\t\t<\/div>\n\t\t\t\t<\/div>\n\t\t\t\t<div data-custom-animations=\"true\" data-ca-options=\"{&quot;addChildTimelines&quot;:false,&quot;trigger&quot;:&quot;firstChild&quot;,&quot;animationTarget&quot;:&quot;.lqd-split-lines .lqd-lines .split-inner, .lqd-adv-txt-fig&quot;,&quot;ease&quot;:[&quot;power4.out&quot;],&quot;initValues&quot;:{&quot;y&quot;:&quot;30px&quot;,&quot;rotationX&quot;:5,&quot;opacity&quot;:0,&quot;transformOrigin&quot;:&quot;50% 50% 0px&quot;},&quot;animations&quot;:{&quot;y&quot;:&quot;0px&quot;,&quot;rotationX&quot;:0,&quot;opacity&quot;:1,&quot;transformOrigin&quot;:&quot;50% 50% 0px&quot;}}\" class=\"elementor-element elementor-element-6c668022 elementor-widget__width-initial elementor-widget-mobile__width-inherit intro_txt elementor-widget elementor-widget-hub_fancy_heading lqd-el-has-inner-anim\" data-id=\"6c668022\" data-element_type=\"widget\" data-e-type=\"widget\" data-settings=\"{&quot;enable_split&quot;:&quot;true&quot;,&quot;split_type&quot;:&quot;lines&quot;}\" data-widget_type=\"hub_fancy_heading.default\">\n\t\t\t\t<div class=\"elementor-widget-container\">\n\t\t\t\t\t\n\t\t<div id=\"ld-fancy-heading-69e49dbf32d32\" class=\"ld-fancy-heading pos-rel\">\n\t\t\t<p class=\"ld-fh-element d-inline-block pos-rel  lqd-highlight-classic lqd-highlight-grow-left lqd-split-lines p\"  data-split-text=\"true\" data-split-options='{\"type\":\"lines\"}'> Das gesamte Petram Resort &amp; Residences ist so konzipiert, dass alle Einrichtungen f\u00fcr unsere G\u00e4ste mit eingeschr\u00e4nkter Mobilit\u00e4t zug\u00e4nglich sind. Rampen und Aufz\u00fcge erm\u00f6glichen einen maximalen Zugang zu allen Gemeinschaftsr\u00e4umen. Zudem bieten wir attraktive, vollst\u00e4ndig m\u00f6blierte Apartments, die speziell an die Bed\u00fcrfnisse von Menschen mit eingeschr\u00e4nkter Mobilit\u00e4t angepasst sind.\n<\/p>\t\t<\/div>\n\n\t\t\t\t\t\t<\/div>\n\t\t\t\t<\/div>\n\t\t\t\t<div class=\"elementor-element elementor-element-4523b53d elementor-hidden-desktop elementor-hidden-tablet elementor-hidden-mobile elementor-widget elementor-widget-ld_button\" data-id=\"4523b53d\" data-element_type=\"widget\" data-e-type=\"widget\" data-widget_type=\"ld_button.default\">\n\t\t\t\t<div class=\"elementor-widget-container\">\n\t\t\t\t\t\n\t\t\t<a\n\t\t\t\thref=\"\/about-us\"class=\"elementor-button btn btn-solid btn-hover-txt-liquid-x btn-icon-shaped btn-has-label\"\t\t\t>\n\t\t\t\t\t\t\t\t\t<span data-text=\"SAZNAJTE VI\u0160E\" class=\"btn-txt\" data-transition-delay=\"true\" data-delay-options=\"{&quot;elements&quot;: &quot;.lqd-chars&quot;, &quot;delayType&quot;: &quot;animation&quot;, &quot;startDelay&quot;: 0, &quot;delayBetween&quot;: 32.5}\" data-split-text=\"true\" data-split-options=\"{&quot;type&quot;: &quot;chars, words&quot;}\">\n\t\t\t\t\t\tSAZNAJTE VI\u0160E\t\t\t\t\t<\/span>\n\t\t\t\t\t\t\t\t\t\t\t<\/a>\n\t\t\t\t\t\t\t<\/div>\n\t\t\t\t<\/div>\n\t\t<div class=\"elementor-element elementor-element-49752f60 e-flex e-con-boxed e-con e-child\" data-id=\"49752f60\" data-element_type=\"container\" data-e-type=\"container\">\n\t\t\t\t\t<div class=\"e-con-inner\">\n\t\t\t\t<div data-parallax=\"true\" data-parallax-options=\"{&quot;ease&quot;:[&quot;linear&quot;],&quot;start&quot;:&quot;top bottom&quot;,&quot;end&quot;:&quot;bottom+=0px top&quot;}\" data-parallax-from=\"{&quot;x&quot;:&quot;30px&quot;,&quot;y&quot;:&quot;100px&quot;,&quot;transformOrigin&quot;:&quot;50% 50% 0px&quot;}\" data-parallax-to=\"{&quot;x&quot;:&quot;0px&quot;,&quot;y&quot;:&quot;-100px&quot;,&quot;transformOrigin&quot;:&quot;50% 50% 0px&quot;}\" class=\"elementor-element elementor-element-d0f0400 elementor-widget__width-initial elementor-widget-mobile__width-initial elementor-widget elementor-widget-ld_fancy_image\" data-id=\"d0f0400\" data-element_type=\"widget\" data-e-type=\"widget\" data-widget_type=\"ld_fancy_image.default\">\n\t\t\t\t<div class=\"elementor-widget-container\">\n\t\t\t\t\t\n\t\t<div class=\"lqd-imggrp-single d-block pos-rel \" data-shadow-style=\"1\" data-inview=\"true\" data-animate-shadow=\"true\">\n\t\t\t<div class=\"lqd-imggrp-img-container d-inline-flex pos-rel align-items-center justify-content-center \">\n\t\t\t\t\t\t\t\t<figure class=\"w-100 pos-rel\">\n\t\t\t\t\t<img fetchpriority=\"high\" decoding=\"async\" width=\"800\" height=\"534\" src=\"https:\/\/petramresort.com\/wp-content\/uploads\/2024\/02\/acc2.jpg\" class=\"attachment-full size-full wp-image-7932\" alt=\"Petram Resort &amp; Residences\" srcset=\"https:\/\/petramresort.com\/wp-content\/uploads\/2024\/02\/acc2.jpg 800w, https:\/\/petramresort.com\/wp-content\/uploads\/2024\/02\/acc2-300x200.jpg 300w, https:\/\/petramresort.com\/wp-content\/uploads\/2024\/02\/acc2-720x480.jpg 720w\" sizes=\"(max-width: 800px) 100vw, 800px\" itemprop=\"image\" \/>\t\t\t\t\t\t\t\t\t\t\t\t\t\t\t\t\t\t\t\t\t\t\t\t\t\t\t\t\t<\/figure>\n\t\t\t<\/div>\n\t\t<\/div>\n\n\t\t\t\t\t<\/div>\n\t\t\t\t<\/div>\n\t\t\t\t<div data-parallax=\"true\" data-parallax-options=\"{&quot;ease&quot;:[&quot;linear&quot;],&quot;start&quot;:&quot;top bottom&quot;,&quot;end&quot;:&quot;bottom+=0px top&quot;}\" data-parallax-from=\"{&quot;x&quot;:&quot;-30px&quot;,&quot;y&quot;:&quot;-40px&quot;,&quot;transformOrigin&quot;:&quot;50% 50% 0px&quot;}\" data-parallax-to=\"{&quot;x&quot;:&quot;0px&quot;,&quot;y&quot;:&quot;80px&quot;,&quot;transformOrigin&quot;:&quot;50% 50% 0px&quot;}\" class=\"elementor-element elementor-element-71c4368b elementor-widget__width-initial elementor-widget elementor-widget-ld_fancy_image\" data-id=\"71c4368b\" data-element_type=\"widget\" data-e-type=\"widget\" data-widget_type=\"ld_fancy_image.default\">\n\t\t\t\t<div class=\"elementor-widget-container\">\n\t\t\t\t\t\n\t\t<div class=\"lqd-imggrp-single d-block pos-rel \" data-shadow-style=\"2\" data-inview=\"true\" data-animate-shadow=\"true\">\n\t\t\t<div class=\"lqd-imggrp-img-container d-inline-flex pos-rel align-items-center justify-content-center \">\n\t\t\t\t\t\t\t\t<figure class=\"w-100 pos-rel\">\n\t\t\t\t\t<img decoding=\"async\" width=\"800\" height=\"534\" src=\"data:image\/svg+xml;charset=utf-8,%3Csvg xmlns%3D&#039;http%3A%2F%2Fwww.w3.org%2F2000%2Fsvg&#039; viewBox%3D&#039;0 0 800 534&#039;%2F%3E\" class=\"attachment-full size-full wp-image-7930 ld-lazyload\" alt=\"Petram Resort &amp; Residences\" itemprop=\"image\" data-src=\"https:\/\/petramresort.com\/wp-content\/uploads\/2024\/02\/acc1.jpg\" data-srcset=\"https:\/\/petramresort.com\/wp-content\/uploads\/2024\/02\/acc1.jpg 800w, https:\/\/petramresort.com\/wp-content\/uploads\/2024\/02\/acc1-300x200.jpg 300w, https:\/\/petramresort.com\/wp-content\/uploads\/2024\/02\/acc1-720x480.jpg 720w\" data-sizes=\"(max-width: 800px) 100vw, 800px\" data-aspect=\"1.498127340824\" \/>\t\t\t\t\t\t\t\t\t\t\t\t\t\t\t\t\t\t\t\t\t\t\t\t\t\t\t\t\t<\/figure>\n\t\t\t<\/div>\n\t\t<\/div>\n\n\t\t\t\t\t<\/div>\n\t\t\t\t<\/div>\n\t\t\t\t\t<\/div>\n\t\t\t\t<\/div>\n\t\t\t\t\t<\/div>\n\t\t\t\t<\/div>\n\t\t\t\t<\/div>\n\t\t","protected":false},"excerpt":{"rendered":"<p>Barrierefreiheit Luxuri\u00f6se Apartments f\u00fcr Menschen mit eingeschr\u00e4nkter Mobilit\u00e4t Das gesamte Petram Resort &amp; Residences ist so konzipiert, dass alle Einrichtungen f\u00fcr unsere G\u00e4ste mit eingeschr\u00e4nkter Mobilit\u00e4t zug\u00e4nglich sind. Rampen und Aufz\u00fcge erm\u00f6glichen einen maximalen Zugang zu allen Gemeinschaftsr\u00e4umen. Zudem bieten wir attraktive, vollst\u00e4ndig m\u00f6blierte Apartments, die speziell an die Bed\u00fcrfnisse von Menschen mit eingeschr\u00e4nkter Mobilit\u00e4t [&hellip;]<\/p>\n","protected":false},"author":8,"featured_media":0,"parent":0,"menu_order":0,"comment_status":"closed","ping_status":"closed","template":"","meta":{"_acf_changed":false,"footnotes":""},"class_list":["post-26210","page","type-page","status-publish","hentry"],"acf":[],"yoast_head":"<!-- This site is optimized with the Yoast SEO plugin v27.0 - https:\/\/yoast.com\/product\/yoast-seo-wordpress\/ -->\n<title>Barrierefreiheit - Petram Resort &amp; Residences<\/title>\n<meta name=\"description\" content=\"The entire Petram Resort &amp; Residences has been adapted so that all facilities are accessible to our guests withreduced mobility.\" \/>\n<meta name=\"robots\" content=\"index, follow, max-snippet:-1, max-image-preview:large, max-video-preview:-1\" \/>\n<link rel=\"canonical\" href=\"https:\/\/petramresort.com\/de\/barrierefreiheit\/\" \/>\n<meta property=\"og:locale\" content=\"de_DE\" \/>\n<meta property=\"og:type\" content=\"article\" \/>\n<meta property=\"og:title\" content=\"Barrierefreiheit - Petram Resort &amp; Residences\" \/>\n<meta property=\"og:description\" content=\"The entire Petram Resort &amp; Residences has been adapted so that all facilities are accessible to our guests withreduced mobility.\" \/>\n<meta property=\"og:url\" content=\"https:\/\/petramresort.com\/de\/barrierefreiheit\/\" \/>\n<meta property=\"og:site_name\" content=\"Petram Resort &amp; Residences\" \/>\n<meta property=\"article:modified_time\" content=\"2025-01-24T13:52:20+00:00\" \/>\n<meta property=\"og:image\" content=\"https:\/\/petramresort.com\/wp-content\/uploads\/2024\/02\/acc2.jpg\" \/>\n<meta name=\"twitter:card\" content=\"summary_large_image\" \/>\n<meta name=\"twitter:label1\" content=\"Gesch\u00e4tzte Lesezeit\" \/>\n\t<meta name=\"twitter:data1\" content=\"1\u00a0Minute\" \/>\n<script type=\"application\/ld+json\" class=\"yoast-schema-graph\">{\"@context\":\"https:\/\/schema.org\",\"@graph\":[{\"@type\":\"WebPage\",\"@id\":\"https:\/\/petramresort.com\/de\/barrierefreiheit\/\",\"url\":\"https:\/\/petramresort.com\/de\/barrierefreiheit\/\",\"name\":\"Barrierefreiheit - Petram Resort &amp; Residences\",\"isPartOf\":{\"@id\":\"https:\/\/petramresort.com\/#website\"},\"primaryImageOfPage\":{\"@id\":\"https:\/\/petramresort.com\/de\/barrierefreiheit\/#primaryimage\"},\"image\":{\"@id\":\"https:\/\/petramresort.com\/de\/barrierefreiheit\/#primaryimage\"},\"thumbnailUrl\":\"https:\/\/petramresort.com\/wp-content\/uploads\/2024\/02\/acc2.jpg\",\"datePublished\":\"2024-01-18T14:17:16+00:00\",\"dateModified\":\"2025-01-24T13:52:20+00:00\",\"description\":\"The entire Petram Resort & Residences has been adapted so that all facilities are accessible to our guests withreduced mobility.\",\"breadcrumb\":{\"@id\":\"https:\/\/petramresort.com\/de\/barrierefreiheit\/#breadcrumb\"},\"inLanguage\":\"de\",\"potentialAction\":[{\"@type\":\"ReadAction\",\"target\":[\"https:\/\/petramresort.com\/de\/barrierefreiheit\/\"]}]},{\"@type\":\"ImageObject\",\"inLanguage\":\"de\",\"@id\":\"https:\/\/petramresort.com\/de\/barrierefreiheit\/#primaryimage\",\"url\":\"https:\/\/petramresort.com\/wp-content\/uploads\/2024\/02\/acc2.jpg\",\"contentUrl\":\"https:\/\/petramresort.com\/wp-content\/uploads\/2024\/02\/acc2.jpg\"},{\"@type\":\"BreadcrumbList\",\"@id\":\"https:\/\/petramresort.com\/de\/barrierefreiheit\/#breadcrumb\",\"itemListElement\":[{\"@type\":\"ListItem\",\"position\":1,\"name\":\"Home\",\"item\":\"https:\/\/petramresort.com\/\"},{\"@type\":\"ListItem\",\"position\":2,\"name\":\"Barrierefreiheit\"}]},{\"@type\":\"WebSite\",\"@id\":\"https:\/\/petramresort.com\/#website\",\"url\":\"https:\/\/petramresort.com\/\",\"name\":\"Petram Resort &amp; Residences\",\"description\":\"\",\"potentialAction\":[{\"@type\":\"SearchAction\",\"target\":{\"@type\":\"EntryPoint\",\"urlTemplate\":\"https:\/\/petramresort.com\/?s={search_term_string}\"},\"query-input\":{\"@type\":\"PropertyValueSpecification\",\"valueRequired\":true,\"valueName\":\"search_term_string\"}}],\"inLanguage\":\"de\"}]}<\/script>\n<!-- \/ Yoast SEO plugin. -->","yoast_head_json":{"title":"Barrierefreiheit - Petram Resort &amp; Residences","description":"The entire Petram Resort & Residences has been adapted so that all facilities are accessible to our guests withreduced mobility.","robots":{"index":"index","follow":"follow","max-snippet":"max-snippet:-1","max-image-preview":"max-image-preview:large","max-video-preview":"max-video-preview:-1"},"canonical":"https:\/\/petramresort.com\/de\/barrierefreiheit\/","og_locale":"de_DE","og_type":"article","og_title":"Barrierefreiheit - Petram Resort &amp; Residences","og_description":"The entire Petram Resort & Residences has been adapted so that all facilities are accessible to our guests withreduced mobility.","og_url":"https:\/\/petramresort.com\/de\/barrierefreiheit\/","og_site_name":"Petram Resort &amp; Residences","article_modified_time":"2025-01-24T13:52:20+00:00","og_image":[{"url":"https:\/\/petramresort.com\/wp-content\/uploads\/2024\/02\/acc2.jpg","type":"","width":"","height":""}],"twitter_card":"summary_large_image","twitter_misc":{"Gesch\u00e4tzte Lesezeit":"1\u00a0Minute"},"schema":{"@context":"https:\/\/schema.org","@graph":[{"@type":"WebPage","@id":"https:\/\/petramresort.com\/de\/barrierefreiheit\/","url":"https:\/\/petramresort.com\/de\/barrierefreiheit\/","name":"Barrierefreiheit - Petram Resort &amp; Residences","isPartOf":{"@id":"https:\/\/petramresort.com\/#website"},"primaryImageOfPage":{"@id":"https:\/\/petramresort.com\/de\/barrierefreiheit\/#primaryimage"},"image":{"@id":"https:\/\/petramresort.com\/de\/barrierefreiheit\/#primaryimage"},"thumbnailUrl":"https:\/\/petramresort.com\/wp-content\/uploads\/2024\/02\/acc2.jpg","datePublished":"2024-01-18T14:17:16+00:00","dateModified":"2025-01-24T13:52:20+00:00","description":"The entire Petram Resort & Residences has been adapted so that all facilities are accessible to our guests withreduced mobility.","breadcrumb":{"@id":"https:\/\/petramresort.com\/de\/barrierefreiheit\/#breadcrumb"},"inLanguage":"de","potentialAction":[{"@type":"ReadAction","target":["https:\/\/petramresort.com\/de\/barrierefreiheit\/"]}]},{"@type":"ImageObject","inLanguage":"de","@id":"https:\/\/petramresort.com\/de\/barrierefreiheit\/#primaryimage","url":"https:\/\/petramresort.com\/wp-content\/uploads\/2024\/02\/acc2.jpg","contentUrl":"https:\/\/petramresort.com\/wp-content\/uploads\/2024\/02\/acc2.jpg"},{"@type":"BreadcrumbList","@id":"https:\/\/petramresort.com\/de\/barrierefreiheit\/#breadcrumb","itemListElement":[{"@type":"ListItem","position":1,"name":"Home","item":"https:\/\/petramresort.com\/"},{"@type":"ListItem","position":2,"name":"Barrierefreiheit"}]},{"@type":"WebSite","@id":"https:\/\/petramresort.com\/#website","url":"https:\/\/petramresort.com\/","name":"Petram Resort &amp; Residences","description":"","potentialAction":[{"@type":"SearchAction","target":{"@type":"EntryPoint","urlTemplate":"https:\/\/petramresort.com\/?s={search_term_string}"},"query-input":{"@type":"PropertyValueSpecification","valueRequired":true,"valueName":"search_term_string"}}],"inLanguage":"de"}]}},"_links":{"self":[{"href":"https:\/\/petramresort.com\/de\/wp-json\/wp\/v2\/pages\/26210","targetHints":{"allow":["GET"]}}],"collection":[{"href":"https:\/\/petramresort.com\/de\/wp-json\/wp\/v2\/pages"}],"about":[{"href":"https:\/\/petramresort.com\/de\/wp-json\/wp\/v2\/types\/page"}],"author":[{"embeddable":true,"href":"https:\/\/petramresort.com\/de\/wp-json\/wp\/v2\/users\/8"}],"replies":[{"embeddable":true,"href":"https:\/\/petramresort.com\/de\/wp-json\/wp\/v2\/comments?post=26210"}],"version-history":[{"count":1,"href":"https:\/\/petramresort.com\/de\/wp-json\/wp\/v2\/pages\/26210\/revisions"}],"predecessor-version":[{"id":26212,"href":"https:\/\/petramresort.com\/de\/wp-json\/wp\/v2\/pages\/26210\/revisions\/26212"}],"wp:attachment":[{"href":"https:\/\/petramresort.com\/de\/wp-json\/wp\/v2\/media?parent=26210"}],"curies":[{"name":"wp","href":"https:\/\/api.w.org\/{rel}","templated":true}]}}