{"id":26145,"date":"2023-12-12T11:18:43","date_gmt":"2023-12-12T11:18:43","guid":{"rendered":"https:\/\/petramresort.com\/?page_id=26145"},"modified":"2025-01-24T15:07:13","modified_gmt":"2025-01-24T15:07:13","slug":"oeko-mobilitaet","status":"publish","type":"page","link":"https:\/\/petramresort.com\/de\/oeko-mobilitaet\/","title":{"rendered":"\u00d6ko-Mobilit\u00e4t"},"content":{"rendered":"\t\t<div data-elementor-type=\"wp-page\" data-elementor-id=\"26145\" class=\"elementor elementor-26145 elementor-5917\" data-elementor-post-type=\"page\">\n\t\t\t\t<div class=\"elementor-element elementor-element-7d1c9f6a e-con-full header_fullwidth e-flex e-con e-parent\" data-id=\"7d1c9f6a\" data-element_type=\"container\" data-e-type=\"container\" data-settings=\"{&quot;background_background&quot;:&quot;classic&quot;}\">\n\t\t<div class=\"elementor-element elementor-element-3f14e93a e-con-full e-flex e-con e-child\" data-id=\"3f14e93a\" data-element_type=\"container\" data-e-type=\"container\">\n\t\t\t\t<div data-parallax=\"true\" data-parallax-options=\"{&quot;ease&quot;:[&quot;linear&quot;],&quot;start&quot;:&quot;center center&quot;,&quot;end&quot;:&quot;bottom+=0px top&quot;}\" data-parallax-from=\"{&quot;y&quot;:&quot;0px&quot;,&quot;transformOrigin&quot;:&quot;50% 50% 0px&quot;}\" data-parallax-to=\"{&quot;y&quot;:&quot;-60px&quot;,&quot;transformOrigin&quot;:&quot;50% 50% 0px&quot;}\" data-custom-animations=\"true\" data-ca-options=\"{&quot;addChildTimelines&quot;:false,&quot;trigger&quot;:&quot;firstChild&quot;,&quot;animationTarget&quot;:&quot;.lqd-split-lines .lqd-lines .split-inner, .lqd-adv-txt-fig&quot;,&quot;duration&quot;:300,&quot;delay&quot;:40,&quot;ease&quot;:[&quot;power4.out&quot;],&quot;initValues&quot;:{&quot;x&quot;:&quot;-20px&quot;,&quot;rotationX&quot;:10,&quot;opacity&quot;:0,&quot;transformOrigin&quot;:&quot;50% 50% 0px&quot;},&quot;animations&quot;:{&quot;x&quot;:&quot;0px&quot;,&quot;rotationX&quot;:0,&quot;opacity&quot;:1,&quot;transformOrigin&quot;:&quot;50% 50% 0px&quot;}}\" class=\"elementor-element elementor-element-391ecf2 elementor-widget elementor-widget-hub_fancy_heading lqd-el-has-inner-anim\" data-id=\"391ecf2\" data-element_type=\"widget\" data-e-type=\"widget\" data-settings=\"{&quot;enable_split&quot;:&quot;true&quot;,&quot;split_type&quot;:&quot;lines&quot;}\" data-widget_type=\"hub_fancy_heading.default\">\n\t\t\t\t<div class=\"elementor-widget-container\">\n\t\t\t\t\t\n\t\t<div id=\"ld-fancy-heading-69e34c61457ba\" class=\"ld-fancy-heading pos-rel\">\n\t\t\t<h2 class=\"ld-fh-element d-inline-block pos-rel  elementor-heading-title lqd-highlight-classic lqd-highlight-grow-left lqd-split-lines h2\"  data-split-text=\"true\" data-split-options='{\"type\":\"lines\"}'> \u00d6ko-Mobilit\u00e4t<\/h2>\t\t<\/div>\n\n\t\t\t\t\t\t<\/div>\n\t\t\t\t<\/div>\n\t\t\t\t<\/div>\n\t\t\t\t<\/div>\n\t\t<div class=\"elementor-element elementor-element-332290fd e-flex e-con-boxed e-con e-parent\" data-id=\"332290fd\" data-element_type=\"container\" data-e-type=\"container\" id=\"about\" data-settings=\"{&quot;background_background&quot;:&quot;classic&quot;}\">\n\t\t\t\t\t<div class=\"e-con-inner\">\n\t\t\t\t<div class=\"elementor-element elementor-element-02ba6f2 elementor-widget elementor-widget-heading\" data-id=\"02ba6f2\" data-element_type=\"widget\" data-e-type=\"widget\" data-widget_type=\"heading.default\">\n\t\t\t\t<div class=\"elementor-widget-container\">\n\t\t\t\t\t<h2 class=\"elementor-heading-title elementor-size-default\">Im Petram atmen Sie frei<\/h2>\t\t\t\t<\/div>\n\t\t\t\t<\/div>\n\t\t\t\t<div class=\"elementor-element elementor-element-937d233 elementor-widget elementor-widget-text-editor\" data-id=\"937d233\" data-element_type=\"widget\" data-e-type=\"widget\" data-widget_type=\"text-editor.default\">\n\t\t\t\t<div class=\"elementor-widget-container\">\n\t\t\t\t\t\t\t\t\tBei der Planung des Petram Resort &#038; Residences haben wir uns auf die Zukunft konzentriert und darauf, wie wir sie besser gestalten k\u00f6nnen. Wir m\u00f6chten alles tun, um unseren CO2-Fu\u00dfabdruck so gering wie m\u00f6glich zu halten. Aus diesem Grund fahren alle unsere Buggys (Arbeits- und G\u00e4stefahrzeuge) mit Elektromotoren, und f\u00fcr unsere G\u00e4ste stehen auf dem Parkplatz auch Ladestationen f\u00fcr Elektroautos zur Verf\u00fcgung.\t\t\t\t\t\t\t\t<\/div>\n\t\t\t\t<\/div>\n\t\t<div class=\"elementor-element elementor-element-b3d747d e-flex e-con-boxed e-con e-child\" data-id=\"b3d747d\" data-element_type=\"container\" data-e-type=\"container\">\n\t\t\t\t\t<div class=\"e-con-inner\">\n\t\t\t\t<div data-parallax=\"true\" data-parallax-options=\"{&quot;ease&quot;:[&quot;linear&quot;],&quot;start&quot;:&quot;top bottom&quot;,&quot;end&quot;:&quot;bottom+=0px top&quot;}\" data-parallax-from=\"{&quot;x&quot;:&quot;30px&quot;,&quot;y&quot;:&quot;100px&quot;,&quot;transformOrigin&quot;:&quot;50% 50% 0px&quot;}\" data-parallax-to=\"{&quot;x&quot;:&quot;0px&quot;,&quot;y&quot;:&quot;-100px&quot;,&quot;transformOrigin&quot;:&quot;50% 50% 0px&quot;}\" class=\"elementor-element elementor-element-6170ac36 elementor-widget__width-initial elementor-widget-mobile__width-initial elementor-widget elementor-widget-ld_fancy_image\" data-id=\"6170ac36\" data-element_type=\"widget\" data-e-type=\"widget\" data-widget_type=\"ld_fancy_image.default\">\n\t\t\t\t<div class=\"elementor-widget-container\">\n\t\t\t\t\t\n\t\t<div class=\"lqd-imggrp-single d-block pos-rel \" data-shadow-style=\"1\" data-inview=\"true\" data-animate-shadow=\"true\">\n\t\t\t<div class=\"lqd-imggrp-img-container d-inline-flex pos-rel align-items-center justify-content-center \">\n\t\t\t\t\t\t\t\t<figure class=\"w-100 pos-rel\">\n\t\t\t\t\t<img fetchpriority=\"high\" decoding=\"async\" width=\"800\" height=\"1199\" src=\"https:\/\/petramresort.com\/wp-content\/uploads\/2024\/01\/p1.jpg\" class=\"attachment-full size-full wp-image-7539\" alt=\"Petram Resort &amp; Residences\" srcset=\"https:\/\/petramresort.com\/wp-content\/uploads\/2024\/01\/p1.jpg 800w, https:\/\/petramresort.com\/wp-content\/uploads\/2024\/01\/p1-200x300.jpg 200w, https:\/\/petramresort.com\/wp-content\/uploads\/2024\/01\/p1-683x1024.jpg 683w\" sizes=\"(max-width: 800px) 100vw, 800px\" itemprop=\"image\" \/>\t\t\t\t\t\t\t\t\t\t\t\t\t\t\t\t\t\t\t\t\t\t\t\t\t\t\t\t\t<\/figure>\n\t\t\t<\/div>\n\t\t<\/div>\n\n\t\t\t\t\t<\/div>\n\t\t\t\t<\/div>\n\t\t\t\t<div data-parallax=\"true\" data-parallax-options=\"{&quot;ease&quot;:[&quot;linear&quot;],&quot;start&quot;:&quot;top bottom&quot;,&quot;end&quot;:&quot;bottom+=0px top&quot;}\" data-parallax-from=\"{&quot;x&quot;:&quot;-30px&quot;,&quot;y&quot;:&quot;-40px&quot;,&quot;transformOrigin&quot;:&quot;50% 50% 0px&quot;}\" data-parallax-to=\"{&quot;x&quot;:&quot;0px&quot;,&quot;y&quot;:&quot;80px&quot;,&quot;transformOrigin&quot;:&quot;50% 50% 0px&quot;}\" class=\"elementor-element elementor-element-509a4e5e elementor-widget__width-initial elementor-widget elementor-widget-ld_fancy_image\" data-id=\"509a4e5e\" data-element_type=\"widget\" data-e-type=\"widget\" data-widget_type=\"ld_fancy_image.default\">\n\t\t\t\t<div class=\"elementor-widget-container\">\n\t\t\t\t\t\n\t\t<div class=\"lqd-imggrp-single d-block pos-rel \" data-shadow-style=\"2\" data-inview=\"true\" data-animate-shadow=\"true\">\n\t\t\t<div class=\"lqd-imggrp-img-container d-inline-flex pos-rel align-items-center justify-content-center \">\n\t\t\t\t\t\t\t\t<figure class=\"w-100 pos-rel\">\n\t\t\t\t\t<img decoding=\"async\" width=\"800\" height=\"534\" src=\"data:image\/svg+xml;charset=utf-8,%3Csvg xmlns%3D&#039;http%3A%2F%2Fwww.w3.org%2F2000%2Fsvg&#039; viewBox%3D&#039;0 0 800 534&#039;%2F%3E\" class=\"attachment-full size-full wp-image-7541 ld-lazyload\" alt=\"Petram Resort &amp; Residences\" itemprop=\"image\" data-src=\"https:\/\/petramresort.com\/wp-content\/uploads\/2024\/01\/p2-1.jpg\" data-srcset=\"https:\/\/petramresort.com\/wp-content\/uploads\/2024\/01\/p2-1.jpg 800w, https:\/\/petramresort.com\/wp-content\/uploads\/2024\/01\/p2-1-300x200.jpg 300w, https:\/\/petramresort.com\/wp-content\/uploads\/2024\/01\/p2-1-720x480.jpg 720w\" data-sizes=\"(max-width: 800px) 100vw, 800px\" data-aspect=\"1.498127340824\" \/>\t\t\t\t\t\t\t\t\t\t\t\t\t\t\t\t\t\t\t\t\t\t\t\t\t\t\t\t\t<\/figure>\n\t\t\t<\/div>\n\t\t<\/div>\n\n\t\t\t\t\t<\/div>\n\t\t\t\t<\/div>\n\t\t\t\t\t<\/div>\n\t\t\t\t<\/div>\n\t\t\t\t\t<\/div>\n\t\t\t\t<\/div>\n\t\t\t\t<\/div>\n\t\t","protected":false},"excerpt":{"rendered":"<p>\u00d6ko-Mobilit\u00e4t Im Petram atmen Sie frei Bei der Planung des Petram Resort &#038; Residences haben wir uns auf die Zukunft konzentriert und darauf, wie wir sie besser gestalten k\u00f6nnen. Wir m\u00f6chten alles tun, um unseren CO2-Fu\u00dfabdruck so gering wie m\u00f6glich zu halten. Aus diesem Grund fahren alle unsere Buggys (Arbeits- und G\u00e4stefahrzeuge) mit Elektromotoren, und [&hellip;]<\/p>\n","protected":false},"author":8,"featured_media":0,"parent":0,"menu_order":0,"comment_status":"closed","ping_status":"closed","template":"","meta":{"_acf_changed":false,"footnotes":""},"class_list":["post-26145","page","type-page","status-publish","hentry"],"acf":[],"yoast_head":"<!-- This site is optimized with the Yoast SEO plugin v27.0 - https:\/\/yoast.com\/product\/yoast-seo-wordpress\/ -->\n<title>\u00d6ko-Mobilit\u00e4t - Petram Resort &amp; Residences<\/title>\n<meta name=\"description\" content=\"When designing Petram Resort &amp; Residences, we focused on the future and the ways in which we can make it better. We want to do everything to leave as little carbon footprint as possible.\" \/>\n<meta name=\"robots\" content=\"index, follow, max-snippet:-1, max-image-preview:large, max-video-preview:-1\" \/>\n<link rel=\"canonical\" href=\"https:\/\/petramresort.com\/de\/oeko-mobilitaet\/\" \/>\n<meta property=\"og:locale\" content=\"de_DE\" \/>\n<meta property=\"og:type\" content=\"article\" \/>\n<meta property=\"og:title\" content=\"\u00d6ko-Mobilit\u00e4t - Petram Resort &amp; Residences\" \/>\n<meta property=\"og:description\" content=\"When designing Petram Resort &amp; Residences, we focused on the future and the ways in which we can make it better. We want to do everything to leave as little carbon footprint as possible.\" \/>\n<meta property=\"og:url\" content=\"https:\/\/petramresort.com\/de\/oeko-mobilitaet\/\" \/>\n<meta property=\"og:site_name\" content=\"Petram Resort &amp; Residences\" \/>\n<meta property=\"article:modified_time\" content=\"2025-01-24T15:07:13+00:00\" \/>\n<meta property=\"og:image\" content=\"https:\/\/petramresort.com\/wp-content\/uploads\/2024\/01\/p1.jpg\" \/>\n<meta name=\"twitter:card\" content=\"summary_large_image\" \/>\n<meta name=\"twitter:label1\" content=\"Gesch\u00e4tzte Lesezeit\" \/>\n\t<meta name=\"twitter:data1\" content=\"1\u00a0Minute\" \/>\n<script type=\"application\/ld+json\" class=\"yoast-schema-graph\">{\"@context\":\"https:\/\/schema.org\",\"@graph\":[{\"@type\":\"WebPage\",\"@id\":\"https:\/\/petramresort.com\/de\/oeko-mobilitaet\/\",\"url\":\"https:\/\/petramresort.com\/de\/oeko-mobilitaet\/\",\"name\":\"\u00d6ko-Mobilit\u00e4t - Petram Resort &amp; Residences\",\"isPartOf\":{\"@id\":\"https:\/\/petramresort.com\/#website\"},\"primaryImageOfPage\":{\"@id\":\"https:\/\/petramresort.com\/de\/oeko-mobilitaet\/#primaryimage\"},\"image\":{\"@id\":\"https:\/\/petramresort.com\/de\/oeko-mobilitaet\/#primaryimage\"},\"thumbnailUrl\":\"https:\/\/petramresort.com\/wp-content\/uploads\/2024\/01\/p1.jpg\",\"datePublished\":\"2023-12-12T11:18:43+00:00\",\"dateModified\":\"2025-01-24T15:07:13+00:00\",\"description\":\"When designing Petram Resort & Residences, we focused on the future and the ways in which we can make it better. We want to do everything to leave as little carbon footprint as possible.\",\"breadcrumb\":{\"@id\":\"https:\/\/petramresort.com\/de\/oeko-mobilitaet\/#breadcrumb\"},\"inLanguage\":\"de\",\"potentialAction\":[{\"@type\":\"ReadAction\",\"target\":[\"https:\/\/petramresort.com\/de\/oeko-mobilitaet\/\"]}]},{\"@type\":\"ImageObject\",\"inLanguage\":\"de\",\"@id\":\"https:\/\/petramresort.com\/de\/oeko-mobilitaet\/#primaryimage\",\"url\":\"https:\/\/petramresort.com\/wp-content\/uploads\/2024\/01\/p1.jpg\",\"contentUrl\":\"https:\/\/petramresort.com\/wp-content\/uploads\/2024\/01\/p1.jpg\"},{\"@type\":\"BreadcrumbList\",\"@id\":\"https:\/\/petramresort.com\/de\/oeko-mobilitaet\/#breadcrumb\",\"itemListElement\":[{\"@type\":\"ListItem\",\"position\":1,\"name\":\"Home\",\"item\":\"https:\/\/petramresort.com\/\"},{\"@type\":\"ListItem\",\"position\":2,\"name\":\"\u00d6ko-Mobilit\u00e4t\"}]},{\"@type\":\"WebSite\",\"@id\":\"https:\/\/petramresort.com\/#website\",\"url\":\"https:\/\/petramresort.com\/\",\"name\":\"Petram Resort &amp; Residences\",\"description\":\"\",\"potentialAction\":[{\"@type\":\"SearchAction\",\"target\":{\"@type\":\"EntryPoint\",\"urlTemplate\":\"https:\/\/petramresort.com\/?s={search_term_string}\"},\"query-input\":{\"@type\":\"PropertyValueSpecification\",\"valueRequired\":true,\"valueName\":\"search_term_string\"}}],\"inLanguage\":\"de\"}]}<\/script>\n<!-- \/ Yoast SEO plugin. -->","yoast_head_json":{"title":"\u00d6ko-Mobilit\u00e4t - Petram Resort &amp; Residences","description":"When designing Petram Resort & Residences, we focused on the future and the ways in which we can make it better. We want to do everything to leave as little carbon footprint as possible.","robots":{"index":"index","follow":"follow","max-snippet":"max-snippet:-1","max-image-preview":"max-image-preview:large","max-video-preview":"max-video-preview:-1"},"canonical":"https:\/\/petramresort.com\/de\/oeko-mobilitaet\/","og_locale":"de_DE","og_type":"article","og_title":"\u00d6ko-Mobilit\u00e4t - Petram Resort &amp; Residences","og_description":"When designing Petram Resort & Residences, we focused on the future and the ways in which we can make it better. We want to do everything to leave as little carbon footprint as possible.","og_url":"https:\/\/petramresort.com\/de\/oeko-mobilitaet\/","og_site_name":"Petram Resort &amp; Residences","article_modified_time":"2025-01-24T15:07:13+00:00","og_image":[{"url":"https:\/\/petramresort.com\/wp-content\/uploads\/2024\/01\/p1.jpg","type":"","width":"","height":""}],"twitter_card":"summary_large_image","twitter_misc":{"Gesch\u00e4tzte Lesezeit":"1\u00a0Minute"},"schema":{"@context":"https:\/\/schema.org","@graph":[{"@type":"WebPage","@id":"https:\/\/petramresort.com\/de\/oeko-mobilitaet\/","url":"https:\/\/petramresort.com\/de\/oeko-mobilitaet\/","name":"\u00d6ko-Mobilit\u00e4t - Petram Resort &amp; Residences","isPartOf":{"@id":"https:\/\/petramresort.com\/#website"},"primaryImageOfPage":{"@id":"https:\/\/petramresort.com\/de\/oeko-mobilitaet\/#primaryimage"},"image":{"@id":"https:\/\/petramresort.com\/de\/oeko-mobilitaet\/#primaryimage"},"thumbnailUrl":"https:\/\/petramresort.com\/wp-content\/uploads\/2024\/01\/p1.jpg","datePublished":"2023-12-12T11:18:43+00:00","dateModified":"2025-01-24T15:07:13+00:00","description":"When designing Petram Resort & Residences, we focused on the future and the ways in which we can make it better. We want to do everything to leave as little carbon footprint as possible.","breadcrumb":{"@id":"https:\/\/petramresort.com\/de\/oeko-mobilitaet\/#breadcrumb"},"inLanguage":"de","potentialAction":[{"@type":"ReadAction","target":["https:\/\/petramresort.com\/de\/oeko-mobilitaet\/"]}]},{"@type":"ImageObject","inLanguage":"de","@id":"https:\/\/petramresort.com\/de\/oeko-mobilitaet\/#primaryimage","url":"https:\/\/petramresort.com\/wp-content\/uploads\/2024\/01\/p1.jpg","contentUrl":"https:\/\/petramresort.com\/wp-content\/uploads\/2024\/01\/p1.jpg"},{"@type":"BreadcrumbList","@id":"https:\/\/petramresort.com\/de\/oeko-mobilitaet\/#breadcrumb","itemListElement":[{"@type":"ListItem","position":1,"name":"Home","item":"https:\/\/petramresort.com\/"},{"@type":"ListItem","position":2,"name":"\u00d6ko-Mobilit\u00e4t"}]},{"@type":"WebSite","@id":"https:\/\/petramresort.com\/#website","url":"https:\/\/petramresort.com\/","name":"Petram Resort &amp; Residences","description":"","potentialAction":[{"@type":"SearchAction","target":{"@type":"EntryPoint","urlTemplate":"https:\/\/petramresort.com\/?s={search_term_string}"},"query-input":{"@type":"PropertyValueSpecification","valueRequired":true,"valueName":"search_term_string"}}],"inLanguage":"de"}]}},"_links":{"self":[{"href":"https:\/\/petramresort.com\/de\/wp-json\/wp\/v2\/pages\/26145","targetHints":{"allow":["GET"]}}],"collection":[{"href":"https:\/\/petramresort.com\/de\/wp-json\/wp\/v2\/pages"}],"about":[{"href":"https:\/\/petramresort.com\/de\/wp-json\/wp\/v2\/types\/page"}],"author":[{"embeddable":true,"href":"https:\/\/petramresort.com\/de\/wp-json\/wp\/v2\/users\/8"}],"replies":[{"embeddable":true,"href":"https:\/\/petramresort.com\/de\/wp-json\/wp\/v2\/comments?post=26145"}],"version-history":[{"count":5,"href":"https:\/\/petramresort.com\/de\/wp-json\/wp\/v2\/pages\/26145\/revisions"}],"predecessor-version":[{"id":26233,"href":"https:\/\/petramresort.com\/de\/wp-json\/wp\/v2\/pages\/26145\/revisions\/26233"}],"wp:attachment":[{"href":"https:\/\/petramresort.com\/de\/wp-json\/wp\/v2\/media?parent=26145"}],"curies":[{"name":"wp","href":"https:\/\/api.w.org\/{rel}","templated":true}]}}