{"id":26109,"date":"2024-10-28T19:54:30","date_gmt":"2024-10-28T19:54:30","guid":{"rendered":"https:\/\/petramresort.com\/?page_id=26109"},"modified":"2026-03-04T12:06:05","modified_gmt":"2026-03-04T12:06:05","slug":"ueber-uns","status":"publish","type":"page","link":"https:\/\/petramresort.com\/de\/ueber-uns\/","title":{"rendered":"\u00dcBER UNS"},"content":{"rendered":"\t\t<div data-elementor-type=\"wp-page\" data-elementor-id=\"26109\" class=\"elementor elementor-26109 elementor-15119\" data-elementor-post-type=\"page\">\n\t\t\t\t<div class=\"elementor-element elementor-element-76d6175 e-con-full e-grid e-con e-parent\" data-id=\"76d6175\" data-element_type=\"container\" data-e-type=\"container\">\n\t\t\t\t<div class=\"elementor-element elementor-element-27075d0 elementor-widget__width-inherit elementor-widget elementor-widget-html\" data-id=\"27075d0\" data-element_type=\"widget\" data-e-type=\"widget\" data-widget_type=\"html.default\">\n\t\t\t\t<div class=\"elementor-widget-container\">\n\t\t\t\t\t<div class=\"main-iframe-video-container\">\n    <iframe\n      id=\"vimeo-player-fullscreen\"\n      frameborder=\"0\"\n      allow=\"autoplay; fullscreen; picture-in-picture;\"\n      title=\"Petram Resort Residences official video II.\"\n      data-ready=\"true\"\n      allowfullscreen\n    >\n    <\/iframe>\n<\/div>\t\t\t\t<\/div>\n\t\t\t\t<\/div>\n\t\t\t\t<\/div>\n\t\t<div class=\"elementor-element elementor-element-b348bf8 e-flex e-con-boxed e-con e-parent\" data-id=\"b348bf8\" data-element_type=\"container\" data-e-type=\"container\" data-settings=\"{&quot;background_background&quot;:&quot;classic&quot;}\">\n\t\t\t\t\t<div class=\"e-con-inner\">\n\t\t\t\t<div data-custom-animations=\"true\" data-ca-options=\"{&quot;addChildTimelines&quot;:false,&quot;trigger&quot;:&quot;firstChild&quot;,&quot;animationTarget&quot;:&quot;:scope &gt; .elementor-widget-container&quot;,&quot;duration&quot;:200,&quot;delay&quot;:20,&quot;ease&quot;:&quot;circ.out&quot;,&quot;initValues&quot;:{&quot;x&quot;:&quot;-10px&quot;,&quot;y&quot;:&quot;30px&quot;,&quot;rotationX&quot;:10,&quot;opacity&quot;:0,&quot;transformOrigin&quot;:&quot;50% 50% 0px&quot;},&quot;animations&quot;:{&quot;x&quot;:&quot;0px&quot;,&quot;y&quot;:&quot;0px&quot;,&quot;rotationX&quot;:0,&quot;opacity&quot;:1,&quot;transformOrigin&quot;:&quot;50% 50% 0px&quot;}}\" class=\"elementor-element elementor-element-30d0c91 elementor-widget__width-initial elementor-widget-mobile__width-inherit elementor-widget elementor-widget-hub_fancy_heading\" data-id=\"30d0c91\" data-element_type=\"widget\" data-e-type=\"widget\" data-widget_type=\"hub_fancy_heading.default\">\n\t\t\t\t<div class=\"elementor-widget-container\">\n\t\t\t\t\t\n\t\t<div id=\"ld-fancy-heading-69e600fbc352f\" class=\"ld-fancy-heading pos-rel\">\n\t\t\t<h2 class=\"ld-fh-element d-inline-block pos-rel  elementor-heading-title lqd-highlight-classic lqd-highlight-grow-left h2\"  > \u00dcber das Resort<\/h2>\t\t<\/div>\n\n\t\t\t\t\t\t<\/div>\n\t\t\t\t<\/div>\n\t\t\t\t<div data-custom-animations=\"true\" data-ca-options=\"{&quot;addChildTimelines&quot;:false,&quot;trigger&quot;:&quot;firstChild&quot;,&quot;animationTarget&quot;:&quot;:scope &gt; .elementor-widget-container&quot;,&quot;duration&quot;:200,&quot;delay&quot;:20,&quot;ease&quot;:&quot;circ.out&quot;,&quot;initValues&quot;:{&quot;x&quot;:&quot;-10px&quot;,&quot;y&quot;:&quot;30px&quot;,&quot;rotationX&quot;:10,&quot;opacity&quot;:0,&quot;transformOrigin&quot;:&quot;50% 50% 0px&quot;},&quot;animations&quot;:{&quot;x&quot;:&quot;0px&quot;,&quot;y&quot;:&quot;0px&quot;,&quot;rotationX&quot;:0,&quot;opacity&quot;:1,&quot;transformOrigin&quot;:&quot;50% 50% 0px&quot;}}\" class=\"elementor-element elementor-element-60b144f elementor-widget__width-initial elementor-widget-mobile__width-inherit elementor-widget elementor-widget-hub_fancy_heading\" data-id=\"60b144f\" data-element_type=\"widget\" data-e-type=\"widget\" data-widget_type=\"hub_fancy_heading.default\">\n\t\t\t\t<div class=\"elementor-widget-container\">\n\t\t\t\t\t\n\t\t<div id=\"ld-fancy-heading-69e600fbc4262\" class=\"ld-fancy-heading pos-rel\">\n\t\t\t<h2 class=\"ld-fh-element d-inline-block pos-rel  elementor-heading-title lqd-highlight-classic lqd-highlight-grow-left h2\"  > Petram Resort &amp; Residences in Savudrija ist ein luxuri\u00f6ser Tourismuskomplex im Nordwesten Istriens, nahe der slowenischen Grenze. Er\u00f6ffnet im Jahr 2023, wurde er entwickelt, um den G\u00e4sten h\u00f6chsten Komfort und Privatsph\u00e4re zu bieten. Das Resort umfasst ger\u00e4umige Villen, Apartments und Wohnungen, von denen viele einen spektakul\u00e4ren Blick auf die Adria bieten.\n\nZu den Annehmlichkeiten geh\u00f6ren Infinity-Pool, Wellnesszentrum, Restaurants mit gehobener Gastronomie, Sport- und Freizeiteinrichtungen sowie exklusive Strandbereiche. Das Resort ist ideal f\u00fcr G\u00e4ste, die Ruhe, Luxus und Privatsph\u00e4re in einer eleganten Umgebung suchen. Die N\u00e4he zu Golfpl\u00e4tzen und renommierten touristischen Attraktionen in Istrien ist ein weiterer Vorteil f\u00fcr Besucher.<\/h2>\t\t<\/div>\n\n\t\t\t\t\t\t<\/div>\n\t\t\t\t<\/div>\n\t\t\t\t\t<\/div>\n\t\t\t\t<\/div>\n\t\t<div class=\"elementor-element elementor-element-c04bd17 e-flex e-con-boxed e-con e-parent\" data-id=\"c04bd17\" data-element_type=\"container\" data-e-type=\"container\" data-settings=\"{&quot;background_background&quot;:&quot;classic&quot;}\">\n\t\t\t\t\t<div class=\"e-con-inner\">\n\t\t<div data-custom-animations=\"true\" data-ca-options=\"{&quot;addChildTimelines&quot;:false,&quot;trigger&quot;:&quot;firstChild&quot;,&quot;animationTarget&quot;:&quot;:scope .e-con-inner &gt; .elementor-element:not(.lqd-exclude-parent-ca) &gt; .elementor-widget-container, :scope .e-con-inner &gt; .elementor-widget-hub_fancy_heading .lqd-split-lines .lqd-lines .split-inner, :scope .e-con-inner &gt; .elementor-widget-hub_fancy_heading .lqd-split-words .lqd-words .split-inner, :scope .e-con-inner &gt; .elementor-widget-hub_fancy_heading .lqd-split-chars .lqd-chars .split-inner, :scope .e-con-inner &gt; .elementor-widget-hub_fancy_heading .lqd-adv-txt-fig, :scope .e-con-inner &gt; .elementor-widget-ld_custom_menu .lqd-fancy-menu &gt; ul &gt; li, :scope .e-con:not([data-parallax]) .elementor-element &gt; .elementor-widget-container, :scope .e-con:not([data-parallax]) .elementor-widget-hub_fancy_heading .lqd-split-lines .lqd-lines .split-inner, :scope .e-con:not([data-parallax]) .elementor-widget-hub_fancy_heading .lqd-split-words .lqd-words .split-inner, :scope .e-con:not([data-parallax]) .elementor-widget-hub_fancy_heading .lqd-split-chars .lqd-chars .split-inner, :scope .e-con:not([data-parallax]) .elementor-widget-ld_custom_menu .lqd-fancy-menu &gt; ul &gt; li&quot;,&quot;duration&quot;:1000,&quot;ease&quot;:[&quot;power4.out&quot;],&quot;initValues&quot;:{&quot;y&quot;:&quot;10px&quot;,&quot;rotationX&quot;:10,&quot;opacity&quot;:0,&quot;transformOrigin&quot;:&quot;50% 50% 0px&quot;},&quot;animations&quot;:{&quot;y&quot;:&quot;0px&quot;,&quot;rotationX&quot;:0,&quot;opacity&quot;:1,&quot;transformOrigin&quot;:&quot;50% 50% 0px&quot;}}\" class=\"elementor-element elementor-element-105d609 e-flex e-con-boxed e-con e-child\" data-id=\"105d609\" data-element_type=\"container\" data-e-type=\"container\">\n\t\t\t\t\t<div class=\"e-con-inner\">\n\t\t\t\t<div class=\"elementor-element elementor-element-3fccf70 elementor-widget elementor-widget-hub_fancy_heading\" data-id=\"3fccf70\" data-element_type=\"widget\" data-e-type=\"widget\" data-widget_type=\"hub_fancy_heading.default\">\n\t\t\t\t<div class=\"elementor-widget-container\">\n\t\t\t\t\t\n\t\t<div id=\"ld-fancy-heading-69e600fbc4ee7\" class=\"ld-fancy-heading pos-rel\">\n\t\t\t<h2 class=\"ld-fh-element d-inline-block pos-rel  elementor-heading-title lqd-highlight-classic lqd-highlight-grow-left h2\"  > MK Group<\/h2>\t\t<\/div>\n\n\t\t\t\t\t\t<\/div>\n\t\t\t\t<\/div>\n\t\t\t\t<div class=\"elementor-element elementor-element-3f3a967 elementor-widget elementor-widget-hub_fancy_heading\" data-id=\"3f3a967\" data-element_type=\"widget\" data-e-type=\"widget\" data-widget_type=\"hub_fancy_heading.default\">\n\t\t\t\t<div class=\"elementor-widget-container\">\n\t\t\t\t\t\n\t\t<div id=\"ld-fancy-heading-69e600fbc5b3a\" class=\"ld-fancy-heading pos-rel\">\n\t\t\t<p class=\"ld-fh-element d-inline-block pos-rel  lqd-highlight-classic lqd-highlight-grow-left p\"  > MK Group ist ein dynamisches Unternehmen, das sich im Bereich Tourismus und Immobilien hervorhebt. Als f\u00fchrendes Unternehmen in der Entwicklung von Luxus-Destinationen konzentriert sich MK Group darauf, einzigartige und unvergessliche Erlebnisse f\u00fcr ihre G\u00e4ste zu schaffen, indem sie hochwertige Hotels, Resorts und Tourismuskomplexe entwickelt. Ihre Expertise im Bereich Immobilien umfasst die Entwicklung moderner und nachhaltiger Projekte, die den zeitgen\u00f6ssischen Marktanforderungen gerecht werden. Mit einem leidenschaftlichen Team, das sich der Innovation und Qualit\u00e4t verschrieben hat, ist MK Group Ihr Partner f\u00fcr Investitionen in und das Genie\u00dfen von Top-Touristenzielen.<\/p>\t\t<\/div>\n\n\t\t\t\t\t\t<\/div>\n\t\t\t\t<\/div>\n\t\t\t\t\t<\/div>\n\t\t\t\t<\/div>\n\t\t\t\t<div class=\"elementor-element elementor-element-6ff78b5 elementor-widget__width-initial elementor-widget elementor-widget-ld_fancy_image\" data-id=\"6ff78b5\" data-element_type=\"widget\" data-e-type=\"widget\" data-widget_type=\"ld_fancy_image.default\">\n\t\t\t\t<div class=\"elementor-widget-container\">\n\t\t\t\t\t\n\t\t<div class=\"lqd-imggrp-single d-block pos-rel \" data-shadow-style=\"3\" data-inview=\"true\" data-animate-shadow=\"true\">\n\t\t\t<div class=\"lqd-imggrp-img-container d-inline-flex pos-rel align-items-center justify-content-center \">\n\t\t\t\t\t\t\t\t<figure class=\"w-100 pos-rel\">\n\t\t\t\t\t<img fetchpriority=\"high\" decoding=\"async\" width=\"678\" height=\"455\" src=\"https:\/\/petramresort.com\/wp-content\/uploads\/2024\/12\/mk_group_logo-1.png\" class=\"attachment-full size-full wp-image-17562\" alt=\"\" srcset=\"https:\/\/petramresort.com\/wp-content\/uploads\/2024\/12\/mk_group_logo-1.png 678w, https:\/\/petramresort.com\/wp-content\/uploads\/2024\/12\/mk_group_logo-1-300x201.png 300w\" sizes=\"(max-width: 678px) 100vw, 678px\" itemprop=\"image\" \/>\t\t\t\t\t\t\t\t\t\t\t\t\t\t\t\t\t\t\t\t\t\t\t\t\t\t\t\t\t<\/figure>\n\t\t\t<\/div>\n\t\t<\/div>\n\n\t\t\t\t\t<\/div>\n\t\t\t\t<\/div>\n\t\t\t\t\t<\/div>\n\t\t\t\t<\/div>\n\t\t<div class=\"elementor-element elementor-element-38d2d6d e-flex e-con-boxed e-con e-parent\" data-id=\"38d2d6d\" data-element_type=\"container\" data-e-type=\"container\" data-settings=\"{&quot;background_background&quot;:&quot;classic&quot;}\">\n\t\t\t\t\t<div class=\"e-con-inner\">\n\t\t<div data-custom-animations=\"true\" data-ca-options=\"{&quot;addChildTimelines&quot;:false,&quot;trigger&quot;:&quot;firstChild&quot;,&quot;animationTarget&quot;:&quot;:scope .e-con-inner &gt; .elementor-element:not(.lqd-exclude-parent-ca) &gt; .elementor-widget-container, :scope .e-con-inner &gt; .elementor-widget-hub_fancy_heading .lqd-split-lines .lqd-lines .split-inner, :scope .e-con-inner &gt; .elementor-widget-hub_fancy_heading .lqd-split-words .lqd-words .split-inner, :scope .e-con-inner &gt; .elementor-widget-hub_fancy_heading .lqd-split-chars .lqd-chars .split-inner, :scope .e-con-inner &gt; .elementor-widget-hub_fancy_heading .lqd-adv-txt-fig, :scope .e-con-inner &gt; .elementor-widget-ld_custom_menu .lqd-fancy-menu &gt; ul &gt; li, :scope .e-con:not([data-parallax]) .elementor-element &gt; .elementor-widget-container, :scope .e-con:not([data-parallax]) .elementor-widget-hub_fancy_heading .lqd-split-lines .lqd-lines .split-inner, :scope .e-con:not([data-parallax]) .elementor-widget-hub_fancy_heading .lqd-split-words .lqd-words .split-inner, :scope .e-con:not([data-parallax]) .elementor-widget-hub_fancy_heading .lqd-split-chars .lqd-chars .split-inner, :scope .e-con:not([data-parallax]) .elementor-widget-ld_custom_menu .lqd-fancy-menu &gt; ul &gt; li&quot;,&quot;duration&quot;:1000,&quot;ease&quot;:[&quot;power4.out&quot;],&quot;initValues&quot;:{&quot;y&quot;:&quot;10px&quot;,&quot;rotationX&quot;:10,&quot;opacity&quot;:0,&quot;transformOrigin&quot;:&quot;50% 50% 0px&quot;},&quot;animations&quot;:{&quot;y&quot;:&quot;0px&quot;,&quot;rotationX&quot;:0,&quot;opacity&quot;:1,&quot;transformOrigin&quot;:&quot;50% 50% 0px&quot;}}\" class=\"elementor-element elementor-element-d8bf03a e-flex e-con-boxed e-con e-child\" data-id=\"d8bf03a\" data-element_type=\"container\" data-e-type=\"container\">\n\t\t\t\t\t<div class=\"e-con-inner\">\n\t\t\t\t<div class=\"elementor-element elementor-element-6950d51 elementor-widget elementor-widget-hub_fancy_heading\" data-id=\"6950d51\" data-element_type=\"widget\" data-e-type=\"widget\" data-widget_type=\"hub_fancy_heading.default\">\n\t\t\t\t<div class=\"elementor-widget-container\">\n\t\t\t\t\t\n\t\t<div id=\"ld-fancy-heading-69e600fbc8ce6\" class=\"ld-fancy-heading pos-rel\">\n\t\t\t<h2 class=\"ld-fh-element d-inline-block pos-rel  elementor-heading-title lqd-highlight-classic lqd-highlight-grow-left h2\"  > Aleksandar Group\n<\/h2>\t\t<\/div>\n\n\t\t\t\t\t\t<\/div>\n\t\t\t\t<\/div>\n\t\t\t\t<div class=\"elementor-element elementor-element-cd5abaf elementor-widget elementor-widget-hub_fancy_heading\" data-id=\"cd5abaf\" data-element_type=\"widget\" data-e-type=\"widget\" data-widget_type=\"hub_fancy_heading.default\">\n\t\t\t\t<div class=\"elementor-widget-container\">\n\t\t\t\t\t\n\t\t<div id=\"ld-fancy-heading-69e600fbc9a84\" class=\"ld-fancy-heading pos-rel\">\n\t\t\t<p class=\"ld-fh-element d-inline-block pos-rel  lqd-highlight-classic lqd-highlight-grow-left p\"  > Aleksandar Group ist ein angesehenes Unternehmen, das auf die Entwicklung von Immobilien und die Bereitstellung umfassender Dienstleistungen im Bausektor spezialisiert ist. Mit langj\u00e4hriger Markterfahrung konzentriert sich das Unternehmen auf den Bau hochwertiger und nachhaltiger Immobilien, die hohe Standards und die Bed\u00fcrfnisse der modernen Nutzer erf\u00fcllen. Ihr Portfolio umfasst Wohn-, Gewerbe- und Industriebauten, und ihr Expertenteam ist in jeder Phase des Gesch\u00e4ftsprozesses auf Innovation und Effizienz ausgerichtet. Mit einer Leidenschaft f\u00fcr Qualit\u00e4t und Professionalit\u00e4t ist die Aleksandar Group ein zuverl\u00e4ssiger Partner bei der Verwirklichung Ihrer Gesch\u00e4fts- und Investitionsziele.<\/p>\t\t<\/div>\n\n\t\t\t\t\t\t<\/div>\n\t\t\t\t<\/div>\n\t\t\t\t\t<\/div>\n\t\t\t\t<\/div>\n\t\t\t\t<div class=\"elementor-element elementor-element-2f7bd91 elementor-widget__width-initial elementor-widget elementor-widget-ld_fancy_image\" data-id=\"2f7bd91\" data-element_type=\"widget\" data-e-type=\"widget\" data-widget_type=\"ld_fancy_image.default\">\n\t\t\t\t<div class=\"elementor-widget-container\">\n\t\t\t\t\t\n\t\t<div class=\"lqd-imggrp-single d-block pos-rel \" data-shadow-style=\"3\" data-inview=\"true\" data-animate-shadow=\"true\">\n\t\t\t<div class=\"lqd-imggrp-img-container d-inline-flex pos-rel align-items-center justify-content-center \">\n\t\t\t\t\t\t\t\t<figure class=\"w-100 pos-rel\">\n\t\t\t\t\t<img decoding=\"async\" width=\"680\" height=\"454\" src=\"data:image\/svg+xml;charset=utf-8,%3Csvg xmlns%3D&#039;http%3A%2F%2Fwww.w3.org%2F2000%2Fsvg&#039; viewBox%3D&#039;0 0 680 454&#039;%2F%3E\" class=\"attachment-full size-full wp-image-17538 ld-lazyload\" alt=\"Petram Resort\" itemprop=\"image\" data-src=\"https:\/\/petramresort.com\/wp-content\/uploads\/2024\/12\/LOGO-ALEKSANDAR-GROUP.png\" data-srcset=\"https:\/\/petramresort.com\/wp-content\/uploads\/2024\/12\/LOGO-ALEKSANDAR-GROUP.png 680w, https:\/\/petramresort.com\/wp-content\/uploads\/2024\/12\/LOGO-ALEKSANDAR-GROUP-300x200.png 300w\" data-sizes=\"(max-width: 680px) 100vw, 680px\" data-aspect=\"1.4977973568282\" \/>\t\t\t\t\t\t\t\t\t\t\t\t\t\t\t\t\t\t\t\t\t\t\t\t\t\t\t\t\t<\/figure>\n\t\t\t<\/div>\n\t\t<\/div>\n\n\t\t\t\t\t<\/div>\n\t\t\t\t<\/div>\n\t\t\t\t\t<\/div>\n\t\t\t\t<\/div>\n\t\t\t\t<\/div>\n\t\t","protected":false},"excerpt":{"rendered":"<p>\u00dcber das Resort Petram Resort &amp; Residences in Savudrija ist ein luxuri\u00f6ser Tourismuskomplex im Nordwesten Istriens, nahe der slowenischen Grenze. Er\u00f6ffnet im Jahr 2023, wurde er entwickelt, um den G\u00e4sten h\u00f6chsten Komfort und Privatsph\u00e4re zu bieten. Das Resort umfasst ger\u00e4umige Villen, Apartments und Wohnungen, von denen viele einen spektakul\u00e4ren Blick auf die Adria bieten. Zu [&hellip;]<\/p>\n","protected":false},"author":8,"featured_media":0,"parent":0,"menu_order":0,"comment_status":"closed","ping_status":"closed","template":"","meta":{"_acf_changed":false,"footnotes":""},"class_list":["post-26109","page","type-page","status-publish","hentry"],"acf":[],"yoast_head":"<!-- This site is optimized with the Yoast SEO plugin v27.0 - https:\/\/yoast.com\/product\/yoast-seo-wordpress\/ -->\n<title>\u00dcBER UNS - Petram Resort &amp; Residences<\/title>\n<meta name=\"description\" content=\"Savudrija, a quiet fishing village in the very north of Croatian Istria, is a carefully guarded secret of the Mediterranean.\" \/>\n<meta name=\"robots\" content=\"index, follow, max-snippet:-1, max-image-preview:large, max-video-preview:-1\" \/>\n<link rel=\"canonical\" href=\"https:\/\/petramresort.com\/about-us\/\" \/>\n<meta property=\"og:locale\" content=\"de_DE\" \/>\n<meta property=\"og:type\" content=\"article\" \/>\n<meta property=\"og:title\" content=\"\u00dcBER UNS - Petram Resort &amp; Residences\" \/>\n<meta property=\"og:description\" content=\"Savudrija, a quiet fishing village in the very north of Croatian Istria, is a carefully guarded secret of the Mediterranean.\" \/>\n<meta property=\"og:url\" content=\"https:\/\/petramresort.com\/about-us\/\" \/>\n<meta property=\"og:site_name\" content=\"Petram Resort &amp; Residences\" \/>\n<meta property=\"article:modified_time\" content=\"2026-03-04T12:06:05+00:00\" \/>\n<meta property=\"og:image\" content=\"https:\/\/petramresort.com\/wp-content\/uploads\/2024\/12\/mk_group_logo-1.png\" \/>\n\t<meta property=\"og:image:width\" content=\"678\" \/>\n\t<meta property=\"og:image:height\" content=\"455\" \/>\n\t<meta property=\"og:image:type\" content=\"image\/png\" \/>\n<meta name=\"twitter:card\" content=\"summary_large_image\" \/>\n<meta name=\"twitter:label1\" content=\"Gesch\u00e4tzte Lesezeit\" \/>\n\t<meta name=\"twitter:data1\" content=\"2\u00a0Minuten\" \/>\n<script type=\"application\/ld+json\" class=\"yoast-schema-graph\">{\"@context\":\"https:\/\/schema.org\",\"@graph\":[{\"@type\":\"WebPage\",\"@id\":\"https:\/\/petramresort.com\/about-us\/\",\"url\":\"https:\/\/petramresort.com\/about-us\/\",\"name\":\"\u00dcBER UNS - Petram Resort &amp; Residences\",\"isPartOf\":{\"@id\":\"https:\/\/petramresort.com\/#website\"},\"primaryImageOfPage\":{\"@id\":\"https:\/\/petramresort.com\/about-us\/#primaryimage\"},\"image\":{\"@id\":\"https:\/\/petramresort.com\/about-us\/#primaryimage\"},\"thumbnailUrl\":\"https:\/\/petramresort.com\/wp-content\/uploads\/2024\/12\/mk_group_logo-1.png\",\"datePublished\":\"2024-10-28T19:54:30+00:00\",\"dateModified\":\"2026-03-04T12:06:05+00:00\",\"description\":\"Savudrija, a quiet fishing village in the very north of Croatian Istria, is a carefully guarded secret of the Mediterranean.\",\"breadcrumb\":{\"@id\":\"https:\/\/petramresort.com\/about-us\/#breadcrumb\"},\"inLanguage\":\"de\",\"potentialAction\":[{\"@type\":\"ReadAction\",\"target\":[\"https:\/\/petramresort.com\/about-us\/\"]}]},{\"@type\":\"ImageObject\",\"inLanguage\":\"de\",\"@id\":\"https:\/\/petramresort.com\/about-us\/#primaryimage\",\"url\":\"https:\/\/petramresort.com\/wp-content\/uploads\/2024\/12\/mk_group_logo-1.png\",\"contentUrl\":\"https:\/\/petramresort.com\/wp-content\/uploads\/2024\/12\/mk_group_logo-1.png\"},{\"@type\":\"BreadcrumbList\",\"@id\":\"https:\/\/petramresort.com\/about-us\/#breadcrumb\",\"itemListElement\":[{\"@type\":\"ListItem\",\"position\":1,\"name\":\"Home\",\"item\":\"https:\/\/petramresort.com\/\"},{\"@type\":\"ListItem\",\"position\":2,\"name\":\"\u00dcBER UNS\"}]},{\"@type\":\"WebSite\",\"@id\":\"https:\/\/petramresort.com\/#website\",\"url\":\"https:\/\/petramresort.com\/\",\"name\":\"Petram Resort &amp; Residences\",\"description\":\"\",\"potentialAction\":[{\"@type\":\"SearchAction\",\"target\":{\"@type\":\"EntryPoint\",\"urlTemplate\":\"https:\/\/petramresort.com\/?s={search_term_string}\"},\"query-input\":{\"@type\":\"PropertyValueSpecification\",\"valueRequired\":true,\"valueName\":\"search_term_string\"}}],\"inLanguage\":\"de\"}]}<\/script>\n<!-- \/ Yoast SEO plugin. -->","yoast_head_json":{"title":"\u00dcBER UNS - Petram Resort &amp; Residences","description":"Savudrija, a quiet fishing village in the very north of Croatian Istria, is a carefully guarded secret of the Mediterranean.","robots":{"index":"index","follow":"follow","max-snippet":"max-snippet:-1","max-image-preview":"max-image-preview:large","max-video-preview":"max-video-preview:-1"},"canonical":"https:\/\/petramresort.com\/about-us\/","og_locale":"de_DE","og_type":"article","og_title":"\u00dcBER UNS - Petram Resort &amp; Residences","og_description":"Savudrija, a quiet fishing village in the very north of Croatian Istria, is a carefully guarded secret of the Mediterranean.","og_url":"https:\/\/petramresort.com\/about-us\/","og_site_name":"Petram Resort &amp; Residences","article_modified_time":"2026-03-04T12:06:05+00:00","og_image":[{"width":678,"height":455,"url":"https:\/\/petramresort.com\/wp-content\/uploads\/2024\/12\/mk_group_logo-1.png","type":"image\/png"}],"twitter_card":"summary_large_image","twitter_misc":{"Gesch\u00e4tzte Lesezeit":"2\u00a0Minuten"},"schema":{"@context":"https:\/\/schema.org","@graph":[{"@type":"WebPage","@id":"https:\/\/petramresort.com\/about-us\/","url":"https:\/\/petramresort.com\/about-us\/","name":"\u00dcBER UNS - Petram Resort &amp; Residences","isPartOf":{"@id":"https:\/\/petramresort.com\/#website"},"primaryImageOfPage":{"@id":"https:\/\/petramresort.com\/about-us\/#primaryimage"},"image":{"@id":"https:\/\/petramresort.com\/about-us\/#primaryimage"},"thumbnailUrl":"https:\/\/petramresort.com\/wp-content\/uploads\/2024\/12\/mk_group_logo-1.png","datePublished":"2024-10-28T19:54:30+00:00","dateModified":"2026-03-04T12:06:05+00:00","description":"Savudrija, a quiet fishing village in the very north of Croatian Istria, is a carefully guarded secret of the Mediterranean.","breadcrumb":{"@id":"https:\/\/petramresort.com\/about-us\/#breadcrumb"},"inLanguage":"de","potentialAction":[{"@type":"ReadAction","target":["https:\/\/petramresort.com\/about-us\/"]}]},{"@type":"ImageObject","inLanguage":"de","@id":"https:\/\/petramresort.com\/about-us\/#primaryimage","url":"https:\/\/petramresort.com\/wp-content\/uploads\/2024\/12\/mk_group_logo-1.png","contentUrl":"https:\/\/petramresort.com\/wp-content\/uploads\/2024\/12\/mk_group_logo-1.png"},{"@type":"BreadcrumbList","@id":"https:\/\/petramresort.com\/about-us\/#breadcrumb","itemListElement":[{"@type":"ListItem","position":1,"name":"Home","item":"https:\/\/petramresort.com\/"},{"@type":"ListItem","position":2,"name":"\u00dcBER UNS"}]},{"@type":"WebSite","@id":"https:\/\/petramresort.com\/#website","url":"https:\/\/petramresort.com\/","name":"Petram Resort &amp; Residences","description":"","potentialAction":[{"@type":"SearchAction","target":{"@type":"EntryPoint","urlTemplate":"https:\/\/petramresort.com\/?s={search_term_string}"},"query-input":{"@type":"PropertyValueSpecification","valueRequired":true,"valueName":"search_term_string"}}],"inLanguage":"de"}]}},"_links":{"self":[{"href":"https:\/\/petramresort.com\/de\/wp-json\/wp\/v2\/pages\/26109","targetHints":{"allow":["GET"]}}],"collection":[{"href":"https:\/\/petramresort.com\/de\/wp-json\/wp\/v2\/pages"}],"about":[{"href":"https:\/\/petramresort.com\/de\/wp-json\/wp\/v2\/types\/page"}],"author":[{"embeddable":true,"href":"https:\/\/petramresort.com\/de\/wp-json\/wp\/v2\/users\/8"}],"replies":[{"embeddable":true,"href":"https:\/\/petramresort.com\/de\/wp-json\/wp\/v2\/comments?post=26109"}],"version-history":[{"count":8,"href":"https:\/\/petramresort.com\/de\/wp-json\/wp\/v2\/pages\/26109\/revisions"}],"predecessor-version":[{"id":35890,"href":"https:\/\/petramresort.com\/de\/wp-json\/wp\/v2\/pages\/26109\/revisions\/35890"}],"wp:attachment":[{"href":"https:\/\/petramresort.com\/de\/wp-json\/wp\/v2\/media?parent=26109"}],"curies":[{"name":"wp","href":"https:\/\/api.w.org\/{rel}","templated":true}]}}